{"id":284,"date":"2025-08-02T10:17:35","date_gmt":"2025-08-02T10:17:35","guid":{"rendered":"https:\/\/lottoloseonline.de\/domov\/"},"modified":"2025-08-02T10:17:35","modified_gmt":"2025-08-02T10:17:35","slug":"domov","status":"publish","type":"page","link":"https:\/\/lottoloseonline.de\/cs\/","title":{"rendered":"Domov"},"content":{"rendered":"<p dir=\"ltr\" style=\"line-height: 1.38; margin-top: 0pt; margin-bottom: 0pt;\">Hran\u00ed v loterii tedy nemus\u00ed b\u00fdt spojov\u00e1no s v\u00e1\u017enost\u00ed a \u00fazkost\u00ed; p\u0159i s\u00e1zen\u00ed se m\u016f\u017eete skute\u010dn\u011b bavit. Existuje n\u011bkolik mezin\u00e1rodn\u00edch loteri\u00ed, kter\u00e9 si m\u016f\u017eete zahr\u00e1t a u\u017e\u00edt si je, ale my jsme si vybrali Powerball kv\u016fli jeho vysok\u00e9mu jackpotu. <a href=\"https:\/\/simbalotto.com\/world-draw-results\/powerball\/\">Powerball je americk\u00e1 loterie<\/a>, kter\u00e1 je obl\u00edben\u00e1 mezi fanou\u0161ky loteri\u00ed, proto\u017ee, ruku na srdce: Jackpoty mohou zm\u011bnit \u017eivot. Pokud hr\u00e1\u010d vyhraje jen zlomek nab\u00edzen\u00e9 ceny, m\u016f\u017ee mu to nav\u017edy zm\u011bnit \u017eivot.<\/p>\n<p><b id=\"docs-internal-guid-a13be314-7fff-43df-75bc-d05c760cb04b\" style=\"font-weight: normal;\"><\/b>Zde je n\u011bkolik zp\u016fsob\u016f, jak se bavit hran\u00edm Powerballu. A pokud se nach\u00e1z\u00edte mimo USA, m\u016f\u017eete s\u00e1zet online na <a href=\"https:\/\/simbalotto.com\">simbalotto.com<\/a>. <\/p>\n<h2><b style=\"font-weight: normal;\">\u00a0<\/b><span style=\"font-size: 11pt; font-family: Arial; color: #000000; background-color: transparent; font-weight: 400; font-style: normal; font-variant: normal; text-decoration: none; vertical-align: baseline; white-space: pre-wrap;\">Vytvo\u0159te loterijn\u00ed syndik\u00e1t<\/span><\/h2>\n<p><b style=\"font-weight: normal;\">\u00a0<\/b><span style=\"font-size: 11pt; font-family: Arial; color: #000000; background-color: transparent; font-weight: 400; font-style: normal; font-variant: normal; text-decoration: none; vertical-align: baseline; white-space: pre-wrap;\">Dobr\u00fdm zp\u016fsobem, jak zv\u00fd\u0161it sv\u00e9 \u0161ance na v\u00fdhru jackpotu, je hr\u00e1t \u010dasto. To m\u016f\u017ee znamenat n\u00e1kup v\u00edce tiket\u016f pro jedno slosov\u00e1n\u00ed a \u00fa\u010dast ve v\u00edce slosov\u00e1n\u00edch. I kdy\u017e to zvy\u0161uje va\u0161e \u0161ance na v\u00fdhru, m\u016f\u017ee to tak\u00e9 vy\u010derpat va\u0161e zdroje a v\u00e9st k obav\u00e1m a \u00fazkosti. Vytvo\u0159te loterijn\u00ed syndik\u00e1t a z\u00edskejte to nejlep\u0161\u00ed z obou sv\u011bt\u016f.<\/span><\/p>\n<p><b style=\"font-weight: normal;\"><\/b>M\u016f\u017eete p\u0159esv\u011bd\u010dit svou rodinu nebo p\u0159\u00e1tele, aby si s v\u00e1mi zahr\u00e1li loterii. Skupina z v\u00e1s m\u016f\u017ee spojit pen\u00edze a koupit <a href=\"https:\/\/simbalotto.com\/world-draw-results\/\">losy<\/a>. Pokud jeden los vyhraje, v\u00fdhru si rozd\u011bl\u00edte.<\/p>\n<p><b style=\"font-weight: normal;\">\u00a0<\/b><\/p>\n<p dir=\"ltr\" style=\"line-height: 1.38; margin-top: 0pt; margin-bottom: 0pt;\"><span style=\"font-size: 11pt; font-family: Arial; color: #000000; background-color: transparent; font-weight: 400; font-style: normal; font-variant: normal; text-decoration: none; vertical-align: baseline; white-space: pre-wrap;\">To zvy\u0161uje nap\u011bt\u00ed a vzru\u0161en\u00ed ze hry a je to skv\u011bl\u00fd zp\u016fsob, jak se pod\u011blit o neuv\u011b\u0159iteln\u00fd z\u00e1\u017eitek.<\/span><\/p>\n<p>&nbsp;<\/p>\n","protected":false},"excerpt":{"rendered":"<p>Hran\u00ed v loterii tedy nemus\u00ed b\u00fdt spojov\u00e1no s v\u00e1\u017enost\u00ed a \u00fazkost\u00ed; p\u0159i s\u00e1zen\u00ed se m\u016f\u017eete skute\u010dn\u011b bavit. Existuje n\u011bkolik mezin\u00e1rodn\u00edch loteri\u00ed, kter\u00e9 si m\u016f\u017eete zahr\u00e1t a u\u017e\u00edt si je, ale my jsme si vybrali Powerball kv\u016fli jeho vysok\u00e9mu jackpotu. Powerball je americk\u00e1 loterie, kter\u00e1 je obl\u00edben\u00e1 mezi fanou\u0161ky loteri\u00ed, proto\u017ee, ruku na srdce: Jackpoty mohou &hellip; <\/p>\n<p class=\"link-more\"><a href=\"https:\/\/lottoloseonline.de\/cs\/\" class=\"more-link\">Read more<span class=\"screen-reader-text\"> &#8222;Domov&#8220;<\/span><\/a><\/p>\n","protected":false},"author":1,"featured_media":0,"parent":0,"menu_order":0,"comment_status":"closed","ping_status":"closed","template":"","meta":{"footnotes":""},"class_list":["post-284","page","type-page","status-publish","hentry"],"yoast_head":"<!-- This site is optimized with the Yoast SEO plugin v25.7 - https:\/\/yoast.com\/wordpress\/plugins\/seo\/ -->\n<title>Z\u00e1bavn\u00fd zp\u016fsob, jak hr\u00e1t Powerball loterii<\/title>\n<meta name=\"robots\" content=\"index, follow, max-snippet:-1, max-image-preview:large, max-video-preview:-1\" \/>\n<link rel=\"canonical\" href=\"https:\/\/lottoloseonline.de\/cs\/\" \/>\n<meta property=\"og:locale\" content=\"cs_CZ\" \/>\n<meta property=\"og:type\" content=\"article\" \/>\n<meta property=\"og:title\" content=\"Z\u00e1bavn\u00fd zp\u016fsob, jak hr\u00e1t Powerball loterii\" \/>\n<meta property=\"og:description\" content=\"Hran\u00ed v loterii tedy nemus\u00ed b\u00fdt spojov\u00e1no s v\u00e1\u017enost\u00ed a \u00fazkost\u00ed; p\u0159i s\u00e1zen\u00ed se m\u016f\u017eete skute\u010dn\u011b bavit. Existuje n\u011bkolik mezin\u00e1rodn\u00edch loteri\u00ed, kter\u00e9 si m\u016f\u017eete zahr\u00e1t a u\u017e\u00edt si je, ale my jsme si vybrali Powerball kv\u016fli jeho vysok\u00e9mu jackpotu. Powerball je americk\u00e1 loterie, kter\u00e1 je obl\u00edben\u00e1 mezi fanou\u0161ky loteri\u00ed, proto\u017ee, ruku na srdce: Jackpoty mohou &hellip; Read more &quot;Domov&quot;\" \/>\n<meta property=\"og:url\" content=\"https:\/\/lottoloseonline.de\/cs\/\" \/>\n<meta name=\"twitter:card\" content=\"summary_large_image\" \/>\n<meta name=\"twitter:label1\" content=\"Odhadovan\u00e1 doba \u010dten\u00ed\" \/>\n\t<meta name=\"twitter:data1\" content=\"1 minuta\" \/>\n<script type=\"application\/ld+json\" class=\"yoast-schema-graph\">{\"@context\":\"https:\/\/schema.org\",\"@graph\":[{\"@type\":\"WebPage\",\"@id\":\"https:\/\/lottoloseonline.de\/cs\/\",\"url\":\"https:\/\/lottoloseonline.de\/cs\/\",\"name\":\"Z\u00e1bavn\u00fd zp\u016fsob, jak hr\u00e1t Powerball loterii\",\"isPartOf\":{\"@id\":\"https:\/\/lottoloseonline.de\/cs\/#website\"},\"datePublished\":\"2025-08-02T10:17:35+00:00\",\"breadcrumb\":{\"@id\":\"https:\/\/lottoloseonline.de\/cs\/#breadcrumb\"},\"inLanguage\":\"cs\",\"potentialAction\":[{\"@type\":\"ReadAction\",\"target\":[\"https:\/\/lottoloseonline.de\/cs\/\"]}]},{\"@type\":\"BreadcrumbList\",\"@id\":\"https:\/\/lottoloseonline.de\/cs\/#breadcrumb\",\"itemListElement\":[{\"@type\":\"ListItem\",\"position\":1,\"name\":\"Home\",\"item\":\"https:\/\/lottoloseonline.de\/cs\/\"},{\"@type\":\"ListItem\",\"position\":2,\"name\":\"Domov\"}]},{\"@type\":\"WebSite\",\"@id\":\"https:\/\/lottoloseonline.de\/cs\/#website\",\"url\":\"https:\/\/lottoloseonline.de\/cs\/\",\"name\":\"\",\"description\":\"\",\"potentialAction\":[{\"@type\":\"SearchAction\",\"target\":{\"@type\":\"EntryPoint\",\"urlTemplate\":\"https:\/\/lottoloseonline.de\/cs\/?s={search_term_string}\"},\"query-input\":{\"@type\":\"PropertyValueSpecification\",\"valueRequired\":true,\"valueName\":\"search_term_string\"}}],\"inLanguage\":\"cs\"}]}<\/script>\n<!-- \/ Yoast SEO plugin. -->","yoast_head_json":{"title":"Z\u00e1bavn\u00fd zp\u016fsob, jak hr\u00e1t Powerball loterii","robots":{"index":"index","follow":"follow","max-snippet":"max-snippet:-1","max-image-preview":"max-image-preview:large","max-video-preview":"max-video-preview:-1"},"canonical":"https:\/\/lottoloseonline.de\/cs\/","og_locale":"cs_CZ","og_type":"article","og_title":"Z\u00e1bavn\u00fd zp\u016fsob, jak hr\u00e1t Powerball loterii","og_description":"Hran\u00ed v loterii tedy nemus\u00ed b\u00fdt spojov\u00e1no s v\u00e1\u017enost\u00ed a \u00fazkost\u00ed; p\u0159i s\u00e1zen\u00ed se m\u016f\u017eete skute\u010dn\u011b bavit. Existuje n\u011bkolik mezin\u00e1rodn\u00edch loteri\u00ed, kter\u00e9 si m\u016f\u017eete zahr\u00e1t a u\u017e\u00edt si je, ale my jsme si vybrali Powerball kv\u016fli jeho vysok\u00e9mu jackpotu. Powerball je americk\u00e1 loterie, kter\u00e1 je obl\u00edben\u00e1 mezi fanou\u0161ky loteri\u00ed, proto\u017ee, ruku na srdce: Jackpoty mohou &hellip; Read more \"Domov\"","og_url":"https:\/\/lottoloseonline.de\/cs\/","twitter_card":"summary_large_image","twitter_misc":{"Odhadovan\u00e1 doba \u010dten\u00ed":"1 minuta"},"schema":{"@context":"https:\/\/schema.org","@graph":[{"@type":"WebPage","@id":"https:\/\/lottoloseonline.de\/cs\/","url":"https:\/\/lottoloseonline.de\/cs\/","name":"Z\u00e1bavn\u00fd zp\u016fsob, jak hr\u00e1t Powerball loterii","isPartOf":{"@id":"https:\/\/lottoloseonline.de\/cs\/#website"},"datePublished":"2025-08-02T10:17:35+00:00","breadcrumb":{"@id":"https:\/\/lottoloseonline.de\/cs\/#breadcrumb"},"inLanguage":"cs","potentialAction":[{"@type":"ReadAction","target":["https:\/\/lottoloseonline.de\/cs\/"]}]},{"@type":"BreadcrumbList","@id":"https:\/\/lottoloseonline.de\/cs\/#breadcrumb","itemListElement":[{"@type":"ListItem","position":1,"name":"Home","item":"https:\/\/lottoloseonline.de\/cs\/"},{"@type":"ListItem","position":2,"name":"Domov"}]},{"@type":"WebSite","@id":"https:\/\/lottoloseonline.de\/cs\/#website","url":"https:\/\/lottoloseonline.de\/cs\/","name":"","description":"","potentialAction":[{"@type":"SearchAction","target":{"@type":"EntryPoint","urlTemplate":"https:\/\/lottoloseonline.de\/cs\/?s={search_term_string}"},"query-input":{"@type":"PropertyValueSpecification","valueRequired":true,"valueName":"search_term_string"}}],"inLanguage":"cs"}]}},"_links":{"self":[{"href":"https:\/\/lottoloseonline.de\/cs\/wp-json\/wp\/v2\/pages\/284","targetHints":{"allow":["GET"]}}],"collection":[{"href":"https:\/\/lottoloseonline.de\/cs\/wp-json\/wp\/v2\/pages"}],"about":[{"href":"https:\/\/lottoloseonline.de\/cs\/wp-json\/wp\/v2\/types\/page"}],"author":[{"embeddable":true,"href":"https:\/\/lottoloseonline.de\/cs\/wp-json\/wp\/v2\/users\/1"}],"replies":[{"embeddable":true,"href":"https:\/\/lottoloseonline.de\/cs\/wp-json\/wp\/v2\/comments?post=284"}],"version-history":[{"count":0,"href":"https:\/\/lottoloseonline.de\/cs\/wp-json\/wp\/v2\/pages\/284\/revisions"}],"wp:attachment":[{"href":"https:\/\/lottoloseonline.de\/cs\/wp-json\/wp\/v2\/media?parent=284"}],"curies":[{"name":"wp","href":"https:\/\/api.w.org\/{rel}","templated":true}]}}