{"id":276,"date":"2025-08-02T10:17:35","date_gmt":"2025-08-02T10:17:35","guid":{"rendered":"https:\/\/lottoloseonline.de\/hjem\/"},"modified":"2025-08-02T10:17:35","modified_gmt":"2025-08-02T10:17:35","slug":"hjem","status":"publish","type":"page","link":"https:\/\/lottoloseonline.de\/da\/","title":{"rendered":"Hjem"},"content":{"rendered":"<p dir=\"ltr\" style=\"line-height: 1.38; margin-top: 0pt; margin-bottom: 0pt;\">S\u00e5 det at spille lotto beh\u00f8ver ikke at v\u00e6re forbundet med alvor og angst; du kan faktisk have det sjovt, mens du spiller. Der er flere internationale lotterier, du kan spille og nyde, men vi v\u00e6lger Powerball p\u00e5 grund af dets h\u00f8je jackpot. <a href=\"https:\/\/simbalotto.com\/world-draw-results\/powerball\/\">Powerball er et amerikansk lotteri<\/a>, der er popul\u00e6rt blandt lottofans, fordi, lad os se det i \u00f8jnene: Jackpotsene kan v\u00e6re livs\u00e6ndrende. Hvis en spiller vinder bare en br\u00f8kdel af den tilbudte pr\u00e6mie, kan det \u00e6ndre deres liv for altid.<\/p>\n<p><b id=\"docs-internal-guid-a13be314-7fff-43df-75bc-d05c760cb04b\" style=\"font-weight: normal;\">\u00a0<\/b>Her er nogle m\u00e5der at have det sjovt med at spille Powerball. Og hvis du er uden for USA, kan du placere dine v\u00e6ddem\u00e5l online p\u00e5 <a href=\"https:\/\/simbalotto.com\">simbalotto.com<\/a>. <\/p>\n<h2><b style=\"font-weight: normal;\">\u00a0<\/b><span style=\"font-size: 11pt; font-family: Arial; color: #000000; background-color: transparent; font-weight: 400; font-style: normal; font-variant: normal; text-decoration: none; vertical-align: baseline; white-space: pre-wrap;\">Opret et lotterisyndikat<\/span><\/h2>\n<p><b style=\"font-weight: normal;\">\u00a0<\/b><span style=\"font-size: 11pt; font-family: Arial; color: #000000; background-color: transparent; font-weight: 400; font-style: normal; font-variant: normal; text-decoration: none; vertical-align: baseline; white-space: pre-wrap;\">En god m\u00e5de at \u00f8ge dine chancer for at vinde jackpotten p\u00e5 er at spille ofte. Dette kan betyde at k\u00f8be flere lodder til \u00e9n tr\u00e6kning og deltage i flere tr\u00e6kninger. Selvom dette \u00f8ger dine chancer for at vinde, kan det ogs\u00e5 dr\u00e6ne dine ressourcer og f\u00f8re til bekymring og angst. Dan et lotterisyndikat og f\u00e5 det bedste fra begge verdener.<\/span><\/p>\n<p><b style=\"font-weight: normal;\">\u00a0<\/b>Du kan overtale din familie eller venner til at spille i lotto med dig. En gruppe af jer kan samle penge for at k\u00f8be <a href=\"https:\/\/simbalotto.com\/world-draw-results\/\">kuponer<\/a>. Hvis \u00e9n kupon vinder, deler I gevinsten.<\/p>\n<p><b style=\"font-weight: normal;\">\u00a0<\/b><\/p>\n<p dir=\"ltr\" style=\"line-height: 1.38; margin-top: 0pt; margin-bottom: 0pt;\"><span style=\"font-size: 11pt; font-family: Arial; color: #000000; background-color: transparent; font-weight: 400; font-style: normal; font-variant: normal; text-decoration: none; vertical-align: baseline; white-space: pre-wrap;\">Dette \u00f8ger sp\u00e6ndingen og begejstringen i spillet og er en fantastisk m\u00e5de at dele en utrolig oplevelse p\u00e5.<\/span><\/p>\n","protected":false},"excerpt":{"rendered":"<p>S\u00e5 det at spille lotto beh\u00f8ver ikke at v\u00e6re forbundet med alvor og angst; du kan faktisk have det sjovt, mens du spiller. Der er flere internationale lotterier, du kan spille og nyde, men vi v\u00e6lger Powerball p\u00e5 grund af dets h\u00f8je jackpot. Powerball er et amerikansk lotteri, der er popul\u00e6rt blandt lottofans, fordi, lad &hellip; <\/p>\n<p class=\"link-more\"><a href=\"https:\/\/lottoloseonline.de\/da\/\" class=\"more-link\">L\u00e6s mere<span class=\"screen-reader-text\"> \u201cHjem\u201d<\/span><\/a><\/p>\n","protected":false},"author":1,"featured_media":0,"parent":0,"menu_order":0,"comment_status":"closed","ping_status":"closed","template":"","meta":{"footnotes":""},"class_list":["post-276","page","type-page","status-publish","hentry"],"yoast_head":"<!-- This site is optimized with the Yoast SEO plugin v25.7 - https:\/\/yoast.com\/wordpress\/plugins\/seo\/ -->\n<title>En sjov m\u00e5de at spille Powerball-lotteri p\u00e5<\/title>\n<meta name=\"robots\" content=\"index, follow, max-snippet:-1, max-image-preview:large, max-video-preview:-1\" \/>\n<link rel=\"canonical\" href=\"https:\/\/lottoloseonline.de\/da\/\" \/>\n<meta property=\"og:locale\" content=\"da_DK\" \/>\n<meta property=\"og:type\" content=\"article\" \/>\n<meta property=\"og:title\" content=\"En sjov m\u00e5de at spille Powerball-lotteri p\u00e5\" \/>\n<meta property=\"og:description\" content=\"S\u00e5 det at spille lotto beh\u00f8ver ikke at v\u00e6re forbundet med alvor og angst; du kan faktisk have det sjovt, mens du spiller. Der er flere internationale lotterier, du kan spille og nyde, men vi v\u00e6lger Powerball p\u00e5 grund af dets h\u00f8je jackpot. Powerball er et amerikansk lotteri, der er popul\u00e6rt blandt lottofans, fordi, lad &hellip; L\u00e6s mere \u201cHjem\u201d\" \/>\n<meta property=\"og:url\" content=\"https:\/\/lottoloseonline.de\/da\/\" \/>\n<meta name=\"twitter:card\" content=\"summary_large_image\" \/>\n<meta name=\"twitter:label1\" content=\"Estimeret l\u00e6setid\" \/>\n\t<meta name=\"twitter:data1\" content=\"1 minut\" \/>\n<script type=\"application\/ld+json\" class=\"yoast-schema-graph\">{\"@context\":\"https:\/\/schema.org\",\"@graph\":[{\"@type\":\"WebPage\",\"@id\":\"https:\/\/lottoloseonline.de\/da\/\",\"url\":\"https:\/\/lottoloseonline.de\/da\/\",\"name\":\"En sjov m\u00e5de at spille Powerball-lotteri p\u00e5\",\"isPartOf\":{\"@id\":\"https:\/\/lottoloseonline.de\/da\/#website\"},\"datePublished\":\"2025-08-02T10:17:35+00:00\",\"breadcrumb\":{\"@id\":\"https:\/\/lottoloseonline.de\/da\/#breadcrumb\"},\"inLanguage\":\"da-DK\",\"potentialAction\":[{\"@type\":\"ReadAction\",\"target\":[\"https:\/\/lottoloseonline.de\/da\/\"]}]},{\"@type\":\"BreadcrumbList\",\"@id\":\"https:\/\/lottoloseonline.de\/da\/#breadcrumb\",\"itemListElement\":[{\"@type\":\"ListItem\",\"position\":1,\"name\":\"Home\",\"item\":\"https:\/\/lottoloseonline.de\/da\/\"},{\"@type\":\"ListItem\",\"position\":2,\"name\":\"Hjem\"}]},{\"@type\":\"WebSite\",\"@id\":\"https:\/\/lottoloseonline.de\/da\/#website\",\"url\":\"https:\/\/lottoloseonline.de\/da\/\",\"name\":\"\",\"description\":\"\",\"potentialAction\":[{\"@type\":\"SearchAction\",\"target\":{\"@type\":\"EntryPoint\",\"urlTemplate\":\"https:\/\/lottoloseonline.de\/da\/?s={search_term_string}\"},\"query-input\":{\"@type\":\"PropertyValueSpecification\",\"valueRequired\":true,\"valueName\":\"search_term_string\"}}],\"inLanguage\":\"da-DK\"}]}<\/script>\n<!-- \/ Yoast SEO plugin. -->","yoast_head_json":{"title":"En sjov m\u00e5de at spille Powerball-lotteri p\u00e5","robots":{"index":"index","follow":"follow","max-snippet":"max-snippet:-1","max-image-preview":"max-image-preview:large","max-video-preview":"max-video-preview:-1"},"canonical":"https:\/\/lottoloseonline.de\/da\/","og_locale":"da_DK","og_type":"article","og_title":"En sjov m\u00e5de at spille Powerball-lotteri p\u00e5","og_description":"S\u00e5 det at spille lotto beh\u00f8ver ikke at v\u00e6re forbundet med alvor og angst; du kan faktisk have det sjovt, mens du spiller. Der er flere internationale lotterier, du kan spille og nyde, men vi v\u00e6lger Powerball p\u00e5 grund af dets h\u00f8je jackpot. Powerball er et amerikansk lotteri, der er popul\u00e6rt blandt lottofans, fordi, lad &hellip; L\u00e6s mere \u201cHjem\u201d","og_url":"https:\/\/lottoloseonline.de\/da\/","twitter_card":"summary_large_image","twitter_misc":{"Estimeret l\u00e6setid":"1 minut"},"schema":{"@context":"https:\/\/schema.org","@graph":[{"@type":"WebPage","@id":"https:\/\/lottoloseonline.de\/da\/","url":"https:\/\/lottoloseonline.de\/da\/","name":"En sjov m\u00e5de at spille Powerball-lotteri p\u00e5","isPartOf":{"@id":"https:\/\/lottoloseonline.de\/da\/#website"},"datePublished":"2025-08-02T10:17:35+00:00","breadcrumb":{"@id":"https:\/\/lottoloseonline.de\/da\/#breadcrumb"},"inLanguage":"da-DK","potentialAction":[{"@type":"ReadAction","target":["https:\/\/lottoloseonline.de\/da\/"]}]},{"@type":"BreadcrumbList","@id":"https:\/\/lottoloseonline.de\/da\/#breadcrumb","itemListElement":[{"@type":"ListItem","position":1,"name":"Home","item":"https:\/\/lottoloseonline.de\/da\/"},{"@type":"ListItem","position":2,"name":"Hjem"}]},{"@type":"WebSite","@id":"https:\/\/lottoloseonline.de\/da\/#website","url":"https:\/\/lottoloseonline.de\/da\/","name":"","description":"","potentialAction":[{"@type":"SearchAction","target":{"@type":"EntryPoint","urlTemplate":"https:\/\/lottoloseonline.de\/da\/?s={search_term_string}"},"query-input":{"@type":"PropertyValueSpecification","valueRequired":true,"valueName":"search_term_string"}}],"inLanguage":"da-DK"}]}},"_links":{"self":[{"href":"https:\/\/lottoloseonline.de\/da\/wp-json\/wp\/v2\/pages\/276","targetHints":{"allow":["GET"]}}],"collection":[{"href":"https:\/\/lottoloseonline.de\/da\/wp-json\/wp\/v2\/pages"}],"about":[{"href":"https:\/\/lottoloseonline.de\/da\/wp-json\/wp\/v2\/types\/page"}],"author":[{"embeddable":true,"href":"https:\/\/lottoloseonline.de\/da\/wp-json\/wp\/v2\/users\/1"}],"replies":[{"embeddable":true,"href":"https:\/\/lottoloseonline.de\/da\/wp-json\/wp\/v2\/comments?post=276"}],"version-history":[{"count":0,"href":"https:\/\/lottoloseonline.de\/da\/wp-json\/wp\/v2\/pages\/276\/revisions"}],"wp:attachment":[{"href":"https:\/\/lottoloseonline.de\/da\/wp-json\/wp\/v2\/media?parent=276"}],"curies":[{"name":"wp","href":"https:\/\/api.w.org\/{rel}","templated":true}]}}