{"id":282,"date":"2025-08-02T10:17:35","date_gmt":"2025-08-02T10:17:35","guid":{"rendered":"https:\/\/lottoloseonline.de\/hogar\/"},"modified":"2025-08-02T10:17:35","modified_gmt":"2025-08-02T10:17:35","slug":"hogar","status":"publish","type":"page","link":"https:\/\/lottoloseonline.de\/es\/","title":{"rendered":"Hogar"},"content":{"rendered":"<p dir=\"ltr\" style=\"line-height: 1.38; margin-top: 0pt; margin-bottom: 0pt;\">Jugar a la loter\u00eda no tiene por qu\u00e9 estar asociado con la seriedad y la ansiedad; de hecho, puedes divertirte mientras apuestas. Hay varias loter\u00edas internacionales que puedes jugar y disfrutar, pero elegimos Powerball por su alto premio mayor. <a href=\"https:\/\/simbalotto.com\/world-draw-results\/powerball\/\">Powerball es una loter\u00eda estadounidense<\/a> popular entre los aficionados porque, seamos sinceros: los premios mayores pueden cambiar la vida. Si un jugador gana solo una fracci\u00f3n del premio ofrecido, podr\u00eda cambiar su vida para siempre.<\/p>\n<p><b id=\"docs-internal-guid-a13be314-7fff-43df-75bc-d05c760cb04b\" style=\"font-weight: normal;\">\u00a0<\/b>Aqu\u00ed tienes algunas maneras de divertirte jugando al Powerball. Y si est\u00e1s fuera de EE. UU., puedes apostar en l\u00ednea en <a href=\"https:\/\/simbalotto.com\">simbalotto.com<\/a>.<\/p>\n<h2><b style=\"font-weight: normal;\">\u00a0<\/b><span style=\"font-size: 11pt; font-family: Arial; color: #000000; background-color: transparent; font-weight: 400; font-style: normal; font-variant: normal; text-decoration: none; vertical-align: baseline; white-space: pre-wrap;\">Formar un sindicato de loter\u00eda<\/span><\/h2>\n<p><b style=\"font-weight: normal;\">\u00a0<\/b><span style=\"font-size: 11pt; font-family: Arial; color: #000000; background-color: transparent; font-weight: 400; font-style: normal; font-variant: normal; text-decoration: none; vertical-align: baseline; white-space: pre-wrap;\">Una buena manera de aumentar tus posibilidades de ganar el premio gordo es jugar con frecuencia. Esto puede implicar comprar varios boletos para un sorteo y participar en varios. Si bien esto aumenta tus posibilidades de ganar, tambi\u00e9n puede agotar tus recursos y generar preocupaci\u00f3n y ansiedad. Forma un sindicato de loter\u00eda y disfruta de lo mejor de ambos mundos.<\/p>\n<p><b style=\"font-weight: normal;\">\u00a0<\/b>Puedes convencer a tu familia o amigos para que jueguen a la loter\u00eda contigo. Pueden juntar dinero para comprar <a href=\"https:\/\/simbalotto.com\/world-draw-results\/\">boletos<\/a>. Si un boleto gana, comparten las ganancias.<\/p>\n<p><b style=\"font-weight: normal;\">\u00a0<\/b><\/p>\n<p dir=\"ltr\" style=\"line-height: 1.38; margin-top: 0pt; margin-bottom: 0pt;\"><span style=\"font-size: 11pt; font-family: Arial; color: #000000; background-color: transparent; font-weight: 400; font-style: normal; font-variant: normal; text-decoration: none; vertical-align: baseline; white-space: pre-wrap;\">Esto aumenta la emoci\u00f3n del juego y es una excelente manera de compartir una experiencia incre\u00edble.<\/span><\/p>\n<p>&nbsp;<\/p>\n","protected":false},"excerpt":{"rendered":"<p>Jugar a la loter\u00eda no tiene por qu\u00e9 estar asociado con la seriedad y la ansiedad; de hecho, puedes divertirte mientras apuestas. Hay varias loter\u00edas internacionales que puedes jugar y disfrutar, pero elegimos Powerball por su alto premio mayor. Powerball es una loter\u00eda estadounidense popular entre los aficionados porque, seamos sinceros: los premios mayores pueden &hellip; <\/p>\n<p class=\"link-more\"><a href=\"https:\/\/lottoloseonline.de\/es\/\" class=\"more-link\">Leer m\u00e1s<span class=\"screen-reader-text\"> \u00abHogar\u00bb<\/span><\/a><\/p>\n","protected":false},"author":1,"featured_media":0,"parent":0,"menu_order":0,"comment_status":"closed","ping_status":"closed","template":"","meta":{"footnotes":""},"class_list":["post-282","page","type-page","status-publish","hentry"],"yoast_head":"<!-- This site is optimized with the Yoast SEO plugin v25.7 - https:\/\/yoast.com\/wordpress\/plugins\/seo\/ -->\n<title>Una forma divertida de jugar a la loter\u00eda Powerball<\/title>\n<meta name=\"robots\" content=\"index, follow, max-snippet:-1, max-image-preview:large, max-video-preview:-1\" \/>\n<link rel=\"canonical\" href=\"https:\/\/lottoloseonline.de\/es\/\" \/>\n<meta property=\"og:locale\" content=\"es_ES\" \/>\n<meta property=\"og:type\" content=\"article\" \/>\n<meta property=\"og:title\" content=\"Una forma divertida de jugar a la loter\u00eda Powerball\" \/>\n<meta property=\"og:description\" content=\"Jugar a la loter\u00eda no tiene por qu\u00e9 estar asociado con la seriedad y la ansiedad; de hecho, puedes divertirte mientras apuestas. Hay varias loter\u00edas internacionales que puedes jugar y disfrutar, pero elegimos Powerball por su alto premio mayor. Powerball es una loter\u00eda estadounidense popular entre los aficionados porque, seamos sinceros: los premios mayores pueden &hellip; Leer m\u00e1s \u00abHogar\u00bb\" \/>\n<meta property=\"og:url\" content=\"https:\/\/lottoloseonline.de\/es\/\" \/>\n<meta name=\"twitter:card\" content=\"summary_large_image\" \/>\n<meta name=\"twitter:label1\" content=\"Tiempo de lectura\" \/>\n\t<meta name=\"twitter:data1\" content=\"1 minuto\" \/>\n<script type=\"application\/ld+json\" class=\"yoast-schema-graph\">{\"@context\":\"https:\/\/schema.org\",\"@graph\":[{\"@type\":\"WebPage\",\"@id\":\"https:\/\/lottoloseonline.de\/es\/\",\"url\":\"https:\/\/lottoloseonline.de\/es\/\",\"name\":\"Una forma divertida de jugar a la loter\u00eda Powerball\",\"isPartOf\":{\"@id\":\"https:\/\/lottoloseonline.de\/es\/#website\"},\"datePublished\":\"2025-08-02T10:17:35+00:00\",\"breadcrumb\":{\"@id\":\"https:\/\/lottoloseonline.de\/es\/#breadcrumb\"},\"inLanguage\":\"es\",\"potentialAction\":[{\"@type\":\"ReadAction\",\"target\":[\"https:\/\/lottoloseonline.de\/es\/\"]}]},{\"@type\":\"BreadcrumbList\",\"@id\":\"https:\/\/lottoloseonline.de\/es\/#breadcrumb\",\"itemListElement\":[{\"@type\":\"ListItem\",\"position\":1,\"name\":\"Home\",\"item\":\"https:\/\/lottoloseonline.de\/es\/\"},{\"@type\":\"ListItem\",\"position\":2,\"name\":\"Hogar\"}]},{\"@type\":\"WebSite\",\"@id\":\"https:\/\/lottoloseonline.de\/es\/#website\",\"url\":\"https:\/\/lottoloseonline.de\/es\/\",\"name\":\"\",\"description\":\"\",\"potentialAction\":[{\"@type\":\"SearchAction\",\"target\":{\"@type\":\"EntryPoint\",\"urlTemplate\":\"https:\/\/lottoloseonline.de\/es\/?s={search_term_string}\"},\"query-input\":{\"@type\":\"PropertyValueSpecification\",\"valueRequired\":true,\"valueName\":\"search_term_string\"}}],\"inLanguage\":\"es\"}]}<\/script>\n<!-- \/ Yoast SEO plugin. -->","yoast_head_json":{"title":"Una forma divertida de jugar a la loter\u00eda Powerball","robots":{"index":"index","follow":"follow","max-snippet":"max-snippet:-1","max-image-preview":"max-image-preview:large","max-video-preview":"max-video-preview:-1"},"canonical":"https:\/\/lottoloseonline.de\/es\/","og_locale":"es_ES","og_type":"article","og_title":"Una forma divertida de jugar a la loter\u00eda Powerball","og_description":"Jugar a la loter\u00eda no tiene por qu\u00e9 estar asociado con la seriedad y la ansiedad; de hecho, puedes divertirte mientras apuestas. Hay varias loter\u00edas internacionales que puedes jugar y disfrutar, pero elegimos Powerball por su alto premio mayor. Powerball es una loter\u00eda estadounidense popular entre los aficionados porque, seamos sinceros: los premios mayores pueden &hellip; Leer m\u00e1s \u00abHogar\u00bb","og_url":"https:\/\/lottoloseonline.de\/es\/","twitter_card":"summary_large_image","twitter_misc":{"Tiempo de lectura":"1 minuto"},"schema":{"@context":"https:\/\/schema.org","@graph":[{"@type":"WebPage","@id":"https:\/\/lottoloseonline.de\/es\/","url":"https:\/\/lottoloseonline.de\/es\/","name":"Una forma divertida de jugar a la loter\u00eda Powerball","isPartOf":{"@id":"https:\/\/lottoloseonline.de\/es\/#website"},"datePublished":"2025-08-02T10:17:35+00:00","breadcrumb":{"@id":"https:\/\/lottoloseonline.de\/es\/#breadcrumb"},"inLanguage":"es","potentialAction":[{"@type":"ReadAction","target":["https:\/\/lottoloseonline.de\/es\/"]}]},{"@type":"BreadcrumbList","@id":"https:\/\/lottoloseonline.de\/es\/#breadcrumb","itemListElement":[{"@type":"ListItem","position":1,"name":"Home","item":"https:\/\/lottoloseonline.de\/es\/"},{"@type":"ListItem","position":2,"name":"Hogar"}]},{"@type":"WebSite","@id":"https:\/\/lottoloseonline.de\/es\/#website","url":"https:\/\/lottoloseonline.de\/es\/","name":"","description":"","potentialAction":[{"@type":"SearchAction","target":{"@type":"EntryPoint","urlTemplate":"https:\/\/lottoloseonline.de\/es\/?s={search_term_string}"},"query-input":{"@type":"PropertyValueSpecification","valueRequired":true,"valueName":"search_term_string"}}],"inLanguage":"es"}]}},"_links":{"self":[{"href":"https:\/\/lottoloseonline.de\/es\/wp-json\/wp\/v2\/pages\/282","targetHints":{"allow":["GET"]}}],"collection":[{"href":"https:\/\/lottoloseonline.de\/es\/wp-json\/wp\/v2\/pages"}],"about":[{"href":"https:\/\/lottoloseonline.de\/es\/wp-json\/wp\/v2\/types\/page"}],"author":[{"embeddable":true,"href":"https:\/\/lottoloseonline.de\/es\/wp-json\/wp\/v2\/users\/1"}],"replies":[{"embeddable":true,"href":"https:\/\/lottoloseonline.de\/es\/wp-json\/wp\/v2\/comments?post=282"}],"version-history":[{"count":0,"href":"https:\/\/lottoloseonline.de\/es\/wp-json\/wp\/v2\/pages\/282\/revisions"}],"wp:attachment":[{"href":"https:\/\/lottoloseonline.de\/es\/wp-json\/wp\/v2\/media?parent=282"}],"curies":[{"name":"wp","href":"https:\/\/api.w.org\/{rel}","templated":true}]}}