{"id":286,"date":"2025-08-02T10:17:35","date_gmt":"2025-08-02T10:17:35","guid":{"rendered":"https:\/\/lottoloseonline.de\/avaleht\/"},"modified":"2025-08-02T10:17:35","modified_gmt":"2025-08-02T10:17:35","slug":"avaleht","status":"publish","type":"page","link":"https:\/\/lottoloseonline.de\/et\/","title":{"rendered":"Avaleht"},"content":{"rendered":"<p dir=\"ltr\" style=\"line-height: 1.38; margin-top: 0pt; margin-bottom: 0pt;\">Seega ei pea loterii m\u00e4ngimine olema seotud t\u00f5siduse ja \u00e4revusega; panustamise ajal saab tegelikult l\u00f5butseda. Saadaval on mitu rahvusvahelist loteriid, mida saab m\u00e4ngida ja nautida, kuid meie valime Powerballi selle suure jackpoti t\u00f5ttu. <a href=\"https:\/\/simbalotto.com\/world-draw-results\/powerball\/\">Powerball on USA loterii<\/a>, mis on lotof\u00e4nnide seas populaarne, sest olgem ausad: jackpotid v\u00f5ivad olla elumuutvad. Kui m\u00e4ngija v\u00f5idab vaid murdosa pakutavast auhinnast, v\u00f5ib see tema elu igaveseks muuta.<\/p>\n<p><b id=\"docs-internal-guid-a13be314-7fff-43df-75bc-d05c760cb04b\" style=\"font-weight: normal;\"><\/b>Siin on m\u00f5ned viisid, kuidas Powerballi m\u00e4ngimist l\u00f5butseda. Ja kui asute v\u00e4ljaspool USA-d, saate oma panuseid teha veebis aadressil <a href=\"https:\/\/simbalotto.com\">simbalotto.com<\/a>. <\/p>\n<h2><b style=\"font-weight: normal;\"><\/b><span style=\"font-size: 11pt; font-family: Arial; color: #000000; background-color: transparent; font-weight: 400; font-style: normal; font-variant: normal; text-decoration: none; vertical-align: baseline; white-space: pre-wrap;\">Moodusta loteriis\u00fcndikaat<\/span><\/h2>\n<p><b style=\"font-weight: normal;\"><\/b><span style=\"font-size: 11pt; font-family: Arial; color: #000000; background-color: transparent; font-weight: 400; font-style: normal; font-variant: normal; text-decoration: none; vertical-align: baseline; white-space: pre-wrap;\">Hea viis jackpoti v\u00f5itmise v\u00f5imaluste suurendamiseks on sageli m\u00e4ngida. See v\u00f5ib t\u00e4hendada mitme pileti ostmist \u00fche loosimise jaoks ja mitmel loosimisel osalemist. Kuigi see suurendab teie v\u00f5iduv\u00f5imalusi, v\u00f5ib see ka teie ressursse kurnata ning tekitada muret ja \u00e4revust. Moodustage loteriis\u00fcndikaat ja saage parim m\u00f5lemast maailmast.<\/span><\/p>\n<p><b style=\"font-weight: normal;\"><\/b>V\u00f5ite veenda oma perekonda v\u00f5i s\u00f5pru teiega loteriid m\u00e4ngima. Teie grupp saab kokku panna raha <a href=\"https:\/\/simbalotto.com\/world-draw-results\/\">piletite<\/a> ostmiseks. Kui \u00fcks pilet v\u00f5idab, jagate v\u00f5idu.<\/p>\n<p><b style=\"font-weight: normal;\"><\/b><\/p>\n<p dir=\"ltr\" style=\"line-height: 1.38; margin-top: 0pt; margin-bottom: 0pt;\"><span style=\"font-size: 11pt; font-family: Arial; color: #000000; background-color: transparent; font-weight: 400; font-style: normal; font-variant: normal; text-decoration: none; vertical-align: baseline; white-space: pre-wrap;\">See suurendab m\u00e4ngu p\u00f5nevust ja elevust ning on suurep\u00e4rane viis uskumatu kogemuse jagamiseks.<\/span><\/p>\n<p>&nbsp;<\/p>\n","protected":false},"excerpt":{"rendered":"<p>Seega ei pea loterii m\u00e4ngimine olema seotud t\u00f5siduse ja \u00e4revusega; panustamise ajal saab tegelikult l\u00f5butseda. Saadaval on mitu rahvusvahelist loteriid, mida saab m\u00e4ngida ja nautida, kuid meie valime Powerballi selle suure jackpoti t\u00f5ttu. Powerball on USA loterii, mis on lotof\u00e4nnide seas populaarne, sest olgem ausad: jackpotid v\u00f5ivad olla elumuutvad. Kui m\u00e4ngija v\u00f5idab vaid murdosa pakutavast &hellip; <\/p>\n<p class=\"link-more\"><a href=\"https:\/\/lottoloseonline.de\/et\/\" class=\"more-link\">Read more<span class=\"screen-reader-text\"> &#8220;Avaleht&#8221;<\/span><\/a><\/p>\n","protected":false},"author":1,"featured_media":0,"parent":0,"menu_order":0,"comment_status":"closed","ping_status":"closed","template":"","meta":{"footnotes":""},"class_list":["post-286","page","type-page","status-publish","hentry"],"yoast_head":"<!-- This site is optimized with the Yoast SEO plugin v25.7 - https:\/\/yoast.com\/wordpress\/plugins\/seo\/ -->\n<title>L\u00f5bus viis Powerballi loterii m\u00e4ngimiseks<\/title>\n<meta name=\"robots\" content=\"index, follow, max-snippet:-1, max-image-preview:large, max-video-preview:-1\" \/>\n<link rel=\"canonical\" href=\"https:\/\/lottoloseonline.de\/et\/\" \/>\n<meta property=\"og:locale\" content=\"et_EE\" \/>\n<meta property=\"og:type\" content=\"article\" \/>\n<meta property=\"og:title\" content=\"L\u00f5bus viis Powerballi loterii m\u00e4ngimiseks\" \/>\n<meta property=\"og:description\" content=\"Seega ei pea loterii m\u00e4ngimine olema seotud t\u00f5siduse ja \u00e4revusega; panustamise ajal saab tegelikult l\u00f5butseda. Saadaval on mitu rahvusvahelist loteriid, mida saab m\u00e4ngida ja nautida, kuid meie valime Powerballi selle suure jackpoti t\u00f5ttu. Powerball on USA loterii, mis on lotof\u00e4nnide seas populaarne, sest olgem ausad: jackpotid v\u00f5ivad olla elumuutvad. Kui m\u00e4ngija v\u00f5idab vaid murdosa pakutavast &hellip; Read more &quot;Avaleht&quot;\" \/>\n<meta property=\"og:url\" content=\"https:\/\/lottoloseonline.de\/et\/\" \/>\n<meta name=\"twitter:card\" content=\"summary_large_image\" \/>\n<meta name=\"twitter:label1\" content=\"Est. reading time\" \/>\n\t<meta name=\"twitter:data1\" content=\"1 minut\" \/>\n<script type=\"application\/ld+json\" class=\"yoast-schema-graph\">{\"@context\":\"https:\/\/schema.org\",\"@graph\":[{\"@type\":\"WebPage\",\"@id\":\"https:\/\/lottoloseonline.de\/et\/\",\"url\":\"https:\/\/lottoloseonline.de\/et\/\",\"name\":\"L\u00f5bus viis Powerballi loterii m\u00e4ngimiseks\",\"isPartOf\":{\"@id\":\"https:\/\/lottoloseonline.de\/et\/#website\"},\"datePublished\":\"2025-08-02T10:17:35+00:00\",\"breadcrumb\":{\"@id\":\"https:\/\/lottoloseonline.de\/et\/#breadcrumb\"},\"inLanguage\":\"et\",\"potentialAction\":[{\"@type\":\"ReadAction\",\"target\":[\"https:\/\/lottoloseonline.de\/et\/\"]}]},{\"@type\":\"BreadcrumbList\",\"@id\":\"https:\/\/lottoloseonline.de\/et\/#breadcrumb\",\"itemListElement\":[{\"@type\":\"ListItem\",\"position\":1,\"name\":\"Home\",\"item\":\"https:\/\/lottoloseonline.de\/et\/\"},{\"@type\":\"ListItem\",\"position\":2,\"name\":\"Avaleht\"}]},{\"@type\":\"WebSite\",\"@id\":\"https:\/\/lottoloseonline.de\/et\/#website\",\"url\":\"https:\/\/lottoloseonline.de\/et\/\",\"name\":\"\",\"description\":\"\",\"potentialAction\":[{\"@type\":\"SearchAction\",\"target\":{\"@type\":\"EntryPoint\",\"urlTemplate\":\"https:\/\/lottoloseonline.de\/et\/?s={search_term_string}\"},\"query-input\":{\"@type\":\"PropertyValueSpecification\",\"valueRequired\":true,\"valueName\":\"search_term_string\"}}],\"inLanguage\":\"et\"}]}<\/script>\n<!-- \/ Yoast SEO plugin. -->","yoast_head_json":{"title":"L\u00f5bus viis Powerballi loterii m\u00e4ngimiseks","robots":{"index":"index","follow":"follow","max-snippet":"max-snippet:-1","max-image-preview":"max-image-preview:large","max-video-preview":"max-video-preview:-1"},"canonical":"https:\/\/lottoloseonline.de\/et\/","og_locale":"et_EE","og_type":"article","og_title":"L\u00f5bus viis Powerballi loterii m\u00e4ngimiseks","og_description":"Seega ei pea loterii m\u00e4ngimine olema seotud t\u00f5siduse ja \u00e4revusega; panustamise ajal saab tegelikult l\u00f5butseda. Saadaval on mitu rahvusvahelist loteriid, mida saab m\u00e4ngida ja nautida, kuid meie valime Powerballi selle suure jackpoti t\u00f5ttu. Powerball on USA loterii, mis on lotof\u00e4nnide seas populaarne, sest olgem ausad: jackpotid v\u00f5ivad olla elumuutvad. Kui m\u00e4ngija v\u00f5idab vaid murdosa pakutavast &hellip; Read more \"Avaleht\"","og_url":"https:\/\/lottoloseonline.de\/et\/","twitter_card":"summary_large_image","twitter_misc":{"Est. reading time":"1 minut"},"schema":{"@context":"https:\/\/schema.org","@graph":[{"@type":"WebPage","@id":"https:\/\/lottoloseonline.de\/et\/","url":"https:\/\/lottoloseonline.de\/et\/","name":"L\u00f5bus viis Powerballi loterii m\u00e4ngimiseks","isPartOf":{"@id":"https:\/\/lottoloseonline.de\/et\/#website"},"datePublished":"2025-08-02T10:17:35+00:00","breadcrumb":{"@id":"https:\/\/lottoloseonline.de\/et\/#breadcrumb"},"inLanguage":"et","potentialAction":[{"@type":"ReadAction","target":["https:\/\/lottoloseonline.de\/et\/"]}]},{"@type":"BreadcrumbList","@id":"https:\/\/lottoloseonline.de\/et\/#breadcrumb","itemListElement":[{"@type":"ListItem","position":1,"name":"Home","item":"https:\/\/lottoloseonline.de\/et\/"},{"@type":"ListItem","position":2,"name":"Avaleht"}]},{"@type":"WebSite","@id":"https:\/\/lottoloseonline.de\/et\/#website","url":"https:\/\/lottoloseonline.de\/et\/","name":"","description":"","potentialAction":[{"@type":"SearchAction","target":{"@type":"EntryPoint","urlTemplate":"https:\/\/lottoloseonline.de\/et\/?s={search_term_string}"},"query-input":{"@type":"PropertyValueSpecification","valueRequired":true,"valueName":"search_term_string"}}],"inLanguage":"et"}]}},"_links":{"self":[{"href":"https:\/\/lottoloseonline.de\/et\/wp-json\/wp\/v2\/pages\/286","targetHints":{"allow":["GET"]}}],"collection":[{"href":"https:\/\/lottoloseonline.de\/et\/wp-json\/wp\/v2\/pages"}],"about":[{"href":"https:\/\/lottoloseonline.de\/et\/wp-json\/wp\/v2\/types\/page"}],"author":[{"embeddable":true,"href":"https:\/\/lottoloseonline.de\/et\/wp-json\/wp\/v2\/users\/1"}],"replies":[{"embeddable":true,"href":"https:\/\/lottoloseonline.de\/et\/wp-json\/wp\/v2\/comments?post=286"}],"version-history":[{"count":0,"href":"https:\/\/lottoloseonline.de\/et\/wp-json\/wp\/v2\/pages\/286\/revisions"}],"wp:attachment":[{"href":"https:\/\/lottoloseonline.de\/et\/wp-json\/wp\/v2\/media?parent=286"}],"curies":[{"name":"wp","href":"https:\/\/api.w.org\/{rel}","templated":true}]}}