{"id":285,"date":"2025-08-02T10:17:35","date_gmt":"2025-08-02T10:17:35","guid":{"rendered":"https:\/\/lottoloseonline.de\/kotiin\/"},"modified":"2025-08-02T10:17:35","modified_gmt":"2025-08-02T10:17:35","slug":"kotiin","status":"publish","type":"page","link":"https:\/\/lottoloseonline.de\/fi\/","title":{"rendered":"Kotiin"},"content":{"rendered":"<p dir=\"ltr\" style=\"line-height: 1.38; margin-top: 0pt; margin-bottom: 0pt;\">Loton pelaamisen ei siis tarvitse liitty\u00e4 vakavuuteen ja ahdistukseen; voit itse asiassa pit\u00e4\u00e4 hauskaa vedonly\u00f6nniss\u00e4. On olemassa useita kansainv\u00e4lisi\u00e4 lottoja, joita voit pelata ja nauttia, mutta me valitsemme Powerballin sen korkean j\u00e4ttipotin vuoksi. <a href=\"https:\/\/simbalotto.com\/world-draw-results\/powerball\/\">Powerball on yhdysvaltalainen lotto<\/a>, joka on suosittu lottofanien keskuudessa, koska, rehellisesti sanottuna: j\u00e4ttipotit voivat olla mullistavia. Jos pelaaja voittaa vain murto-osan tarjotusta palkinnosta, se voi muuttaa h\u00e4nen el\u00e4m\u00e4ns\u00e4 ikuisesti.<\/p>\n<p><b id=\"docs-internal-guid-a13be314-7fff-43df-75bc-d05c760cb04b\" style=\"font-weight: normal;\"><\/b>T\u00e4ss\u00e4 on muutamia tapoja pit\u00e4\u00e4 hauskaa Powerballin pelaamisessa. Ja jos olet Yhdysvaltojen ulkopuolella, voit ly\u00f6d\u00e4 vetoa verkossa osoitteessa <a href=\"https:\/\/simbalotto.com\">simbalotto.com<\/a>. <\/p>\n<h2><b style=\"font-weight: normal;\"><\/b><span style=\"font-size: 11pt; font-family: Arial; color: #000000; background-color: transparent; font-weight: 400; font-style: normal; font-variant: normal; text-decoration: none; vertical-align: baseline; white-space: pre-wrap;\">Muodosta arpajaissyndikaatti<\/span><\/h2>\n<p><b style=\"font-weight: normal;\"><\/b><span style=\"font-size: 11pt; font-family: Arial; color: #000000; background-color: transparent; font-weight: 400; font-style: normal; font-variant: normal; text-decoration: none; vertical-align: baseline; white-space: pre-wrap;\">Hyv\u00e4 tapa lis\u00e4t\u00e4 mahdollisuuksiasi voittaa j\u00e4ttipotti on pelata usein. T\u00e4m\u00e4 voi tarkoittaa useiden lippujen ostamista yhteen arvontaan ja osallistumista useisiin arvontoihin. Vaikka t\u00e4m\u00e4 lis\u00e4\u00e4 voittomahdollisuuksiasi, se voi my\u00f6s kuluttaa resurssejasi ja johtaa huoleen ja ahdistukseen. Perusta lottosyndikaatti ja saat parhaan molemmista maailmoista.<\/span><\/p>\n<p><b style=\"font-weight: normal;\"><\/b>Voit suostutella perheesi tai yst\u00e4v\u00e4si pelaamaan lottoa kanssasi. Ryhm\u00e4nne voi ker\u00e4t\u00e4 rahaa ostaakseen <a href=\"https:\/\/simbalotto.com\/world-draw-results\/\">lippuja<\/a>. Jos yksi lippu voittaa, jaatte voitot.<\/p>\n<p><b style=\"font-weight: normal;\"><\/b><\/p>\n<p dir=\"ltr\" style=\"line-height: 1.38; margin-top: 0pt; margin-bottom: 0pt;\"><span style=\"font-size: 11pt; font-family: Arial; color: #000000; background-color: transparent; font-weight: 400; font-style: normal; font-variant: normal; text-decoration: none; vertical-align: baseline; white-space: pre-wrap;\">T\u00e4m\u00e4 lis\u00e4\u00e4 pelin j\u00e4nnityst\u00e4 ja innostusta ja on loistava tapa jakaa uskomaton kokemus.<\/span><\/p>\n<p>&nbsp;<\/p>\n","protected":false},"excerpt":{"rendered":"<p>Loton pelaamisen ei siis tarvitse liitty\u00e4 vakavuuteen ja ahdistukseen; voit itse asiassa pit\u00e4\u00e4 hauskaa vedonly\u00f6nniss\u00e4. On olemassa useita kansainv\u00e4lisi\u00e4 lottoja, joita voit pelata ja nauttia, mutta me valitsemme Powerballin sen korkean j\u00e4ttipotin vuoksi. Powerball on yhdysvaltalainen lotto, joka on suosittu lottofanien keskuudessa, koska, rehellisesti sanottuna: j\u00e4ttipotit voivat olla mullistavia. Jos pelaaja voittaa vain murto-osan tarjotusta &hellip; <\/p>\n<p class=\"link-more\"><a href=\"https:\/\/lottoloseonline.de\/fi\/\" class=\"more-link\">Read more<span class=\"screen-reader-text\"> &#8221;Kotiin&#8221;<\/span><\/a><\/p>\n","protected":false},"author":1,"featured_media":0,"parent":0,"menu_order":0,"comment_status":"closed","ping_status":"closed","template":"","meta":{"footnotes":""},"class_list":["post-285","page","type-page","status-publish","hentry"],"yoast_head":"<!-- This site is optimized with the Yoast SEO plugin v25.7 - https:\/\/yoast.com\/wordpress\/plugins\/seo\/ -->\n<title>Hauska tapa pelata Powerball-lottoa<\/title>\n<meta name=\"robots\" content=\"index, follow, max-snippet:-1, max-image-preview:large, max-video-preview:-1\" \/>\n<link rel=\"canonical\" href=\"https:\/\/lottoloseonline.de\/fi\/\" \/>\n<meta property=\"og:locale\" content=\"fi_FI\" \/>\n<meta property=\"og:type\" content=\"article\" \/>\n<meta property=\"og:title\" content=\"Hauska tapa pelata Powerball-lottoa\" \/>\n<meta property=\"og:description\" content=\"Loton pelaamisen ei siis tarvitse liitty\u00e4 vakavuuteen ja ahdistukseen; voit itse asiassa pit\u00e4\u00e4 hauskaa vedonly\u00f6nniss\u00e4. On olemassa useita kansainv\u00e4lisi\u00e4 lottoja, joita voit pelata ja nauttia, mutta me valitsemme Powerballin sen korkean j\u00e4ttipotin vuoksi. Powerball on yhdysvaltalainen lotto, joka on suosittu lottofanien keskuudessa, koska, rehellisesti sanottuna: j\u00e4ttipotit voivat olla mullistavia. Jos pelaaja voittaa vain murto-osan tarjotusta &hellip; Read more &quot;Kotiin&quot;\" \/>\n<meta property=\"og:url\" content=\"https:\/\/lottoloseonline.de\/fi\/\" \/>\n<meta name=\"twitter:card\" content=\"summary_large_image\" \/>\n<meta name=\"twitter:label1\" content=\"Arvioitu lukuaika\" \/>\n\t<meta name=\"twitter:data1\" content=\"1 minuutti\" \/>\n<script type=\"application\/ld+json\" class=\"yoast-schema-graph\">{\"@context\":\"https:\/\/schema.org\",\"@graph\":[{\"@type\":\"WebPage\",\"@id\":\"https:\/\/lottoloseonline.de\/fi\/\",\"url\":\"https:\/\/lottoloseonline.de\/fi\/\",\"name\":\"Hauska tapa pelata Powerball-lottoa\",\"isPartOf\":{\"@id\":\"https:\/\/lottoloseonline.de\/fi\/#website\"},\"datePublished\":\"2025-08-02T10:17:35+00:00\",\"breadcrumb\":{\"@id\":\"https:\/\/lottoloseonline.de\/fi\/#breadcrumb\"},\"inLanguage\":\"fi\",\"potentialAction\":[{\"@type\":\"ReadAction\",\"target\":[\"https:\/\/lottoloseonline.de\/fi\/\"]}]},{\"@type\":\"BreadcrumbList\",\"@id\":\"https:\/\/lottoloseonline.de\/fi\/#breadcrumb\",\"itemListElement\":[{\"@type\":\"ListItem\",\"position\":1,\"name\":\"Home\",\"item\":\"https:\/\/lottoloseonline.de\/fi\/\"},{\"@type\":\"ListItem\",\"position\":2,\"name\":\"Kotiin\"}]},{\"@type\":\"WebSite\",\"@id\":\"https:\/\/lottoloseonline.de\/fi\/#website\",\"url\":\"https:\/\/lottoloseonline.de\/fi\/\",\"name\":\"\",\"description\":\"\",\"potentialAction\":[{\"@type\":\"SearchAction\",\"target\":{\"@type\":\"EntryPoint\",\"urlTemplate\":\"https:\/\/lottoloseonline.de\/fi\/?s={search_term_string}\"},\"query-input\":{\"@type\":\"PropertyValueSpecification\",\"valueRequired\":true,\"valueName\":\"search_term_string\"}}],\"inLanguage\":\"fi\"}]}<\/script>\n<!-- \/ Yoast SEO plugin. -->","yoast_head_json":{"title":"Hauska tapa pelata Powerball-lottoa","robots":{"index":"index","follow":"follow","max-snippet":"max-snippet:-1","max-image-preview":"max-image-preview:large","max-video-preview":"max-video-preview:-1"},"canonical":"https:\/\/lottoloseonline.de\/fi\/","og_locale":"fi_FI","og_type":"article","og_title":"Hauska tapa pelata Powerball-lottoa","og_description":"Loton pelaamisen ei siis tarvitse liitty\u00e4 vakavuuteen ja ahdistukseen; voit itse asiassa pit\u00e4\u00e4 hauskaa vedonly\u00f6nniss\u00e4. On olemassa useita kansainv\u00e4lisi\u00e4 lottoja, joita voit pelata ja nauttia, mutta me valitsemme Powerballin sen korkean j\u00e4ttipotin vuoksi. Powerball on yhdysvaltalainen lotto, joka on suosittu lottofanien keskuudessa, koska, rehellisesti sanottuna: j\u00e4ttipotit voivat olla mullistavia. Jos pelaaja voittaa vain murto-osan tarjotusta &hellip; Read more \"Kotiin\"","og_url":"https:\/\/lottoloseonline.de\/fi\/","twitter_card":"summary_large_image","twitter_misc":{"Arvioitu lukuaika":"1 minuutti"},"schema":{"@context":"https:\/\/schema.org","@graph":[{"@type":"WebPage","@id":"https:\/\/lottoloseonline.de\/fi\/","url":"https:\/\/lottoloseonline.de\/fi\/","name":"Hauska tapa pelata Powerball-lottoa","isPartOf":{"@id":"https:\/\/lottoloseonline.de\/fi\/#website"},"datePublished":"2025-08-02T10:17:35+00:00","breadcrumb":{"@id":"https:\/\/lottoloseonline.de\/fi\/#breadcrumb"},"inLanguage":"fi","potentialAction":[{"@type":"ReadAction","target":["https:\/\/lottoloseonline.de\/fi\/"]}]},{"@type":"BreadcrumbList","@id":"https:\/\/lottoloseonline.de\/fi\/#breadcrumb","itemListElement":[{"@type":"ListItem","position":1,"name":"Home","item":"https:\/\/lottoloseonline.de\/fi\/"},{"@type":"ListItem","position":2,"name":"Kotiin"}]},{"@type":"WebSite","@id":"https:\/\/lottoloseonline.de\/fi\/#website","url":"https:\/\/lottoloseonline.de\/fi\/","name":"","description":"","potentialAction":[{"@type":"SearchAction","target":{"@type":"EntryPoint","urlTemplate":"https:\/\/lottoloseonline.de\/fi\/?s={search_term_string}"},"query-input":{"@type":"PropertyValueSpecification","valueRequired":true,"valueName":"search_term_string"}}],"inLanguage":"fi"}]}},"_links":{"self":[{"href":"https:\/\/lottoloseonline.de\/fi\/wp-json\/wp\/v2\/pages\/285","targetHints":{"allow":["GET"]}}],"collection":[{"href":"https:\/\/lottoloseonline.de\/fi\/wp-json\/wp\/v2\/pages"}],"about":[{"href":"https:\/\/lottoloseonline.de\/fi\/wp-json\/wp\/v2\/types\/page"}],"author":[{"embeddable":true,"href":"https:\/\/lottoloseonline.de\/fi\/wp-json\/wp\/v2\/users\/1"}],"replies":[{"embeddable":true,"href":"https:\/\/lottoloseonline.de\/fi\/wp-json\/wp\/v2\/comments?post=285"}],"version-history":[{"count":0,"href":"https:\/\/lottoloseonline.de\/fi\/wp-json\/wp\/v2\/pages\/285\/revisions"}],"wp:attachment":[{"href":"https:\/\/lottoloseonline.de\/fi\/wp-json\/wp\/v2\/media?parent=285"}],"curies":[{"name":"wp","href":"https:\/\/api.w.org\/{rel}","templated":true}]}}