{"id":291,"date":"2025-08-02T10:17:35","date_gmt":"2025-08-02T10:17:35","guid":{"rendered":"https:\/\/lottoloseonline.de\/maison\/"},"modified":"2025-08-02T10:17:35","modified_gmt":"2025-08-02T10:17:35","slug":"maison","status":"publish","type":"page","link":"https:\/\/lottoloseonline.de\/fr\/","title":{"rendered":"Maison"},"content":{"rendered":"<p dir=\"ltr\" style=\"line-height: 1.38; margin-top: 0pt; margin-bottom: 0pt;\">Jouer \u00e0 la loterie n&rsquo;est donc pas forc\u00e9ment synonyme de s\u00e9rieux et d&rsquo;anxi\u00e9t\u00e9\u00a0; vous pouvez r\u00e9ellement vous amuser en pariant. Il existe plusieurs loteries internationales auxquelles vous pouvez jouer et vous amuser, mais nous avons choisi le Powerball en raison de son jackpot \u00e9lev\u00e9. <a href=\"https:\/\/simbalotto.com\/world-draw-results\/powerball\/\">Powerball est une loterie am\u00e9ricaine<\/a> populaire aupr\u00e8s des amateurs de loterie car, soyons honn\u00eates\u00a0: les jackpots peuvent changer une vie. Si un joueur remporte ne serait-ce qu&rsquo;une fraction du prix offert, sa vie pourrait changer \u00e0 jamais.<\/p>\n<p><b id=\"docs-internal-guid-a13be314-7fff-43df-75bc-d05c760cb04b\" style=\"font-weight: normal;\">\u00a0<\/b>Voici quelques fa\u00e7ons de s&rsquo;amuser en jouant au Powerball. Et si vous \u00eates hors des \u00c9tats-Unis, vous pouvez placer vos paris en ligne sur <a href=\"https:\/\/simbalotto.com\">simbalotto.com<\/a>. <\/p>\n<h2><b style=\"font-weight: normal;\">\u00a0<\/b><span style=\"font-size: 11pt; font-family: Arial; color: #000000; background-color: transparent; font-weight: 400; font-style: normal; font-variant: normal; text-decoration: none; vertical-align: baseline; white-space: pre-wrap;\">Former un groupe de loterie<\/span><\/h2>\n<p><b style=\"font-weight: normal;\">\u00a0<\/b><span style=\"font-size: 11pt; font-family: Arial; color: #000000; background-color: transparent; font-weight: 400; font-style: normal; font-variant: normal; text-decoration: none; vertical-align: baseline; white-space: pre-wrap;\">Un bon moyen d&rsquo;augmenter vos chances de gagner le jackpot est de jouer r\u00e9guli\u00e8rement. Cela peut impliquer d&rsquo;acheter plusieurs tickets pour un m\u00eame tirage et de participer \u00e0 plusieurs tirages. Si cela augmente vos chances de gagner, cela peut aussi \u00e9puiser vos ressources et engendrer inqui\u00e9tude et anxi\u00e9t\u00e9. Formez un groupe de loterie et profitez du meilleur des deux mondes.<\/p>\n<p><b style=\"font-weight: normal;\">\u00a0<\/b>Vous pouvez convaincre votre famille ou vos amis de jouer \u00e0 la loterie avec vous. Vous pouvez mettre de l&rsquo;argent en commun pour acheter des <a href=\"https:\/\/simbalotto.com\/world-draw-results\/\">billets<\/a>. Si un billet gagne, vous partagez les gains.<\/p>\n<p><b style=\"font-weight: normal;\">\u00a0<\/b><\/p>\n<p dir=\"ltr\" style=\"line-height: 1.38; margin-top: 0pt; margin-bottom: 0pt;\"><span style=\"font-size: 11pt; font-family: Arial; color: #000000; background-color: transparent; font-weight: 400; font-style: normal; font-variant: normal; text-decoration: none; vertical-align: baseline; white-space: pre-wrap;\">Cela augmente le frisson et l&rsquo;excitation du jeu et constitue un excellent moyen de partager une exp\u00e9rience incroyable.<\/span><\/p>\n<p>&nbsp;<\/p>\n","protected":false},"excerpt":{"rendered":"<p>Jouer \u00e0 la loterie n&rsquo;est donc pas forc\u00e9ment synonyme de s\u00e9rieux et d&rsquo;anxi\u00e9t\u00e9\u00a0; vous pouvez r\u00e9ellement vous amuser en pariant. Il existe plusieurs loteries internationales auxquelles vous pouvez jouer et vous amuser, mais nous avons choisi le Powerball en raison de son jackpot \u00e9lev\u00e9. Powerball est une loterie am\u00e9ricaine populaire aupr\u00e8s des amateurs de loterie &hellip; <\/p>\n<p class=\"link-more\"><a href=\"https:\/\/lottoloseonline.de\/fr\/\" class=\"more-link\">Lire la suite de<span class=\"screen-reader-text\">\u00ab\u00a0Maison\u00a0\u00bb<\/span><\/a><\/p>\n","protected":false},"author":1,"featured_media":0,"parent":0,"menu_order":0,"comment_status":"closed","ping_status":"closed","template":"","meta":{"footnotes":""},"class_list":["post-291","page","type-page","status-publish","hentry"],"yoast_head":"<!-- This site is optimized with the Yoast SEO plugin v25.7 - https:\/\/yoast.com\/wordpress\/plugins\/seo\/ -->\n<title>Une fa\u00e7on amusante de jouer \u00e0 la loterie Powerball<\/title>\n<meta name=\"robots\" content=\"index, follow, max-snippet:-1, max-image-preview:large, max-video-preview:-1\" \/>\n<link rel=\"canonical\" href=\"https:\/\/lottoloseonline.de\/fr\/\" \/>\n<meta property=\"og:locale\" content=\"fr_FR\" \/>\n<meta property=\"og:type\" content=\"article\" \/>\n<meta property=\"og:title\" content=\"Une fa\u00e7on amusante de jouer \u00e0 la loterie Powerball\" \/>\n<meta property=\"og:description\" content=\"Jouer \u00e0 la loterie n&rsquo;est donc pas forc\u00e9ment synonyme de s\u00e9rieux et d&rsquo;anxi\u00e9t\u00e9\u00a0; vous pouvez r\u00e9ellement vous amuser en pariant. Il existe plusieurs loteries internationales auxquelles vous pouvez jouer et vous amuser, mais nous avons choisi le Powerball en raison de son jackpot \u00e9lev\u00e9. Powerball est une loterie am\u00e9ricaine populaire aupr\u00e8s des amateurs de loterie &hellip; Lire la suite de\u00ab\u00a0Maison\u00a0\u00bb\" \/>\n<meta property=\"og:url\" content=\"https:\/\/lottoloseonline.de\/fr\/\" \/>\n<meta name=\"twitter:card\" content=\"summary_large_image\" \/>\n<meta name=\"twitter:label1\" content=\"Dur\u00e9e de lecture estim\u00e9e\" \/>\n\t<meta name=\"twitter:data1\" content=\"1 minute\" \/>\n<script type=\"application\/ld+json\" class=\"yoast-schema-graph\">{\"@context\":\"https:\/\/schema.org\",\"@graph\":[{\"@type\":\"WebPage\",\"@id\":\"https:\/\/lottoloseonline.de\/fr\/\",\"url\":\"https:\/\/lottoloseonline.de\/fr\/\",\"name\":\"Une fa\u00e7on amusante de jouer \u00e0 la loterie Powerball\",\"isPartOf\":{\"@id\":\"https:\/\/lottoloseonline.de\/fr\/#website\"},\"datePublished\":\"2025-08-02T10:17:35+00:00\",\"breadcrumb\":{\"@id\":\"https:\/\/lottoloseonline.de\/fr\/#breadcrumb\"},\"inLanguage\":\"fr-FR\",\"potentialAction\":[{\"@type\":\"ReadAction\",\"target\":[\"https:\/\/lottoloseonline.de\/fr\/\"]}]},{\"@type\":\"BreadcrumbList\",\"@id\":\"https:\/\/lottoloseonline.de\/fr\/#breadcrumb\",\"itemListElement\":[{\"@type\":\"ListItem\",\"position\":1,\"name\":\"Home\",\"item\":\"https:\/\/lottoloseonline.de\/fr\/\"},{\"@type\":\"ListItem\",\"position\":2,\"name\":\"Maison\"}]},{\"@type\":\"WebSite\",\"@id\":\"https:\/\/lottoloseonline.de\/fr\/#website\",\"url\":\"https:\/\/lottoloseonline.de\/fr\/\",\"name\":\"\",\"description\":\"\",\"potentialAction\":[{\"@type\":\"SearchAction\",\"target\":{\"@type\":\"EntryPoint\",\"urlTemplate\":\"https:\/\/lottoloseonline.de\/fr\/?s={search_term_string}\"},\"query-input\":{\"@type\":\"PropertyValueSpecification\",\"valueRequired\":true,\"valueName\":\"search_term_string\"}}],\"inLanguage\":\"fr-FR\"}]}<\/script>\n<!-- \/ Yoast SEO plugin. -->","yoast_head_json":{"title":"Une fa\u00e7on amusante de jouer \u00e0 la loterie Powerball","robots":{"index":"index","follow":"follow","max-snippet":"max-snippet:-1","max-image-preview":"max-image-preview:large","max-video-preview":"max-video-preview:-1"},"canonical":"https:\/\/lottoloseonline.de\/fr\/","og_locale":"fr_FR","og_type":"article","og_title":"Une fa\u00e7on amusante de jouer \u00e0 la loterie Powerball","og_description":"Jouer \u00e0 la loterie n&rsquo;est donc pas forc\u00e9ment synonyme de s\u00e9rieux et d&rsquo;anxi\u00e9t\u00e9\u00a0; vous pouvez r\u00e9ellement vous amuser en pariant. Il existe plusieurs loteries internationales auxquelles vous pouvez jouer et vous amuser, mais nous avons choisi le Powerball en raison de son jackpot \u00e9lev\u00e9. Powerball est une loterie am\u00e9ricaine populaire aupr\u00e8s des amateurs de loterie &hellip; Lire la suite de\u00ab\u00a0Maison\u00a0\u00bb","og_url":"https:\/\/lottoloseonline.de\/fr\/","twitter_card":"summary_large_image","twitter_misc":{"Dur\u00e9e de lecture estim\u00e9e":"1 minute"},"schema":{"@context":"https:\/\/schema.org","@graph":[{"@type":"WebPage","@id":"https:\/\/lottoloseonline.de\/fr\/","url":"https:\/\/lottoloseonline.de\/fr\/","name":"Une fa\u00e7on amusante de jouer \u00e0 la loterie Powerball","isPartOf":{"@id":"https:\/\/lottoloseonline.de\/fr\/#website"},"datePublished":"2025-08-02T10:17:35+00:00","breadcrumb":{"@id":"https:\/\/lottoloseonline.de\/fr\/#breadcrumb"},"inLanguage":"fr-FR","potentialAction":[{"@type":"ReadAction","target":["https:\/\/lottoloseonline.de\/fr\/"]}]},{"@type":"BreadcrumbList","@id":"https:\/\/lottoloseonline.de\/fr\/#breadcrumb","itemListElement":[{"@type":"ListItem","position":1,"name":"Home","item":"https:\/\/lottoloseonline.de\/fr\/"},{"@type":"ListItem","position":2,"name":"Maison"}]},{"@type":"WebSite","@id":"https:\/\/lottoloseonline.de\/fr\/#website","url":"https:\/\/lottoloseonline.de\/fr\/","name":"","description":"","potentialAction":[{"@type":"SearchAction","target":{"@type":"EntryPoint","urlTemplate":"https:\/\/lottoloseonline.de\/fr\/?s={search_term_string}"},"query-input":{"@type":"PropertyValueSpecification","valueRequired":true,"valueName":"search_term_string"}}],"inLanguage":"fr-FR"}]}},"_links":{"self":[{"href":"https:\/\/lottoloseonline.de\/fr\/wp-json\/wp\/v2\/pages\/291","targetHints":{"allow":["GET"]}}],"collection":[{"href":"https:\/\/lottoloseonline.de\/fr\/wp-json\/wp\/v2\/pages"}],"about":[{"href":"https:\/\/lottoloseonline.de\/fr\/wp-json\/wp\/v2\/types\/page"}],"author":[{"embeddable":true,"href":"https:\/\/lottoloseonline.de\/fr\/wp-json\/wp\/v2\/users\/1"}],"replies":[{"embeddable":true,"href":"https:\/\/lottoloseonline.de\/fr\/wp-json\/wp\/v2\/comments?post=291"}],"version-history":[{"count":0,"href":"https:\/\/lottoloseonline.de\/fr\/wp-json\/wp\/v2\/pages\/291\/revisions"}],"wp:attachment":[{"href":"https:\/\/lottoloseonline.de\/fr\/wp-json\/wp\/v2\/media?parent=291"}],"curies":[{"name":"wp","href":"https:\/\/api.w.org\/{rel}","templated":true}]}}