{"id":283,"date":"2025-08-02T10:17:35","date_gmt":"2025-08-02T10:17:35","guid":{"rendered":"https:\/\/lottoloseonline.de\/dom\/"},"modified":"2025-08-02T10:17:35","modified_gmt":"2025-08-02T10:17:35","slug":"dom","status":"publish","type":"page","link":"https:\/\/lottoloseonline.de\/hr\/","title":{"rendered":"Dom"},"content":{"rendered":"<p dir=\"ltr\" style=\"line-height: 1.38; margin-top: 0pt; margin-bottom: 0pt;\">Dakle, igranje lutrije ne mora biti povezano s ozbiljno\u0161\u0107u i tjeskobom; zapravo se mo\u017eete zabaviti dok se kladite. Postoji nekoliko me\u0111unarodnih lutrija koje mo\u017eete igrati i u\u017eivati \u200b\u200bu njima, ali mi smo odabrali Powerball zbog njegovog visokog jackpota. <a href=\"https:\/\/simbalotto.com\/world-draw-results\/powerball\/\">Powerball je ameri\u010dka lutrija<\/a> koja je popularna me\u0111u ljubiteljima lutrije jer, budimo iskreni: Jackpotovi mogu promijeniti \u017eivot. Ako igra\u010d osvoji samo djeli\u0107 ponu\u0111ene nagrade, to bi mu moglo zauvijek promijeniti \u017eivot.<\/p>\n<p><b id=\"docs-internal-guid-a13be314-7fff-43df-75bc-d05c760cb04b\" style=\"font-weight: normal;\"><\/b>Evo nekoliko na\u010dina kako se zabaviti igraju\u0107i Powerball. A ako ste izvan SAD-a, mo\u017eete se kladiti online na <a href=\"https:\/\/simbalotto.com\">simbalotto.com<\/a>.<\/p>\n<h2><b style=\"font-weight: normal;\">\u00a0<\/b><span style=\"font-size: 11pt; font-family: Arial; color: #000000; background-color: transparent; font-weight: 400; font-style: normal; font-variant: normal; text-decoration: none; vertical-align: baseline; white-space: pre-wrap;\">Osnujte sindikat lutrije<\/span><\/h2>\n<p><b style=\"font-weight: normal;\">\u00a0<\/b><span style=\"font-size: 11pt; font-family: Arial; color: #000000; background-color: transparent; font-weight: 400; font-style: normal; font-variant: normal; text-decoration: none; vertical-align: baseline; white-space: pre-wrap;\">Dobar na\u010din za pove\u0107anje \u0161ansi za osvajanje jackpota je \u010desto igranje. To mo\u017ee zna\u010diti kupnju vi\u0161e listi\u0107a za jedno izvla\u010denje i sudjelovanje u vi\u0161e izvla\u010denja. Iako ovo pove\u0107ava va\u0161e \u0161anse za pobjedu, tako\u0111er mo\u017ee iscrpiti va\u0161e resurse i dovesti do brige i tjeskobe. Osnovajte sindikat lutrije i iskoristite najbolje od oba svijeta.<\/span><\/p>\n<p><b style=\"font-weight: normal;\"><\/b>Mo\u017eete nagovoriti svoju obitelj ili prijatelje da igraju lutriju s vama. Grupa vas mo\u017ee udru\u017eiti novac za kupnju <a href=\"https:\/\/simbalotto.com\/world-draw-results\/\">listi\u0107a<\/a>. Ako jedan listi\u0107 pobijedi, dijelite dobitak.<\/p>\n<p><b style=\"font-weight: normal;\">\u00a0<\/b><\/p>\n<p dir=\"ltr\" style=\"line-height: 1.38; margin-top: 0pt; margin-bottom: 0pt;\"><span style=\"font-size: 11pt; font-family: Arial; color: #000000; background-color: transparent; font-weight: 400; font-style: normal; font-variant: normal; text-decoration: none; vertical-align: baseline; white-space: pre-wrap;\">Ovo pove\u0107ava uzbu\u0111enje i uzbudljivost igre i odli\u010dan je na\u010din za dijeljenje nevjerojatnog iskustva.<\/span><\/p>\n<p>&nbsp;<\/p>\n","protected":false},"excerpt":{"rendered":"<p>Dakle, igranje lutrije ne mora biti povezano s ozbiljno\u0161\u0107u i tjeskobom; zapravo se mo\u017eete zabaviti dok se kladite. Postoji nekoliko me\u0111unarodnih lutrija koje mo\u017eete igrati i u\u017eivati \u200b\u200bu njima, ali mi smo odabrali Powerball zbog njegovog visokog jackpota. Powerball je ameri\u010dka lutrija koja je popularna me\u0111u ljubiteljima lutrije jer, budimo iskreni: Jackpotovi mogu promijeniti \u017eivot. &hellip; <\/p>\n<p class=\"link-more\"><a href=\"https:\/\/lottoloseonline.de\/hr\/\" class=\"more-link\">Read more<span class=\"screen-reader-text\"> &#8220;Dom&#8221;<\/span><\/a><\/p>\n","protected":false},"author":1,"featured_media":0,"parent":0,"menu_order":0,"comment_status":"closed","ping_status":"closed","template":"","meta":{"footnotes":""},"class_list":["post-283","page","type-page","status-publish","hentry"],"yoast_head":"<!-- This site is optimized with the Yoast SEO plugin v25.7 - https:\/\/yoast.com\/wordpress\/plugins\/seo\/ -->\n<title>Zabavan na\u010din igranja Powerball lutrije<\/title>\n<meta name=\"robots\" content=\"index, follow, max-snippet:-1, max-image-preview:large, max-video-preview:-1\" \/>\n<link rel=\"canonical\" href=\"https:\/\/lottoloseonline.de\/hr\/\" \/>\n<meta property=\"og:locale\" content=\"hr_HR\" \/>\n<meta property=\"og:type\" content=\"article\" \/>\n<meta property=\"og:title\" content=\"Zabavan na\u010din igranja Powerball lutrije\" \/>\n<meta property=\"og:description\" content=\"Dakle, igranje lutrije ne mora biti povezano s ozbiljno\u0161\u0107u i tjeskobom; zapravo se mo\u017eete zabaviti dok se kladite. Postoji nekoliko me\u0111unarodnih lutrija koje mo\u017eete igrati i u\u017eivati \u200b\u200bu njima, ali mi smo odabrali Powerball zbog njegovog visokog jackpota. Powerball je ameri\u010dka lutrija koja je popularna me\u0111u ljubiteljima lutrije jer, budimo iskreni: Jackpotovi mogu promijeniti \u017eivot. &hellip; Read more &quot;Dom&quot;\" \/>\n<meta property=\"og:url\" content=\"https:\/\/lottoloseonline.de\/hr\/\" \/>\n<meta name=\"twitter:card\" content=\"summary_large_image\" \/>\n<meta name=\"twitter:label1\" content=\"Procijenjeno vrijeme \u010ditanja\" \/>\n\t<meta name=\"twitter:data1\" content=\"1 minuta\" \/>\n<script type=\"application\/ld+json\" class=\"yoast-schema-graph\">{\"@context\":\"https:\/\/schema.org\",\"@graph\":[{\"@type\":\"WebPage\",\"@id\":\"https:\/\/lottoloseonline.de\/hr\/\",\"url\":\"https:\/\/lottoloseonline.de\/hr\/\",\"name\":\"Zabavan na\u010din igranja Powerball lutrije\",\"isPartOf\":{\"@id\":\"https:\/\/lottoloseonline.de\/hr\/#website\"},\"datePublished\":\"2025-08-02T10:17:35+00:00\",\"breadcrumb\":{\"@id\":\"https:\/\/lottoloseonline.de\/hr\/#breadcrumb\"},\"inLanguage\":\"hr\",\"potentialAction\":[{\"@type\":\"ReadAction\",\"target\":[\"https:\/\/lottoloseonline.de\/hr\/\"]}]},{\"@type\":\"BreadcrumbList\",\"@id\":\"https:\/\/lottoloseonline.de\/hr\/#breadcrumb\",\"itemListElement\":[{\"@type\":\"ListItem\",\"position\":1,\"name\":\"Home\",\"item\":\"https:\/\/lottoloseonline.de\/hr\/\"},{\"@type\":\"ListItem\",\"position\":2,\"name\":\"Dom\"}]},{\"@type\":\"WebSite\",\"@id\":\"https:\/\/lottoloseonline.de\/hr\/#website\",\"url\":\"https:\/\/lottoloseonline.de\/hr\/\",\"name\":\"\",\"description\":\"\",\"potentialAction\":[{\"@type\":\"SearchAction\",\"target\":{\"@type\":\"EntryPoint\",\"urlTemplate\":\"https:\/\/lottoloseonline.de\/hr\/?s={search_term_string}\"},\"query-input\":{\"@type\":\"PropertyValueSpecification\",\"valueRequired\":true,\"valueName\":\"search_term_string\"}}],\"inLanguage\":\"hr\"}]}<\/script>\n<!-- \/ Yoast SEO plugin. -->","yoast_head_json":{"title":"Zabavan na\u010din igranja Powerball lutrije","robots":{"index":"index","follow":"follow","max-snippet":"max-snippet:-1","max-image-preview":"max-image-preview:large","max-video-preview":"max-video-preview:-1"},"canonical":"https:\/\/lottoloseonline.de\/hr\/","og_locale":"hr_HR","og_type":"article","og_title":"Zabavan na\u010din igranja Powerball lutrije","og_description":"Dakle, igranje lutrije ne mora biti povezano s ozbiljno\u0161\u0107u i tjeskobom; zapravo se mo\u017eete zabaviti dok se kladite. Postoji nekoliko me\u0111unarodnih lutrija koje mo\u017eete igrati i u\u017eivati \u200b\u200bu njima, ali mi smo odabrali Powerball zbog njegovog visokog jackpota. Powerball je ameri\u010dka lutrija koja je popularna me\u0111u ljubiteljima lutrije jer, budimo iskreni: Jackpotovi mogu promijeniti \u017eivot. &hellip; Read more \"Dom\"","og_url":"https:\/\/lottoloseonline.de\/hr\/","twitter_card":"summary_large_image","twitter_misc":{"Procijenjeno vrijeme \u010ditanja":"1 minuta"},"schema":{"@context":"https:\/\/schema.org","@graph":[{"@type":"WebPage","@id":"https:\/\/lottoloseonline.de\/hr\/","url":"https:\/\/lottoloseonline.de\/hr\/","name":"Zabavan na\u010din igranja Powerball lutrije","isPartOf":{"@id":"https:\/\/lottoloseonline.de\/hr\/#website"},"datePublished":"2025-08-02T10:17:35+00:00","breadcrumb":{"@id":"https:\/\/lottoloseonline.de\/hr\/#breadcrumb"},"inLanguage":"hr","potentialAction":[{"@type":"ReadAction","target":["https:\/\/lottoloseonline.de\/hr\/"]}]},{"@type":"BreadcrumbList","@id":"https:\/\/lottoloseonline.de\/hr\/#breadcrumb","itemListElement":[{"@type":"ListItem","position":1,"name":"Home","item":"https:\/\/lottoloseonline.de\/hr\/"},{"@type":"ListItem","position":2,"name":"Dom"}]},{"@type":"WebSite","@id":"https:\/\/lottoloseonline.de\/hr\/#website","url":"https:\/\/lottoloseonline.de\/hr\/","name":"","description":"","potentialAction":[{"@type":"SearchAction","target":{"@type":"EntryPoint","urlTemplate":"https:\/\/lottoloseonline.de\/hr\/?s={search_term_string}"},"query-input":{"@type":"PropertyValueSpecification","valueRequired":true,"valueName":"search_term_string"}}],"inLanguage":"hr"}]}},"_links":{"self":[{"href":"https:\/\/lottoloseonline.de\/hr\/wp-json\/wp\/v2\/pages\/283","targetHints":{"allow":["GET"]}}],"collection":[{"href":"https:\/\/lottoloseonline.de\/hr\/wp-json\/wp\/v2\/pages"}],"about":[{"href":"https:\/\/lottoloseonline.de\/hr\/wp-json\/wp\/v2\/types\/page"}],"author":[{"embeddable":true,"href":"https:\/\/lottoloseonline.de\/hr\/wp-json\/wp\/v2\/users\/1"}],"replies":[{"embeddable":true,"href":"https:\/\/lottoloseonline.de\/hr\/wp-json\/wp\/v2\/comments?post=283"}],"version-history":[{"count":0,"href":"https:\/\/lottoloseonline.de\/hr\/wp-json\/wp\/v2\/pages\/283\/revisions"}],"wp:attachment":[{"href":"https:\/\/lottoloseonline.de\/hr\/wp-json\/wp\/v2\/media?parent=283"}],"curies":[{"name":"wp","href":"https:\/\/api.w.org\/{rel}","templated":true}]}}