{"id":298,"date":"2025-08-02T10:17:35","date_gmt":"2025-08-02T10:17:35","guid":{"rendered":"https:\/\/lottoloseonline.de\/otthon\/"},"modified":"2025-08-02T10:17:35","modified_gmt":"2025-08-02T10:17:35","slug":"otthon","status":"publish","type":"page","link":"https:\/\/lottoloseonline.de\/hu\/","title":{"rendered":"Otthon"},"content":{"rendered":"<p dir=\"ltr\" style=\"line-height: 1.38; margin-top: 0pt; margin-bottom: 0pt;\">Teh\u00e1t a lott\u00f3z\u00e1snak nem kell komolys\u00e1ggal \u00e9s szorong\u00e1ssal j\u00e1rnia; val\u00f3j\u00e1ban j\u00f3l is sz\u00f3rakozhatsz a fogad\u00e1s k\u00f6zben. Sz\u00e1mos nemzetk\u00f6zi lott\u00f3 l\u00e9tezik, amelyeken j\u00e1tszhatsz \u00e9s \u00e9lvezheted a j\u00e1t\u00e9kot, de mi a Powerballt v\u00e1lasztottuk a magas jackpotja miatt. <a href=\"https:\/\/simbalotto.com\/world-draw-results\/powerball\/\">A Powerball egy amerikai lott\u00f3<\/a>, amely n\u00e9pszer\u0171 a lott\u00f3rajong\u00f3k k\u00f6r\u00e9ben, mert valljuk be: A jackpotok megv\u00e1ltoztathatj\u00e1k az \u00e9let\u00fcket. Ha egy j\u00e1t\u00e9kos a felaj\u00e1nlott nyerem\u00e9nynek csak egy r\u00e9sz\u00e9t nyeri meg, az \u00f6r\u00f6kre megv\u00e1ltoztathatja az \u00e9let\u00e9t.<\/p>\n<p><b id=\"docs-internal-guid-a13be314-7fff-43df-75bc-d05c760cb04b\" style=\"font-weight: normal;\"><\/b>\u00cdme n\u00e9h\u00e1ny m\u00f3dszer, amellyel j\u00f3l sz\u00f3rakozhatsz a Powerball j\u00e1t\u00e9k\u00e1val. \u00c9s ha az Egyes\u00fclt \u00c1llamokon k\u00edv\u00fcl tart\u00f3zkodik, online is megteheti fogad\u00e1sait a <a href=\"https:\/\/simbalotto.com\">simbalotto.com<\/a> oldalon. <\/p>\n<h2><b style=\"font-weight: normal;\"><\/b><span style=\"font-size: 11pt; font-family: Arial; color: #000000; background-color: transparent; font-weight: 400; font-style: normal; font-variant: normal; text-decoration: none; vertical-align: baseline; white-space: pre-wrap;\">Lott\u00f3szindik\u00e1tus l\u00e9trehoz\u00e1sa<\/span><\/h2>\n<p><b style=\"font-weight: normal;\"><\/b><span style=\"font-size: 11pt; font-family: Arial; color: #000000; background-color: transparent; font-weight: 400; font-style: normal; font-variant: normal; text-decoration: none; vertical-align: baseline; white-space: pre-wrap;\">A jackpot megnyer\u00e9s\u00e9nek es\u00e9lyeit egy j\u00f3 m\u00f3dja a gyakori j\u00e1t\u00e9k. Ez azt jelentheti, hogy t\u00f6bb szelv\u00e9nyt v\u00e1s\u00e1rolsz egy sorsol\u00e1sra, \u00e9s t\u00f6bb sorsol\u00e1son is r\u00e9szt veszel. B\u00e1r ez n\u00f6veli a nyer\u00e9si es\u00e9lyeidet, egyben felem\u00e9sztheti az er\u0151forr\u00e1saidat, \u00e9s aggodalomhoz, szorong\u00e1shoz vezethet. Alap\u00edts lott\u00f3szindik\u00e1tust, \u00e9s \u00e9lvezd mindk\u00e9t vil\u00e1g el\u0151nyeit.<\/span><\/p>\n<p><b style=\"font-weight: normal;\"><\/b>R\u00e1j\u00f6vheted a csal\u00e1dodat vagy a bar\u00e1taidat, hogy j\u00e1tsszanak veled a lott\u00f3n. Egy csoport p\u00e9nzt gy\u0171jthetsz <a href=\"https:\/\/simbalotto.com\/world-draw-results\/\">szelv\u00e9nyek<\/a> v\u00e1s\u00e1rl\u00e1s\u00e1ra. Ha az egyik szelv\u00e9ny nyer, megosztoztok a nyerem\u00e9nyen.<\/p>\n<p><b style=\"font-weight: normal;\"><\/b><\/p>\n<p dir=\"ltr\" style=\"line-height: 1.38; margin-top: 0pt; margin-bottom: 0pt;\"><span style=\"font-size: 11pt; font-family: Arial; color: #000000; background-color: transparent; font-weight: 400; font-style: normal; font-variant: normal; text-decoration: none; vertical-align: baseline; white-space: pre-wrap;\">Ez fokozza a j\u00e1t\u00e9k izgalm\u00e1t \u00e9s \u00e9lm\u00e9ny\u00e9t, \u00e9s nagyszer\u0171 m\u00f3dja annak, hogy megosszunk egy hihetetlen \u00e9lm\u00e9nyt.<\/span><\/p>\n<p>&nbsp;<\/p>\n","protected":false},"excerpt":{"rendered":"<p>Teh\u00e1t a lott\u00f3z\u00e1snak nem kell komolys\u00e1ggal \u00e9s szorong\u00e1ssal j\u00e1rnia; val\u00f3j\u00e1ban j\u00f3l is sz\u00f3rakozhatsz a fogad\u00e1s k\u00f6zben. Sz\u00e1mos nemzetk\u00f6zi lott\u00f3 l\u00e9tezik, amelyeken j\u00e1tszhatsz \u00e9s \u00e9lvezheted a j\u00e1t\u00e9kot, de mi a Powerballt v\u00e1lasztottuk a magas jackpotja miatt. A Powerball egy amerikai lott\u00f3, amely n\u00e9pszer\u0171 a lott\u00f3rajong\u00f3k k\u00f6r\u00e9ben, mert valljuk be: A jackpotok megv\u00e1ltoztathatj\u00e1k az \u00e9let\u00fcket. Ha egy &hellip; <\/p>\n<p class=\"link-more\"><a href=\"https:\/\/lottoloseonline.de\/hu\/\" class=\"more-link\">Read more<span class=\"screen-reader-text\"> &#8222;Otthon&#8221;<\/span><\/a><\/p>\n","protected":false},"author":1,"featured_media":0,"parent":0,"menu_order":0,"comment_status":"closed","ping_status":"closed","template":"","meta":{"footnotes":""},"class_list":["post-298","page","type-page","status-publish","hentry"],"yoast_head":"<!-- This site is optimized with the Yoast SEO plugin v25.7 - https:\/\/yoast.com\/wordpress\/plugins\/seo\/ -->\n<title>Egy sz\u00f3rakoztat\u00f3 m\u00f3dja a Powerball lott\u00f3 j\u00e1t\u00e9k\u00e1nak<\/title>\n<meta name=\"robots\" content=\"index, follow, max-snippet:-1, max-image-preview:large, max-video-preview:-1\" \/>\n<link rel=\"canonical\" href=\"https:\/\/lottoloseonline.de\/hu\/\" \/>\n<meta property=\"og:locale\" content=\"hu_HU\" \/>\n<meta property=\"og:type\" content=\"article\" \/>\n<meta property=\"og:title\" content=\"Egy sz\u00f3rakoztat\u00f3 m\u00f3dja a Powerball lott\u00f3 j\u00e1t\u00e9k\u00e1nak\" \/>\n<meta property=\"og:description\" content=\"Teh\u00e1t a lott\u00f3z\u00e1snak nem kell komolys\u00e1ggal \u00e9s szorong\u00e1ssal j\u00e1rnia; val\u00f3j\u00e1ban j\u00f3l is sz\u00f3rakozhatsz a fogad\u00e1s k\u00f6zben. Sz\u00e1mos nemzetk\u00f6zi lott\u00f3 l\u00e9tezik, amelyeken j\u00e1tszhatsz \u00e9s \u00e9lvezheted a j\u00e1t\u00e9kot, de mi a Powerballt v\u00e1lasztottuk a magas jackpotja miatt. A Powerball egy amerikai lott\u00f3, amely n\u00e9pszer\u0171 a lott\u00f3rajong\u00f3k k\u00f6r\u00e9ben, mert valljuk be: A jackpotok megv\u00e1ltoztathatj\u00e1k az \u00e9let\u00fcket. Ha egy &hellip; Read more &quot;Otthon&quot;\" \/>\n<meta property=\"og:url\" content=\"https:\/\/lottoloseonline.de\/hu\/\" \/>\n<meta name=\"twitter:card\" content=\"summary_large_image\" \/>\n<meta name=\"twitter:label1\" content=\"Becs\u00fclt olvas\u00e1si id\u0151\" \/>\n\t<meta name=\"twitter:data1\" content=\"1 perc\" \/>\n<script type=\"application\/ld+json\" class=\"yoast-schema-graph\">{\"@context\":\"https:\/\/schema.org\",\"@graph\":[{\"@type\":\"WebPage\",\"@id\":\"https:\/\/lottoloseonline.de\/hu\/\",\"url\":\"https:\/\/lottoloseonline.de\/hu\/\",\"name\":\"Egy sz\u00f3rakoztat\u00f3 m\u00f3dja a Powerball lott\u00f3 j\u00e1t\u00e9k\u00e1nak\",\"isPartOf\":{\"@id\":\"https:\/\/lottoloseonline.de\/hu\/#website\"},\"datePublished\":\"2025-08-02T10:17:35+00:00\",\"breadcrumb\":{\"@id\":\"https:\/\/lottoloseonline.de\/hu\/#breadcrumb\"},\"inLanguage\":\"hu\",\"potentialAction\":[{\"@type\":\"ReadAction\",\"target\":[\"https:\/\/lottoloseonline.de\/hu\/\"]}]},{\"@type\":\"BreadcrumbList\",\"@id\":\"https:\/\/lottoloseonline.de\/hu\/#breadcrumb\",\"itemListElement\":[{\"@type\":\"ListItem\",\"position\":1,\"name\":\"Home\",\"item\":\"https:\/\/lottoloseonline.de\/hu\/\"},{\"@type\":\"ListItem\",\"position\":2,\"name\":\"Otthon\"}]},{\"@type\":\"WebSite\",\"@id\":\"https:\/\/lottoloseonline.de\/hu\/#website\",\"url\":\"https:\/\/lottoloseonline.de\/hu\/\",\"name\":\"\",\"description\":\"\",\"potentialAction\":[{\"@type\":\"SearchAction\",\"target\":{\"@type\":\"EntryPoint\",\"urlTemplate\":\"https:\/\/lottoloseonline.de\/hu\/?s={search_term_string}\"},\"query-input\":{\"@type\":\"PropertyValueSpecification\",\"valueRequired\":true,\"valueName\":\"search_term_string\"}}],\"inLanguage\":\"hu\"}]}<\/script>\n<!-- \/ Yoast SEO plugin. -->","yoast_head_json":{"title":"Egy sz\u00f3rakoztat\u00f3 m\u00f3dja a Powerball lott\u00f3 j\u00e1t\u00e9k\u00e1nak","robots":{"index":"index","follow":"follow","max-snippet":"max-snippet:-1","max-image-preview":"max-image-preview:large","max-video-preview":"max-video-preview:-1"},"canonical":"https:\/\/lottoloseonline.de\/hu\/","og_locale":"hu_HU","og_type":"article","og_title":"Egy sz\u00f3rakoztat\u00f3 m\u00f3dja a Powerball lott\u00f3 j\u00e1t\u00e9k\u00e1nak","og_description":"Teh\u00e1t a lott\u00f3z\u00e1snak nem kell komolys\u00e1ggal \u00e9s szorong\u00e1ssal j\u00e1rnia; val\u00f3j\u00e1ban j\u00f3l is sz\u00f3rakozhatsz a fogad\u00e1s k\u00f6zben. Sz\u00e1mos nemzetk\u00f6zi lott\u00f3 l\u00e9tezik, amelyeken j\u00e1tszhatsz \u00e9s \u00e9lvezheted a j\u00e1t\u00e9kot, de mi a Powerballt v\u00e1lasztottuk a magas jackpotja miatt. A Powerball egy amerikai lott\u00f3, amely n\u00e9pszer\u0171 a lott\u00f3rajong\u00f3k k\u00f6r\u00e9ben, mert valljuk be: A jackpotok megv\u00e1ltoztathatj\u00e1k az \u00e9let\u00fcket. Ha egy &hellip; Read more \"Otthon\"","og_url":"https:\/\/lottoloseonline.de\/hu\/","twitter_card":"summary_large_image","twitter_misc":{"Becs\u00fclt olvas\u00e1si id\u0151":"1 perc"},"schema":{"@context":"https:\/\/schema.org","@graph":[{"@type":"WebPage","@id":"https:\/\/lottoloseonline.de\/hu\/","url":"https:\/\/lottoloseonline.de\/hu\/","name":"Egy sz\u00f3rakoztat\u00f3 m\u00f3dja a Powerball lott\u00f3 j\u00e1t\u00e9k\u00e1nak","isPartOf":{"@id":"https:\/\/lottoloseonline.de\/hu\/#website"},"datePublished":"2025-08-02T10:17:35+00:00","breadcrumb":{"@id":"https:\/\/lottoloseonline.de\/hu\/#breadcrumb"},"inLanguage":"hu","potentialAction":[{"@type":"ReadAction","target":["https:\/\/lottoloseonline.de\/hu\/"]}]},{"@type":"BreadcrumbList","@id":"https:\/\/lottoloseonline.de\/hu\/#breadcrumb","itemListElement":[{"@type":"ListItem","position":1,"name":"Home","item":"https:\/\/lottoloseonline.de\/hu\/"},{"@type":"ListItem","position":2,"name":"Otthon"}]},{"@type":"WebSite","@id":"https:\/\/lottoloseonline.de\/hu\/#website","url":"https:\/\/lottoloseonline.de\/hu\/","name":"","description":"","potentialAction":[{"@type":"SearchAction","target":{"@type":"EntryPoint","urlTemplate":"https:\/\/lottoloseonline.de\/hu\/?s={search_term_string}"},"query-input":{"@type":"PropertyValueSpecification","valueRequired":true,"valueName":"search_term_string"}}],"inLanguage":"hu"}]}},"_links":{"self":[{"href":"https:\/\/lottoloseonline.de\/hu\/wp-json\/wp\/v2\/pages\/298","targetHints":{"allow":["GET"]}}],"collection":[{"href":"https:\/\/lottoloseonline.de\/hu\/wp-json\/wp\/v2\/pages"}],"about":[{"href":"https:\/\/lottoloseonline.de\/hu\/wp-json\/wp\/v2\/types\/page"}],"author":[{"embeddable":true,"href":"https:\/\/lottoloseonline.de\/hu\/wp-json\/wp\/v2\/users\/1"}],"replies":[{"embeddable":true,"href":"https:\/\/lottoloseonline.de\/hu\/wp-json\/wp\/v2\/comments?post=298"}],"version-history":[{"count":0,"href":"https:\/\/lottoloseonline.de\/hu\/wp-json\/wp\/v2\/pages\/298\/revisions"}],"wp:attachment":[{"href":"https:\/\/lottoloseonline.de\/hu\/wp-json\/wp\/v2\/media?parent=298"}],"curies":[{"name":"wp","href":"https:\/\/api.w.org\/{rel}","templated":true}]}}