{"id":296,"date":"2025-08-02T10:17:35","date_gmt":"2025-08-02T10:17:35","guid":{"rendered":"https:\/\/lottoloseonline.de\/casa\/"},"modified":"2025-08-02T10:17:35","modified_gmt":"2025-08-02T10:17:35","slug":"casa","status":"publish","type":"page","link":"https:\/\/lottoloseonline.de\/it\/","title":{"rendered":"Casa"},"content":{"rendered":"<p dir=\"ltr\" style=\"line-height: 1.38; margin-top: 0pt; margin-bottom: 0pt;\">Quindi giocare alla lotteria non deve essere necessariamente associato a seriet\u00e0 e ansia; puoi anche divertirti scommettendo. Ci sono diverse lotterie internazionali a cui puoi giocare e divertirti, ma noi scegliamo il Powerball per il suo jackpot elevato. <a href=\"https:\/\/simbalotto.com\/world-draw-results\/powerball\/\">Powerball \u00e8 una lotteria statunitense<\/a> popolare tra gli appassionati di lotterie perch\u00e9, diciamocelo: i jackpot possono cambiare la vita. Se un giocatore vince anche solo una frazione del premio offerto, la sua vita potrebbe cambiare per sempre.<\/p>\n<p><b id=\"docs-internal-guid-a13be314-7fff-43df-75bc-d05c760cb04b\" style=\"font-weight: normal;\">\u00a0<\/b>Ecco alcuni modi per divertirsi giocando al Powerball. E se ti trovi fuori dagli Stati Uniti, puoi piazzare le tue scommesse online su <a href=\"https:\/\/simbalotto.com\">simbalotto.com<\/a>. <\/p>\n<h2><b style=\"font-weight: normal;\">\u00a0<\/b><span style=\"font-size: 11pt; font-family: Arial; color: #000000; background-color: transparent; font-weight: 400; font-style: normal; font-variant: normal; text-decoration: none; vertical-align: baseline; white-space: pre-wrap;\">Crea un sindacato della lotteria<\/span><\/h2>\n<p><b style=\"font-weight: normal;\">\u00a0<\/b><span style=\"font-size: 11pt; font-family: Arial; color: #000000; background-color: transparent; font-weight: 400; font-style: normal; font-variant: normal; text-decoration: none; vertical-align: baseline; white-space: pre-wrap;\">Un buon modo per aumentare le tue possibilit\u00e0 di vincere il jackpot \u00e8 giocare frequentemente. Questo potrebbe significare acquistare pi\u00f9 biglietti per un&#8217;estrazione e partecipare a pi\u00f9 estrazioni. Se da un lato questo aumenta le probabilit\u00e0 di vincita, dall&#8217;altro pu\u00f2 anche prosciugare le risorse e causare preoccupazione e ansia. Forma un sindacato della lotteria e ottieni il meglio da entrambi i mondi.<\/p>\n<p><b style=\"font-weight: normal;\">\u00a0<\/b>Puoi convincere la tua famiglia o i tuoi amici a giocare alla lotteria con te. Un gruppo di voi pu\u00f2 mettere insieme i soldi per acquistare <a href=\"https:\/\/simbalotto.com\/world-draw-results\/\">biglietti<\/a>. Se un biglietto vince, dividete la vincita.<\/p>\n<p><b style=\"font-weight: normal;\">\u00a0<\/b><\/p>\n<p dir=\"ltr\" style=\"line-height: 1.38; margin-top: 0pt; margin-bottom: 0pt;\"><span style=\"font-size: 11pt; font-family: Arial; color: #000000; background-color: transparent; font-weight: 400; font-style: normal; font-variant: normal; text-decoration: none; vertical-align: baseline; white-space: pre-wrap;\">Questo aumenta l&#8217;emozione e l&#8217;entusiasmo del gioco ed \u00e8 un ottimo modo per condividere un&#8217;esperienza incredibile.<\/span><\/p>\n<p>&nbsp;<\/p>\n","protected":false},"excerpt":{"rendered":"<p>Quindi giocare alla lotteria non deve essere necessariamente associato a seriet\u00e0 e ansia; puoi anche divertirti scommettendo. Ci sono diverse lotterie internazionali a cui puoi giocare e divertirti, ma noi scegliamo il Powerball per il suo jackpot elevato. Powerball \u00e8 una lotteria statunitense popolare tra gli appassionati di lotterie perch\u00e9, diciamocelo: i jackpot possono cambiare &hellip; <\/p>\n<p class=\"link-more\"><a href=\"https:\/\/lottoloseonline.de\/it\/\" class=\"more-link\">Leggi tutto<span class=\"screen-reader-text\"> &#8220;Casa&#8221;<\/span><\/a><\/p>\n","protected":false},"author":1,"featured_media":0,"parent":0,"menu_order":0,"comment_status":"closed","ping_status":"closed","template":"","meta":{"footnotes":""},"class_list":["post-296","page","type-page","status-publish","hentry"],"yoast_head":"<!-- This site is optimized with the Yoast SEO plugin v25.7 - https:\/\/yoast.com\/wordpress\/plugins\/seo\/ -->\n<title>Un modo divertente per giocare alla lotteria Powerball<\/title>\n<meta name=\"robots\" content=\"index, follow, max-snippet:-1, max-image-preview:large, max-video-preview:-1\" \/>\n<link rel=\"canonical\" href=\"https:\/\/lottoloseonline.de\/it\/\" \/>\n<meta property=\"og:locale\" content=\"it_IT\" \/>\n<meta property=\"og:type\" content=\"article\" \/>\n<meta property=\"og:title\" content=\"Un modo divertente per giocare alla lotteria Powerball\" \/>\n<meta property=\"og:description\" content=\"Quindi giocare alla lotteria non deve essere necessariamente associato a seriet\u00e0 e ansia; puoi anche divertirti scommettendo. Ci sono diverse lotterie internazionali a cui puoi giocare e divertirti, ma noi scegliamo il Powerball per il suo jackpot elevato. Powerball \u00e8 una lotteria statunitense popolare tra gli appassionati di lotterie perch\u00e9, diciamocelo: i jackpot possono cambiare &hellip; Leggi tutto &quot;Casa&quot;\" \/>\n<meta property=\"og:url\" content=\"https:\/\/lottoloseonline.de\/it\/\" \/>\n<meta name=\"twitter:card\" content=\"summary_large_image\" \/>\n<meta name=\"twitter:label1\" content=\"Tempo di lettura stimato\" \/>\n\t<meta name=\"twitter:data1\" content=\"1 minuto\" \/>\n<script type=\"application\/ld+json\" class=\"yoast-schema-graph\">{\"@context\":\"https:\/\/schema.org\",\"@graph\":[{\"@type\":\"WebPage\",\"@id\":\"https:\/\/lottoloseonline.de\/it\/\",\"url\":\"https:\/\/lottoloseonline.de\/it\/\",\"name\":\"Un modo divertente per giocare alla lotteria Powerball\",\"isPartOf\":{\"@id\":\"https:\/\/lottoloseonline.de\/it\/#website\"},\"datePublished\":\"2025-08-02T10:17:35+00:00\",\"breadcrumb\":{\"@id\":\"https:\/\/lottoloseonline.de\/it\/#breadcrumb\"},\"inLanguage\":\"it-IT\",\"potentialAction\":[{\"@type\":\"ReadAction\",\"target\":[\"https:\/\/lottoloseonline.de\/it\/\"]}]},{\"@type\":\"BreadcrumbList\",\"@id\":\"https:\/\/lottoloseonline.de\/it\/#breadcrumb\",\"itemListElement\":[{\"@type\":\"ListItem\",\"position\":1,\"name\":\"Home\",\"item\":\"https:\/\/lottoloseonline.de\/it\/\"},{\"@type\":\"ListItem\",\"position\":2,\"name\":\"Casa\"}]},{\"@type\":\"WebSite\",\"@id\":\"https:\/\/lottoloseonline.de\/it\/#website\",\"url\":\"https:\/\/lottoloseonline.de\/it\/\",\"name\":\"\",\"description\":\"\",\"potentialAction\":[{\"@type\":\"SearchAction\",\"target\":{\"@type\":\"EntryPoint\",\"urlTemplate\":\"https:\/\/lottoloseonline.de\/it\/?s={search_term_string}\"},\"query-input\":{\"@type\":\"PropertyValueSpecification\",\"valueRequired\":true,\"valueName\":\"search_term_string\"}}],\"inLanguage\":\"it-IT\"}]}<\/script>\n<!-- \/ Yoast SEO plugin. -->","yoast_head_json":{"title":"Un modo divertente per giocare alla lotteria Powerball","robots":{"index":"index","follow":"follow","max-snippet":"max-snippet:-1","max-image-preview":"max-image-preview:large","max-video-preview":"max-video-preview:-1"},"canonical":"https:\/\/lottoloseonline.de\/it\/","og_locale":"it_IT","og_type":"article","og_title":"Un modo divertente per giocare alla lotteria Powerball","og_description":"Quindi giocare alla lotteria non deve essere necessariamente associato a seriet\u00e0 e ansia; puoi anche divertirti scommettendo. Ci sono diverse lotterie internazionali a cui puoi giocare e divertirti, ma noi scegliamo il Powerball per il suo jackpot elevato. Powerball \u00e8 una lotteria statunitense popolare tra gli appassionati di lotterie perch\u00e9, diciamocelo: i jackpot possono cambiare &hellip; Leggi tutto \"Casa\"","og_url":"https:\/\/lottoloseonline.de\/it\/","twitter_card":"summary_large_image","twitter_misc":{"Tempo di lettura stimato":"1 minuto"},"schema":{"@context":"https:\/\/schema.org","@graph":[{"@type":"WebPage","@id":"https:\/\/lottoloseonline.de\/it\/","url":"https:\/\/lottoloseonline.de\/it\/","name":"Un modo divertente per giocare alla lotteria Powerball","isPartOf":{"@id":"https:\/\/lottoloseonline.de\/it\/#website"},"datePublished":"2025-08-02T10:17:35+00:00","breadcrumb":{"@id":"https:\/\/lottoloseonline.de\/it\/#breadcrumb"},"inLanguage":"it-IT","potentialAction":[{"@type":"ReadAction","target":["https:\/\/lottoloseonline.de\/it\/"]}]},{"@type":"BreadcrumbList","@id":"https:\/\/lottoloseonline.de\/it\/#breadcrumb","itemListElement":[{"@type":"ListItem","position":1,"name":"Home","item":"https:\/\/lottoloseonline.de\/it\/"},{"@type":"ListItem","position":2,"name":"Casa"}]},{"@type":"WebSite","@id":"https:\/\/lottoloseonline.de\/it\/#website","url":"https:\/\/lottoloseonline.de\/it\/","name":"","description":"","potentialAction":[{"@type":"SearchAction","target":{"@type":"EntryPoint","urlTemplate":"https:\/\/lottoloseonline.de\/it\/?s={search_term_string}"},"query-input":{"@type":"PropertyValueSpecification","valueRequired":true,"valueName":"search_term_string"}}],"inLanguage":"it-IT"}]}},"_links":{"self":[{"href":"https:\/\/lottoloseonline.de\/it\/wp-json\/wp\/v2\/pages\/296","targetHints":{"allow":["GET"]}}],"collection":[{"href":"https:\/\/lottoloseonline.de\/it\/wp-json\/wp\/v2\/pages"}],"about":[{"href":"https:\/\/lottoloseonline.de\/it\/wp-json\/wp\/v2\/types\/page"}],"author":[{"embeddable":true,"href":"https:\/\/lottoloseonline.de\/it\/wp-json\/wp\/v2\/users\/1"}],"replies":[{"embeddable":true,"href":"https:\/\/lottoloseonline.de\/it\/wp-json\/wp\/v2\/comments?post=296"}],"version-history":[{"count":0,"href":"https:\/\/lottoloseonline.de\/it\/wp-json\/wp\/v2\/pages\/296\/revisions"}],"wp:attachment":[{"href":"https:\/\/lottoloseonline.de\/it\/wp-json\/wp\/v2\/media?parent=296"}],"curies":[{"name":"wp","href":"https:\/\/api.w.org\/{rel}","templated":true}]}}