{"id":293,"date":"2025-08-02T10:17:35","date_gmt":"2025-08-02T10:17:35","guid":{"rendered":"https:\/\/lottoloseonline.de\/pradzia\/"},"modified":"2025-08-02T10:17:35","modified_gmt":"2025-08-02T10:17:35","slug":"pradzia","status":"publish","type":"page","link":"https:\/\/lottoloseonline.de\/lt\/","title":{"rendered":"Prad\u017eia"},"content":{"rendered":"<p dir=\"ltr\" style=\"line-height: 1.38; margin-top: 0pt; margin-bottom: 0pt;\">Taigi, loterijos \u017eaidimas neb\u016btinai turi b\u016bti susij\u0119s su rimtumu ir nerimu; la\u017einantis i\u0161 tikr\u0173j\u0173 galima smagiai praleisti laik\u0105. Yra keletas tarptautini\u0173 loterij\u0173, kuriomis galite \u017eaisti ir m\u0117gautis, ta\u010diau mes pasirinkome \u201ePowerball\u201c d\u0117l didelio kaupiamojo prizo. <a href=\"https:\/\/simbalotto.com\/world-draw-results\/powerball\/\">\u201ePowerball\u201c yra JAV loterija<\/a>, populiari tarp loterij\u0173 gerb\u0117j\u0173, nes, b\u016bkime atviri: kaupiamieji prizai gali pakeisti gyvenim\u0105. Jei \u017eaid\u0117jas laimi tik dal\u012f si\u016blomo prizo, tai gali pakeisti jo gyvenim\u0105 am\u017eiams.<\/p>\n<p><b id=\"docs-internal-guid-a13be314-7fff-43df-75bc-d05c760cb04b\" style=\"font-weight: normal;\"><\/b>\u0160tai keletas b\u016bd\u0173, kaip smagiai praleisti laik\u0105 \u017eaid\u017eiant \u201ePowerball\u201c. O jei esate u\u017e JAV rib\u0173, galite la\u017eintis internetu adresu <a href=\"https:\/\/simbalotto.com\">simbalotto.com<\/a>. <\/p>\n<h2><b style=\"font-weight: normal;\"><\/b><span style=\"font-size: 11pt; font-family: Arial; color: #000000; background-color: transparent; font-weight: 400; font-style: normal; font-variant: normal; text-decoration: none; vertical-align: baseline; white-space: pre-wrap;\">Sukurkite loterijos sindikat\u0105<\/span><\/h2>\n<p><b style=\"font-weight: normal;\"><\/b><span style=\"font-size: 11pt; font-family: Arial; color: #000000; background-color: transparent; font-weight: 400; font-style: normal; font-variant: normal; text-decoration: none; vertical-align: baseline; white-space: pre-wrap;\">Geras b\u016bdas padidinti savo galimybes laim\u0117ti did\u012fj\u012f priz\u0105 \u2013 \u017eaisti da\u017enai. Tai gali reik\u0161ti keli\u0173 biliet\u0173 pirkim\u0105 vienam lo\u0161imui ir dalyvavim\u0105 keliuose lo\u0161imuose. Nors tai padidina j\u016bs\u0173 laim\u0117jimo galimybes, tai taip pat gali i\u0161sekinti j\u016bs\u0173 i\u0161teklius ir sukelti nerim\u0105 bei nerim\u0105. \u012ekurkite loterijos sindikat\u0105 ir gaukite geriausi\u0105 i\u0161 abiej\u0173 pasauli\u0173.<\/span><\/p>\n<p><b style=\"font-weight: normal;\"><\/b>Galite \u012ftikinti savo \u0161eim\u0105 ar draugus \u017eaisti loterijoje kartu su jumis. J\u016bs\u0173 grup\u0117 gali sujungti pinigus, kad nusipirkt\u0173 <a href=\"https:\/\/simbalotto.com\/world-draw-results\/\">bilietus<\/a>. Jei laimi vienas bilietas, laim\u0117jim\u0105 pasidalinsite.<\/p>\n<p><b style=\"font-weight: normal;\"><\/b><\/p>\n<p dir=\"ltr\" style=\"line-height: 1.38; margin-top: 0pt; margin-bottom: 0pt;\"><span style=\"font-size: 11pt; font-family: Arial; color: #000000; background-color: transparent; font-weight: 400; font-style: normal; font-variant: normal; text-decoration: none; vertical-align: baseline; white-space: pre-wrap;\">Tai padidina \u017eaidimo jaudul\u012f ir malonum\u0105 bei yra puikus b\u016bdas pasidalinti ne\u012ftik\u0117tina patirtimi.<\/span><\/p>\n<p>&nbsp;<\/p>\n","protected":false},"excerpt":{"rendered":"<p>Taigi, loterijos \u017eaidimas neb\u016btinai turi b\u016bti susij\u0119s su rimtumu ir nerimu; la\u017einantis i\u0161 tikr\u0173j\u0173 galima smagiai praleisti laik\u0105. Yra keletas tarptautini\u0173 loterij\u0173, kuriomis galite \u017eaisti ir m\u0117gautis, ta\u010diau mes pasirinkome \u201ePowerball\u201c d\u0117l didelio kaupiamojo prizo. \u201ePowerball\u201c yra JAV loterija, populiari tarp loterij\u0173 gerb\u0117j\u0173, nes, b\u016bkime atviri: kaupiamieji prizai gali pakeisti gyvenim\u0105. Jei \u017eaid\u0117jas laimi tik &hellip; <\/p>\n<p class=\"link-more\"><a href=\"https:\/\/lottoloseonline.de\/lt\/\" class=\"more-link\">Read more<span class=\"screen-reader-text\"> &#8222;Prad\u017eia&#8221;<\/span><\/a><\/p>\n","protected":false},"author":1,"featured_media":0,"parent":0,"menu_order":0,"comment_status":"closed","ping_status":"closed","template":"","meta":{"footnotes":""},"class_list":["post-293","page","type-page","status-publish","hentry"],"yoast_head":"<!-- This site is optimized with the Yoast SEO plugin v25.7 - https:\/\/yoast.com\/wordpress\/plugins\/seo\/ -->\n<title>\u012edomus b\u016bdas \u017eaisti \u201ePowerball\u201c loterij\u0105<\/title>\n<meta name=\"robots\" content=\"index, follow, max-snippet:-1, max-image-preview:large, max-video-preview:-1\" \/>\n<link rel=\"canonical\" href=\"https:\/\/lottoloseonline.de\/lt\/\" \/>\n<meta property=\"og:locale\" content=\"lt_LT\" \/>\n<meta property=\"og:type\" content=\"article\" \/>\n<meta property=\"og:title\" content=\"\u012edomus b\u016bdas \u017eaisti \u201ePowerball\u201c loterij\u0105\" \/>\n<meta property=\"og:description\" content=\"Taigi, loterijos \u017eaidimas neb\u016btinai turi b\u016bti susij\u0119s su rimtumu ir nerimu; la\u017einantis i\u0161 tikr\u0173j\u0173 galima smagiai praleisti laik\u0105. Yra keletas tarptautini\u0173 loterij\u0173, kuriomis galite \u017eaisti ir m\u0117gautis, ta\u010diau mes pasirinkome \u201ePowerball\u201c d\u0117l didelio kaupiamojo prizo. \u201ePowerball\u201c yra JAV loterija, populiari tarp loterij\u0173 gerb\u0117j\u0173, nes, b\u016bkime atviri: kaupiamieji prizai gali pakeisti gyvenim\u0105. Jei \u017eaid\u0117jas laimi tik &hellip; Read more &quot;Prad\u017eia&quot;\" \/>\n<meta property=\"og:url\" content=\"https:\/\/lottoloseonline.de\/lt\/\" \/>\n<meta name=\"twitter:card\" content=\"summary_large_image\" \/>\n<meta name=\"twitter:label1\" content=\"Est. reading time\" \/>\n\t<meta name=\"twitter:data1\" content=\"1 minut\u0117\" \/>\n<script type=\"application\/ld+json\" class=\"yoast-schema-graph\">{\"@context\":\"https:\/\/schema.org\",\"@graph\":[{\"@type\":\"WebPage\",\"@id\":\"https:\/\/lottoloseonline.de\/lt\/\",\"url\":\"https:\/\/lottoloseonline.de\/lt\/\",\"name\":\"\u012edomus b\u016bdas \u017eaisti \u201ePowerball\u201c loterij\u0105\",\"isPartOf\":{\"@id\":\"https:\/\/lottoloseonline.de\/lt\/#website\"},\"datePublished\":\"2025-08-02T10:17:35+00:00\",\"breadcrumb\":{\"@id\":\"https:\/\/lottoloseonline.de\/lt\/#breadcrumb\"},\"inLanguage\":\"lt-LT\",\"potentialAction\":[{\"@type\":\"ReadAction\",\"target\":[\"https:\/\/lottoloseonline.de\/lt\/\"]}]},{\"@type\":\"BreadcrumbList\",\"@id\":\"https:\/\/lottoloseonline.de\/lt\/#breadcrumb\",\"itemListElement\":[{\"@type\":\"ListItem\",\"position\":1,\"name\":\"Home\",\"item\":\"https:\/\/lottoloseonline.de\/lt\/\"},{\"@type\":\"ListItem\",\"position\":2,\"name\":\"Prad\u017eia\"}]},{\"@type\":\"WebSite\",\"@id\":\"https:\/\/lottoloseonline.de\/lt\/#website\",\"url\":\"https:\/\/lottoloseonline.de\/lt\/\",\"name\":\"\",\"description\":\"\",\"potentialAction\":[{\"@type\":\"SearchAction\",\"target\":{\"@type\":\"EntryPoint\",\"urlTemplate\":\"https:\/\/lottoloseonline.de\/lt\/?s={search_term_string}\"},\"query-input\":{\"@type\":\"PropertyValueSpecification\",\"valueRequired\":true,\"valueName\":\"search_term_string\"}}],\"inLanguage\":\"lt-LT\"}]}<\/script>\n<!-- \/ Yoast SEO plugin. -->","yoast_head_json":{"title":"\u012edomus b\u016bdas \u017eaisti \u201ePowerball\u201c loterij\u0105","robots":{"index":"index","follow":"follow","max-snippet":"max-snippet:-1","max-image-preview":"max-image-preview:large","max-video-preview":"max-video-preview:-1"},"canonical":"https:\/\/lottoloseonline.de\/lt\/","og_locale":"lt_LT","og_type":"article","og_title":"\u012edomus b\u016bdas \u017eaisti \u201ePowerball\u201c loterij\u0105","og_description":"Taigi, loterijos \u017eaidimas neb\u016btinai turi b\u016bti susij\u0119s su rimtumu ir nerimu; la\u017einantis i\u0161 tikr\u0173j\u0173 galima smagiai praleisti laik\u0105. Yra keletas tarptautini\u0173 loterij\u0173, kuriomis galite \u017eaisti ir m\u0117gautis, ta\u010diau mes pasirinkome \u201ePowerball\u201c d\u0117l didelio kaupiamojo prizo. \u201ePowerball\u201c yra JAV loterija, populiari tarp loterij\u0173 gerb\u0117j\u0173, nes, b\u016bkime atviri: kaupiamieji prizai gali pakeisti gyvenim\u0105. Jei \u017eaid\u0117jas laimi tik &hellip; Read more \"Prad\u017eia\"","og_url":"https:\/\/lottoloseonline.de\/lt\/","twitter_card":"summary_large_image","twitter_misc":{"Est. reading time":"1 minut\u0117"},"schema":{"@context":"https:\/\/schema.org","@graph":[{"@type":"WebPage","@id":"https:\/\/lottoloseonline.de\/lt\/","url":"https:\/\/lottoloseonline.de\/lt\/","name":"\u012edomus b\u016bdas \u017eaisti \u201ePowerball\u201c loterij\u0105","isPartOf":{"@id":"https:\/\/lottoloseonline.de\/lt\/#website"},"datePublished":"2025-08-02T10:17:35+00:00","breadcrumb":{"@id":"https:\/\/lottoloseonline.de\/lt\/#breadcrumb"},"inLanguage":"lt-LT","potentialAction":[{"@type":"ReadAction","target":["https:\/\/lottoloseonline.de\/lt\/"]}]},{"@type":"BreadcrumbList","@id":"https:\/\/lottoloseonline.de\/lt\/#breadcrumb","itemListElement":[{"@type":"ListItem","position":1,"name":"Home","item":"https:\/\/lottoloseonline.de\/lt\/"},{"@type":"ListItem","position":2,"name":"Prad\u017eia"}]},{"@type":"WebSite","@id":"https:\/\/lottoloseonline.de\/lt\/#website","url":"https:\/\/lottoloseonline.de\/lt\/","name":"","description":"","potentialAction":[{"@type":"SearchAction","target":{"@type":"EntryPoint","urlTemplate":"https:\/\/lottoloseonline.de\/lt\/?s={search_term_string}"},"query-input":{"@type":"PropertyValueSpecification","valueRequired":true,"valueName":"search_term_string"}}],"inLanguage":"lt-LT"}]}},"_links":{"self":[{"href":"https:\/\/lottoloseonline.de\/lt\/wp-json\/wp\/v2\/pages\/293","targetHints":{"allow":["GET"]}}],"collection":[{"href":"https:\/\/lottoloseonline.de\/lt\/wp-json\/wp\/v2\/pages"}],"about":[{"href":"https:\/\/lottoloseonline.de\/lt\/wp-json\/wp\/v2\/types\/page"}],"author":[{"embeddable":true,"href":"https:\/\/lottoloseonline.de\/lt\/wp-json\/wp\/v2\/users\/1"}],"replies":[{"embeddable":true,"href":"https:\/\/lottoloseonline.de\/lt\/wp-json\/wp\/v2\/comments?post=293"}],"version-history":[{"count":0,"href":"https:\/\/lottoloseonline.de\/lt\/wp-json\/wp\/v2\/pages\/293\/revisions"}],"wp:attachment":[{"href":"https:\/\/lottoloseonline.de\/lt\/wp-json\/wp\/v2\/media?parent=293"}],"curies":[{"name":"wp","href":"https:\/\/api.w.org\/{rel}","templated":true}]}}