{"id":295,"date":"2025-08-02T10:17:35","date_gmt":"2025-08-02T10:17:35","guid":{"rendered":"https:\/\/lottoloseonline.de\/sakums\/"},"modified":"2025-08-02T10:17:35","modified_gmt":"2025-08-02T10:17:35","slug":"sakums","status":"publish","type":"page","link":"https:\/\/lottoloseonline.de\/lv\/","title":{"rendered":"S\u0101kums"},"content":{"rendered":"<p dir=\"ltr\" style=\"line-height: 1.38; margin-top: 0pt; margin-bottom: 0pt;\">T\u0101tad loterijas sp\u0113l\u0113\u0161anai nav j\u0101b\u016bt saist\u012btai ar nopietn\u012bbu un nemieru; j\u016bs paties\u012bb\u0101 varat izklaid\u0113ties, veicot likmes. Ir vair\u0101kas starptautiskas loterijas, kuras varat sp\u0113l\u0113t un baud\u012bt, ta\u010du m\u0113s izv\u0113lamies Powerball t\u0101s augst\u0101 d\u017eekpota d\u0113\u013c. <a href=\"https:\/\/simbalotto.com\/world-draw-results\/powerball\/\">Powerball ir ASV loterija<\/a>, kas ir popul\u0101ra loteriju fanu vid\u016b, jo, atz\u012bsim: d\u017eekpoti var main\u012bt dz\u012bvi. Ja sp\u0113l\u0113t\u0101js vinn\u0113 tikai da\u013cu no pied\u0101v\u0101t\u0101s balvas, tas var main\u012bt vi\u0146a dz\u012bvi uz visiem laikiem.<\/p>\n<p><b id=\"docs-internal-guid-a13be314-7fff-43df-75bc-d05c760cb04b\" style=\"font-weight: normal;\"><\/b>L\u016bk, da\u017ei veidi, k\u0101 izklaid\u0113ties, sp\u0113l\u0113jot Powerball. Un, ja atrodaties \u0101rpus ASV, varat veikt likmes tie\u0161saist\u0113 vietn\u0113 <a href=\"https:\/\/simbalotto.com\">simbalotto.com<\/a>. <\/p>\n<h2><b style=\"font-weight: normal;\"><\/b><span style=\"font-size: 11pt; font-family: Arial; color: #000000; background-color: transparent; font-weight: 400; font-style: normal; font-variant: normal; text-decoration: none; vertical-align: baseline; white-space: pre-wrap;\">Izveidot loterijas sindik\u0101tu<\/span><\/h2>\n<p><b style=\"font-weight: normal;\"><\/b><span style=\"font-size: 11pt; font-family: Arial; color: #000000; background-color: transparent; font-weight: 400; font-style: normal; font-variant: normal; text-decoration: none; vertical-align: baseline; white-space: pre-wrap;\">Labs veids, k\u0101 palielin\u0101t savas izredzes laim\u0113t d\u017eekpotu, ir sp\u0113l\u0113t bie\u017ei. Tas var\u0113tu noz\u012bm\u0113t vair\u0101ku bi\u013ce\u0161u ieg\u0101di vienai izlozei un dal\u012bbu vair\u0101k\u0101s izloz\u0113s. Lai gan tas palielina j\u016bsu izredzes uzvar\u0113t, tas var ar\u012b iztuk\u0161ot j\u016bsu resursus un rad\u012bt raizes un nemieru. Izveidojiet loterijas sindik\u0101tu un ieg\u016bstiet lab\u0101ko no ab\u0101m pasaul\u0113m.<\/span><\/p>\n<p><b style=\"font-weight: normal;\"><\/b>J\u016bs varat pierun\u0101t savu \u0123imeni vai draugus sp\u0113l\u0113t loteriju kop\u0101 ar jums. J\u016bsu grupa var apvienot naudu, lai ieg\u0101d\u0101tos <a href=\"https:\/\/simbalotto.com\/world-draw-results\/\">bi\u013cetes<\/a>. Ja viena bi\u013cete uzvar, j\u016bs dal\u0101t laimestu.<\/p>\n<p><b style=\"font-weight: normal;\"><\/b><\/p>\n<p dir=\"ltr\" style=\"line-height: 1.38; margin-top: 0pt; margin-bottom: 0pt;\"><span style=\"font-size: 11pt; font-family: Arial; color: #000000; background-color: transparent; font-weight: 400; font-style: normal; font-variant: normal; text-decoration: none; vertical-align: baseline; white-space: pre-wrap;\">Tas palielina sp\u0113les aizraut\u012bbu un saj\u016bsmu, un tas ir lielisks veids, k\u0101 dal\u012bties neticam\u0101 pieredz\u0113.<\/span><\/p>\n<p>&nbsp;<\/p>\n","protected":false},"excerpt":{"rendered":"<p>T\u0101tad loterijas sp\u0113l\u0113\u0161anai nav j\u0101b\u016bt saist\u012btai ar nopietn\u012bbu un nemieru; j\u016bs paties\u012bb\u0101 varat izklaid\u0113ties, veicot likmes. Ir vair\u0101kas starptautiskas loterijas, kuras varat sp\u0113l\u0113t un baud\u012bt, ta\u010du m\u0113s izv\u0113lamies Powerball t\u0101s augst\u0101 d\u017eekpota d\u0113\u013c. Powerball ir ASV loterija, kas ir popul\u0101ra loteriju fanu vid\u016b, jo, atz\u012bsim: d\u017eekpoti var main\u012bt dz\u012bvi. Ja sp\u0113l\u0113t\u0101js vinn\u0113 tikai da\u013cu no &hellip; <\/p>\n<p class=\"link-more\"><a href=\"https:\/\/lottoloseonline.de\/lv\/\" class=\"more-link\">Read more<span class=\"screen-reader-text\"> &#8220;S\u0101kums&#8221;<\/span><\/a><\/p>\n","protected":false},"author":1,"featured_media":0,"parent":0,"menu_order":0,"comment_status":"closed","ping_status":"closed","template":"","meta":{"footnotes":""},"class_list":["post-295","page","type-page","status-publish","hentry"],"yoast_head":"<!-- This site is optimized with the Yoast SEO plugin v25.7 - https:\/\/yoast.com\/wordpress\/plugins\/seo\/ -->\n<title>Jautrs veids, k\u0101 sp\u0113l\u0113t Powerball loteriju<\/title>\n<meta name=\"robots\" content=\"index, follow, max-snippet:-1, max-image-preview:large, max-video-preview:-1\" \/>\n<link rel=\"canonical\" href=\"https:\/\/lottoloseonline.de\/lv\/\" \/>\n<meta property=\"og:locale\" content=\"lv_LV\" \/>\n<meta property=\"og:type\" content=\"article\" \/>\n<meta property=\"og:title\" content=\"Jautrs veids, k\u0101 sp\u0113l\u0113t Powerball loteriju\" \/>\n<meta property=\"og:description\" content=\"T\u0101tad loterijas sp\u0113l\u0113\u0161anai nav j\u0101b\u016bt saist\u012btai ar nopietn\u012bbu un nemieru; j\u016bs paties\u012bb\u0101 varat izklaid\u0113ties, veicot likmes. Ir vair\u0101kas starptautiskas loterijas, kuras varat sp\u0113l\u0113t un baud\u012bt, ta\u010du m\u0113s izv\u0113lamies Powerball t\u0101s augst\u0101 d\u017eekpota d\u0113\u013c. Powerball ir ASV loterija, kas ir popul\u0101ra loteriju fanu vid\u016b, jo, atz\u012bsim: d\u017eekpoti var main\u012bt dz\u012bvi. Ja sp\u0113l\u0113t\u0101js vinn\u0113 tikai da\u013cu no &hellip; Read more &quot;S\u0101kums&quot;\" \/>\n<meta property=\"og:url\" content=\"https:\/\/lottoloseonline.de\/lv\/\" \/>\n<meta name=\"twitter:card\" content=\"summary_large_image\" \/>\n<meta name=\"twitter:label1\" content=\"Est. reading time\" \/>\n\t<meta name=\"twitter:data1\" content=\"1 minute\" \/>\n<script type=\"application\/ld+json\" class=\"yoast-schema-graph\">{\"@context\":\"https:\/\/schema.org\",\"@graph\":[{\"@type\":\"WebPage\",\"@id\":\"https:\/\/lottoloseonline.de\/lv\/\",\"url\":\"https:\/\/lottoloseonline.de\/lv\/\",\"name\":\"Jautrs veids, k\u0101 sp\u0113l\u0113t Powerball loteriju\",\"isPartOf\":{\"@id\":\"https:\/\/lottoloseonline.de\/lv\/#website\"},\"datePublished\":\"2025-08-02T10:17:35+00:00\",\"breadcrumb\":{\"@id\":\"https:\/\/lottoloseonline.de\/lv\/#breadcrumb\"},\"inLanguage\":\"lv-LV\",\"potentialAction\":[{\"@type\":\"ReadAction\",\"target\":[\"https:\/\/lottoloseonline.de\/lv\/\"]}]},{\"@type\":\"BreadcrumbList\",\"@id\":\"https:\/\/lottoloseonline.de\/lv\/#breadcrumb\",\"itemListElement\":[{\"@type\":\"ListItem\",\"position\":1,\"name\":\"Home\",\"item\":\"https:\/\/lottoloseonline.de\/lv\/\"},{\"@type\":\"ListItem\",\"position\":2,\"name\":\"S\u0101kums\"}]},{\"@type\":\"WebSite\",\"@id\":\"https:\/\/lottoloseonline.de\/lv\/#website\",\"url\":\"https:\/\/lottoloseonline.de\/lv\/\",\"name\":\"\",\"description\":\"\",\"potentialAction\":[{\"@type\":\"SearchAction\",\"target\":{\"@type\":\"EntryPoint\",\"urlTemplate\":\"https:\/\/lottoloseonline.de\/lv\/?s={search_term_string}\"},\"query-input\":{\"@type\":\"PropertyValueSpecification\",\"valueRequired\":true,\"valueName\":\"search_term_string\"}}],\"inLanguage\":\"lv-LV\"}]}<\/script>\n<!-- \/ Yoast SEO plugin. -->","yoast_head_json":{"title":"Jautrs veids, k\u0101 sp\u0113l\u0113t Powerball loteriju","robots":{"index":"index","follow":"follow","max-snippet":"max-snippet:-1","max-image-preview":"max-image-preview:large","max-video-preview":"max-video-preview:-1"},"canonical":"https:\/\/lottoloseonline.de\/lv\/","og_locale":"lv_LV","og_type":"article","og_title":"Jautrs veids, k\u0101 sp\u0113l\u0113t Powerball loteriju","og_description":"T\u0101tad loterijas sp\u0113l\u0113\u0161anai nav j\u0101b\u016bt saist\u012btai ar nopietn\u012bbu un nemieru; j\u016bs paties\u012bb\u0101 varat izklaid\u0113ties, veicot likmes. Ir vair\u0101kas starptautiskas loterijas, kuras varat sp\u0113l\u0113t un baud\u012bt, ta\u010du m\u0113s izv\u0113lamies Powerball t\u0101s augst\u0101 d\u017eekpota d\u0113\u013c. Powerball ir ASV loterija, kas ir popul\u0101ra loteriju fanu vid\u016b, jo, atz\u012bsim: d\u017eekpoti var main\u012bt dz\u012bvi. Ja sp\u0113l\u0113t\u0101js vinn\u0113 tikai da\u013cu no &hellip; Read more \"S\u0101kums\"","og_url":"https:\/\/lottoloseonline.de\/lv\/","twitter_card":"summary_large_image","twitter_misc":{"Est. reading time":"1 minute"},"schema":{"@context":"https:\/\/schema.org","@graph":[{"@type":"WebPage","@id":"https:\/\/lottoloseonline.de\/lv\/","url":"https:\/\/lottoloseonline.de\/lv\/","name":"Jautrs veids, k\u0101 sp\u0113l\u0113t Powerball loteriju","isPartOf":{"@id":"https:\/\/lottoloseonline.de\/lv\/#website"},"datePublished":"2025-08-02T10:17:35+00:00","breadcrumb":{"@id":"https:\/\/lottoloseonline.de\/lv\/#breadcrumb"},"inLanguage":"lv-LV","potentialAction":[{"@type":"ReadAction","target":["https:\/\/lottoloseonline.de\/lv\/"]}]},{"@type":"BreadcrumbList","@id":"https:\/\/lottoloseonline.de\/lv\/#breadcrumb","itemListElement":[{"@type":"ListItem","position":1,"name":"Home","item":"https:\/\/lottoloseonline.de\/lv\/"},{"@type":"ListItem","position":2,"name":"S\u0101kums"}]},{"@type":"WebSite","@id":"https:\/\/lottoloseonline.de\/lv\/#website","url":"https:\/\/lottoloseonline.de\/lv\/","name":"","description":"","potentialAction":[{"@type":"SearchAction","target":{"@type":"EntryPoint","urlTemplate":"https:\/\/lottoloseonline.de\/lv\/?s={search_term_string}"},"query-input":{"@type":"PropertyValueSpecification","valueRequired":true,"valueName":"search_term_string"}}],"inLanguage":"lv-LV"}]}},"_links":{"self":[{"href":"https:\/\/lottoloseonline.de\/lv\/wp-json\/wp\/v2\/pages\/295","targetHints":{"allow":["GET"]}}],"collection":[{"href":"https:\/\/lottoloseonline.de\/lv\/wp-json\/wp\/v2\/pages"}],"about":[{"href":"https:\/\/lottoloseonline.de\/lv\/wp-json\/wp\/v2\/types\/page"}],"author":[{"embeddable":true,"href":"https:\/\/lottoloseonline.de\/lv\/wp-json\/wp\/v2\/users\/1"}],"replies":[{"embeddable":true,"href":"https:\/\/lottoloseonline.de\/lv\/wp-json\/wp\/v2\/comments?post=295"}],"version-history":[{"count":0,"href":"https:\/\/lottoloseonline.de\/lv\/wp-json\/wp\/v2\/pages\/295\/revisions"}],"wp:attachment":[{"href":"https:\/\/lottoloseonline.de\/lv\/wp-json\/wp\/v2\/media?parent=295"}],"curies":[{"name":"wp","href":"https:\/\/api.w.org\/{rel}","templated":true}]}}