{"id":301,"date":"2025-08-02T10:17:35","date_gmt":"2025-08-02T10:17:35","guid":{"rendered":"https:\/\/lottoloseonline.de\/hjem\/"},"modified":"2025-08-02T10:17:35","modified_gmt":"2025-08-02T10:17:35","slug":"hjem","status":"publish","type":"page","link":"https:\/\/lottoloseonline.de\/no\/","title":{"rendered":"Hjem"},"content":{"rendered":"<p dir=\"ltr\" style=\"line-height: 1.38; margin-top: 0pt; margin-bottom: 0pt;\">S\u00e5 det \u00e5 spille lotto trenger ikke \u00e5 v\u00e6re forbundet med alvor og angst; du kan faktisk ha det g\u00f8y mens du spiller. Det finnes flere internasjonale lotterier du kan spille og kose deg med, men vi velger Powerball p\u00e5 grunn av den h\u00f8ye jackpotten. <a href=\"https:\/\/simbalotto.com\/world-draw-results\/powerball\/\">Powerball er et amerikansk lotteri<\/a> som er popul\u00e6rt blant lottofans fordi, la oss innse det: Jackpottene kan v\u00e6re livsforandrende. Hvis en spiller vinner bare en br\u00f8kdel av premien som tilbys, kan det forandre livet deres for alltid.<\/p>\n<p><b id=\"docs-internal-guid-a13be314-7fff-43df-75bc-d05c760cb04b\" style=\"font-weight: normal;\">\u00a0<\/b>Her er noen m\u00e5ter \u00e5 ha det g\u00f8y med \u00e5 spille Powerball. Og hvis du er utenfor USA, kan du plassere innsatsene dine p\u00e5 nett p\u00e5 <a href=\"https:\/\/simbalotto.com\">simbalotto.com<\/a>. <\/p>\n<h2><b style=\"font-weight: normal;\">\u00a0<\/b><span style=\"font-size: 11pt; font-family: Arial; color: #000000; background-color: transparent; font-weight: 400; font-style: normal; font-variant: normal; text-decoration: none; vertical-align: baseline; white-space: pre-wrap;\">Dann et lotterisyndikat<\/span><\/h2>\n<p><b style=\"font-weight: normal;\">\u00a0<\/b><span style=\"font-size: 11pt; font-family: Arial; color: #000000; background-color: transparent; font-weight: 400; font-style: normal; font-variant: normal; text-decoration: none; vertical-align: baseline; white-space: pre-wrap;\">En god m\u00e5te \u00e5 \u00f8ke sjansene dine for \u00e5 vinne jackpotten p\u00e5 er \u00e5 spille ofte. Dette kan bety \u00e5 kj\u00f8pe flere lodd til \u00e9n trekning og delta i flere trekninger. Selv om dette \u00f8ker vinnersjansene dine, kan det ogs\u00e5 tappe ressursene dine og f\u00f8re til bekymring og angst. Dann et lotterisyndikat og f\u00e5 det beste fra begge verdener.<\/span><\/p>\n<p><b style=\"font-weight: normal;\"><\/b>Du kan overtale familie eller venner til \u00e5 spille i lotto med deg. En gruppe av dere kan samle penger for \u00e5 kj\u00f8pe <a href=\"https:\/\/simbalotto.com\/world-draw-results\/\">kuponger<\/a>. Hvis \u00e9n billett vinner, deler dere gevinsten.<\/p>\n<p><b style=\"font-weight: normal;\">\u00a0<\/b><\/p>\n<p dir=\"ltr\" style=\"line-height: 1.38; margin-top: 0pt; margin-bottom: 0pt;\"><span style=\"font-size: 11pt; font-family: Arial; color: #000000; background-color: transparent; font-weight: 400; font-style: normal; font-variant: normal; text-decoration: none; vertical-align: baseline; white-space: pre-wrap;\">Dette \u00f8ker spenningen i spillet og er en flott m\u00e5te \u00e5 dele en utrolig opplevelse p\u00e5.<\/span><\/p>\n","protected":false},"excerpt":{"rendered":"<p>S\u00e5 det \u00e5 spille lotto trenger ikke \u00e5 v\u00e6re forbundet med alvor og angst; du kan faktisk ha det g\u00f8y mens du spiller. Det finnes flere internasjonale lotterier du kan spille og kose deg med, men vi velger Powerball p\u00e5 grunn av den h\u00f8ye jackpotten. Powerball er et amerikansk lotteri som er popul\u00e6rt blant lottofans &hellip; <\/p>\n<p class=\"link-more\"><a href=\"https:\/\/lottoloseonline.de\/no\/\" class=\"more-link\">Read more<span class=\"screen-reader-text\"> &laquo;Hjem&raquo;<\/span><\/a><\/p>\n","protected":false},"author":1,"featured_media":0,"parent":0,"menu_order":0,"comment_status":"closed","ping_status":"closed","template":"","meta":{"footnotes":""},"class_list":["post-301","page","type-page","status-publish","hentry"],"yoast_head":"<!-- This site is optimized with the Yoast SEO plugin v25.7 - https:\/\/yoast.com\/wordpress\/plugins\/seo\/ -->\n<title>En morsom m\u00e5te \u00e5 spille Powerball-lotteri p\u00e5<\/title>\n<meta name=\"robots\" content=\"index, follow, max-snippet:-1, max-image-preview:large, max-video-preview:-1\" \/>\n<link rel=\"canonical\" href=\"https:\/\/lottoloseonline.de\/no\/\" \/>\n<meta property=\"og:locale\" content=\"nb_NO\" \/>\n<meta property=\"og:type\" content=\"article\" \/>\n<meta property=\"og:title\" content=\"En morsom m\u00e5te \u00e5 spille Powerball-lotteri p\u00e5\" \/>\n<meta property=\"og:description\" content=\"S\u00e5 det \u00e5 spille lotto trenger ikke \u00e5 v\u00e6re forbundet med alvor og angst; du kan faktisk ha det g\u00f8y mens du spiller. Det finnes flere internasjonale lotterier du kan spille og kose deg med, men vi velger Powerball p\u00e5 grunn av den h\u00f8ye jackpotten. Powerball er et amerikansk lotteri som er popul\u00e6rt blant lottofans &hellip; Read more &quot;Hjem&quot;\" \/>\n<meta property=\"og:url\" content=\"https:\/\/lottoloseonline.de\/no\/\" \/>\n<meta name=\"twitter:card\" content=\"summary_large_image\" \/>\n<meta name=\"twitter:label1\" content=\"Ansl. lesetid\" \/>\n\t<meta name=\"twitter:data1\" content=\"1 minutt\" \/>\n<script type=\"application\/ld+json\" class=\"yoast-schema-graph\">{\"@context\":\"https:\/\/schema.org\",\"@graph\":[{\"@type\":\"WebPage\",\"@id\":\"https:\/\/lottoloseonline.de\/no\/\",\"url\":\"https:\/\/lottoloseonline.de\/no\/\",\"name\":\"En morsom m\u00e5te \u00e5 spille Powerball-lotteri p\u00e5\",\"isPartOf\":{\"@id\":\"https:\/\/lottoloseonline.de\/no\/#website\"},\"datePublished\":\"2025-08-02T10:17:35+00:00\",\"breadcrumb\":{\"@id\":\"https:\/\/lottoloseonline.de\/no\/#breadcrumb\"},\"inLanguage\":\"nb-NO\",\"potentialAction\":[{\"@type\":\"ReadAction\",\"target\":[\"https:\/\/lottoloseonline.de\/no\/\"]}]},{\"@type\":\"BreadcrumbList\",\"@id\":\"https:\/\/lottoloseonline.de\/no\/#breadcrumb\",\"itemListElement\":[{\"@type\":\"ListItem\",\"position\":1,\"name\":\"Home\",\"item\":\"https:\/\/lottoloseonline.de\/no\/\"},{\"@type\":\"ListItem\",\"position\":2,\"name\":\"Hjem\"}]},{\"@type\":\"WebSite\",\"@id\":\"https:\/\/lottoloseonline.de\/no\/#website\",\"url\":\"https:\/\/lottoloseonline.de\/no\/\",\"name\":\"\",\"description\":\"\",\"potentialAction\":[{\"@type\":\"SearchAction\",\"target\":{\"@type\":\"EntryPoint\",\"urlTemplate\":\"https:\/\/lottoloseonline.de\/no\/?s={search_term_string}\"},\"query-input\":{\"@type\":\"PropertyValueSpecification\",\"valueRequired\":true,\"valueName\":\"search_term_string\"}}],\"inLanguage\":\"nb-NO\"}]}<\/script>\n<!-- \/ Yoast SEO plugin. -->","yoast_head_json":{"title":"En morsom m\u00e5te \u00e5 spille Powerball-lotteri p\u00e5","robots":{"index":"index","follow":"follow","max-snippet":"max-snippet:-1","max-image-preview":"max-image-preview:large","max-video-preview":"max-video-preview:-1"},"canonical":"https:\/\/lottoloseonline.de\/no\/","og_locale":"nb_NO","og_type":"article","og_title":"En morsom m\u00e5te \u00e5 spille Powerball-lotteri p\u00e5","og_description":"S\u00e5 det \u00e5 spille lotto trenger ikke \u00e5 v\u00e6re forbundet med alvor og angst; du kan faktisk ha det g\u00f8y mens du spiller. Det finnes flere internasjonale lotterier du kan spille og kose deg med, men vi velger Powerball p\u00e5 grunn av den h\u00f8ye jackpotten. Powerball er et amerikansk lotteri som er popul\u00e6rt blant lottofans &hellip; Read more \"Hjem\"","og_url":"https:\/\/lottoloseonline.de\/no\/","twitter_card":"summary_large_image","twitter_misc":{"Ansl. lesetid":"1 minutt"},"schema":{"@context":"https:\/\/schema.org","@graph":[{"@type":"WebPage","@id":"https:\/\/lottoloseonline.de\/no\/","url":"https:\/\/lottoloseonline.de\/no\/","name":"En morsom m\u00e5te \u00e5 spille Powerball-lotteri p\u00e5","isPartOf":{"@id":"https:\/\/lottoloseonline.de\/no\/#website"},"datePublished":"2025-08-02T10:17:35+00:00","breadcrumb":{"@id":"https:\/\/lottoloseonline.de\/no\/#breadcrumb"},"inLanguage":"nb-NO","potentialAction":[{"@type":"ReadAction","target":["https:\/\/lottoloseonline.de\/no\/"]}]},{"@type":"BreadcrumbList","@id":"https:\/\/lottoloseonline.de\/no\/#breadcrumb","itemListElement":[{"@type":"ListItem","position":1,"name":"Home","item":"https:\/\/lottoloseonline.de\/no\/"},{"@type":"ListItem","position":2,"name":"Hjem"}]},{"@type":"WebSite","@id":"https:\/\/lottoloseonline.de\/no\/#website","url":"https:\/\/lottoloseonline.de\/no\/","name":"","description":"","potentialAction":[{"@type":"SearchAction","target":{"@type":"EntryPoint","urlTemplate":"https:\/\/lottoloseonline.de\/no\/?s={search_term_string}"},"query-input":{"@type":"PropertyValueSpecification","valueRequired":true,"valueName":"search_term_string"}}],"inLanguage":"nb-NO"}]}},"_links":{"self":[{"href":"https:\/\/lottoloseonline.de\/no\/wp-json\/wp\/v2\/pages\/301","targetHints":{"allow":["GET"]}}],"collection":[{"href":"https:\/\/lottoloseonline.de\/no\/wp-json\/wp\/v2\/pages"}],"about":[{"href":"https:\/\/lottoloseonline.de\/no\/wp-json\/wp\/v2\/types\/page"}],"author":[{"embeddable":true,"href":"https:\/\/lottoloseonline.de\/no\/wp-json\/wp\/v2\/users\/1"}],"replies":[{"embeddable":true,"href":"https:\/\/lottoloseonline.de\/no\/wp-json\/wp\/v2\/comments?post=301"}],"version-history":[{"count":0,"href":"https:\/\/lottoloseonline.de\/no\/wp-json\/wp\/v2\/pages\/301\/revisions"}],"wp:attachment":[{"href":"https:\/\/lottoloseonline.de\/no\/wp-json\/wp\/v2\/media?parent=301"}],"curies":[{"name":"wp","href":"https:\/\/api.w.org\/{rel}","templated":true}]}}