{"id":292,"date":"2025-08-02T10:17:35","date_gmt":"2025-08-02T10:17:35","guid":{"rendered":"https:\/\/lottoloseonline.de\/dom\/"},"modified":"2025-08-02T10:17:35","modified_gmt":"2025-08-02T10:17:35","slug":"dom","status":"publish","type":"page","link":"https:\/\/lottoloseonline.de\/pl\/","title":{"rendered":"Dom"},"content":{"rendered":"<p dir=\"ltr\" style=\"line-height: 1.38; margin-top: 0pt; margin-bottom: 0pt;\">Gra w loteri\u0119 nie musi wi\u0119c kojarzy\u0107 si\u0119 z powag\u0105 i stresem; obstawianie zak\u0142ad\u00f3w mo\u017ce by\u0107 \u015bwietn\u0105 zabaw\u0105. Istnieje wiele mi\u0119dzynarodowych loterii, w kt\u00f3re mo\u017cesz gra\u0107 i czerpa\u0107 z nich przyjemno\u015b\u0107, ale my wybrali\u015bmy Powerball ze wzgl\u0119du na wysok\u0105 pul\u0119 nagr\u00f3d. <a href=\"https:\/\/simbalotto.com\/world-draw-results\/powerball\/\">Powerball to ameryka\u0144ska loteria<\/a>, kt\u00f3ra cieszy si\u0119 popularno\u015bci\u0105 w\u015br\u00f3d fan\u00f3w loterii, poniewa\u017c, powiedzmy sobie szczerze: wygrane mog\u0105 odmieni\u0107 \u017cycie. Je\u015bli gracz wygra cho\u0107by u\u0142amek oferowanej nagrody, mo\u017ce to odmieni\u0107 jego \u017cycie na zawsze.<\/p>\n<p><b id=\"docs-internal-guid-a13be314-7fff-43df-75bc-d05c760cb04b\" style=\"font-weight: normal;\">\u00a0<\/b>Oto kilka sposob\u00f3w na dobr\u0105 zabaw\u0119 podczas gry w Powerball. A je\u015bli mieszkasz poza Stanami Zjednoczonymi, mo\u017cesz obstawia\u0107 zak\u0142ady online na <a href=\"https:\/\/simbalotto.com\">simbalotto.com<\/a>.<\/p>\n<h2><b style=\"font-weight: normal;\">\u00a0<\/b><span style=\"font-size: 11pt; font-family: Arial; color: #000000; background-color: transparent; font-weight: 400; font-style: normal; font-variant: normal; text-decoration: none; vertical-align: baseline; white-space: pre-wrap;\">Za\u0142\u00f3\u017c konsorcjum loteryjne<\/span><\/h2>\n<p><b style=\"font-weight: normal;\">\u00a0<\/b><span style=\"font-size: 11pt; font-family: Arial; color: #000000; background-color: transparent; font-weight: 400; font-style: normal; font-variant: normal; text-decoration: none; vertical-align: baseline; white-space: pre-wrap;\">Dobrym sposobem na zwi\u0119kszenie szans na wygran\u0105 jackpota jest cz\u0119ste granie. Mo\u017ce to oznacza\u0107 zakup wielu los\u00f3w na jedno losowanie i wzi\u0119cie w nich udzia\u0142u. Chocia\u017c zwi\u0119ksza to Twoje szanse na wygran\u0105, mo\u017ce r\u00f3wnie\u017c wyczerpa\u0107 Twoje zasoby i prowadzi\u0107 do zmartwie\u0144 i niepokoju. Za\u0142\u00f3\u017c konsorcjum loteryjne i ciesz si\u0119 korzy\u015bciami z obu \u015bwiat\u00f3w.<\/span><\/p>\n<p><b style=\"font-weight: normal;\">\u00a0<\/b>Mo\u017cesz nam\u00f3wi\u0107 rodzin\u0119 lub znajomych, aby grali z Tob\u0105 w loterii. Grupa z Was mo\u017ce zebra\u0107 pieni\u0105dze na zakup <a href=\"https:\/\/simbalotto.com\/world-draw-results\/\">los\u00f3w<\/a>. Je\u015bli jeden los wygra, dzielicie si\u0119 wygran\u0105.<\/p>\n<p><b style=\"font-weight: normal;\">\u00a0<\/b><\/p>\n<p dir=\"ltr\" style=\"line-height: 1.38; margin-top: 0pt; margin-bottom: 0pt;\"><span style=\"font-size: 11pt; font-family: Arial; color: #000000; background-color: transparent; font-weight: 400; font-style: normal; font-variant: normal; text-decoration: none; vertical-align: baseline; white-space: pre-wrap;\">To zwi\u0119ksza emocje i podniecenie zwi\u0105zane z gr\u0105 i jest \u015bwietnym sposobem na dzielenie si\u0119 niesamowitymi wra\u017ceniami.<\/span><\/p>\n<p>&nbsp;<\/p>\n","protected":false},"excerpt":{"rendered":"<p>Gra w loteri\u0119 nie musi wi\u0119c kojarzy\u0107 si\u0119 z powag\u0105 i stresem; obstawianie zak\u0142ad\u00f3w mo\u017ce by\u0107 \u015bwietn\u0105 zabaw\u0105. Istnieje wiele mi\u0119dzynarodowych loterii, w kt\u00f3re mo\u017cesz gra\u0107 i czerpa\u0107 z nich przyjemno\u015b\u0107, ale my wybrali\u015bmy Powerball ze wzgl\u0119du na wysok\u0105 pul\u0119 nagr\u00f3d. Powerball to ameryka\u0144ska loteria, kt\u00f3ra cieszy si\u0119 popularno\u015bci\u0105 w\u015br\u00f3d fan\u00f3w loterii, poniewa\u017c, powiedzmy sobie &hellip; <\/p>\n<p class=\"link-more\"><a href=\"https:\/\/lottoloseonline.de\/pl\/\" class=\"more-link\">Read more<span class=\"screen-reader-text\"> &#8222;Dom&#8221;<\/span><\/a><\/p>\n","protected":false},"author":1,"featured_media":0,"parent":0,"menu_order":0,"comment_status":"closed","ping_status":"closed","template":"","meta":{"footnotes":""},"class_list":["post-292","page","type-page","status-publish","hentry"],"yoast_head":"<!-- This site is optimized with the Yoast SEO plugin v25.7 - https:\/\/yoast.com\/wordpress\/plugins\/seo\/ -->\n<title>Zabawny spos\u00f3b na gr\u0119 w loteri\u0119 Powerball<\/title>\n<meta name=\"robots\" content=\"index, follow, max-snippet:-1, max-image-preview:large, max-video-preview:-1\" \/>\n<link rel=\"canonical\" href=\"https:\/\/lottoloseonline.de\/pl\/\" \/>\n<meta property=\"og:locale\" content=\"pl_PL\" \/>\n<meta property=\"og:type\" content=\"article\" \/>\n<meta property=\"og:title\" content=\"Zabawny spos\u00f3b na gr\u0119 w loteri\u0119 Powerball\" \/>\n<meta property=\"og:description\" content=\"Gra w loteri\u0119 nie musi wi\u0119c kojarzy\u0107 si\u0119 z powag\u0105 i stresem; obstawianie zak\u0142ad\u00f3w mo\u017ce by\u0107 \u015bwietn\u0105 zabaw\u0105. Istnieje wiele mi\u0119dzynarodowych loterii, w kt\u00f3re mo\u017cesz gra\u0107 i czerpa\u0107 z nich przyjemno\u015b\u0107, ale my wybrali\u015bmy Powerball ze wzgl\u0119du na wysok\u0105 pul\u0119 nagr\u00f3d. Powerball to ameryka\u0144ska loteria, kt\u00f3ra cieszy si\u0119 popularno\u015bci\u0105 w\u015br\u00f3d fan\u00f3w loterii, poniewa\u017c, powiedzmy sobie &hellip; Read more &quot;Dom&quot;\" \/>\n<meta property=\"og:url\" content=\"https:\/\/lottoloseonline.de\/pl\/\" \/>\n<meta name=\"twitter:card\" content=\"summary_large_image\" \/>\n<meta name=\"twitter:label1\" content=\"Szacowany czas czytania\" \/>\n\t<meta name=\"twitter:data1\" content=\"1 minuta\" \/>\n<script type=\"application\/ld+json\" class=\"yoast-schema-graph\">{\"@context\":\"https:\/\/schema.org\",\"@graph\":[{\"@type\":\"WebPage\",\"@id\":\"https:\/\/lottoloseonline.de\/pl\/\",\"url\":\"https:\/\/lottoloseonline.de\/pl\/\",\"name\":\"Zabawny spos\u00f3b na gr\u0119 w loteri\u0119 Powerball\",\"isPartOf\":{\"@id\":\"https:\/\/lottoloseonline.de\/pl\/#website\"},\"datePublished\":\"2025-08-02T10:17:35+00:00\",\"breadcrumb\":{\"@id\":\"https:\/\/lottoloseonline.de\/pl\/#breadcrumb\"},\"inLanguage\":\"pl-PL\",\"potentialAction\":[{\"@type\":\"ReadAction\",\"target\":[\"https:\/\/lottoloseonline.de\/pl\/\"]}]},{\"@type\":\"BreadcrumbList\",\"@id\":\"https:\/\/lottoloseonline.de\/pl\/#breadcrumb\",\"itemListElement\":[{\"@type\":\"ListItem\",\"position\":1,\"name\":\"Home\",\"item\":\"https:\/\/lottoloseonline.de\/pl\/\"},{\"@type\":\"ListItem\",\"position\":2,\"name\":\"Dom\"}]},{\"@type\":\"WebSite\",\"@id\":\"https:\/\/lottoloseonline.de\/pl\/#website\",\"url\":\"https:\/\/lottoloseonline.de\/pl\/\",\"name\":\"\",\"description\":\"\",\"potentialAction\":[{\"@type\":\"SearchAction\",\"target\":{\"@type\":\"EntryPoint\",\"urlTemplate\":\"https:\/\/lottoloseonline.de\/pl\/?s={search_term_string}\"},\"query-input\":{\"@type\":\"PropertyValueSpecification\",\"valueRequired\":true,\"valueName\":\"search_term_string\"}}],\"inLanguage\":\"pl-PL\"}]}<\/script>\n<!-- \/ Yoast SEO plugin. -->","yoast_head_json":{"title":"Zabawny spos\u00f3b na gr\u0119 w loteri\u0119 Powerball","robots":{"index":"index","follow":"follow","max-snippet":"max-snippet:-1","max-image-preview":"max-image-preview:large","max-video-preview":"max-video-preview:-1"},"canonical":"https:\/\/lottoloseonline.de\/pl\/","og_locale":"pl_PL","og_type":"article","og_title":"Zabawny spos\u00f3b na gr\u0119 w loteri\u0119 Powerball","og_description":"Gra w loteri\u0119 nie musi wi\u0119c kojarzy\u0107 si\u0119 z powag\u0105 i stresem; obstawianie zak\u0142ad\u00f3w mo\u017ce by\u0107 \u015bwietn\u0105 zabaw\u0105. Istnieje wiele mi\u0119dzynarodowych loterii, w kt\u00f3re mo\u017cesz gra\u0107 i czerpa\u0107 z nich przyjemno\u015b\u0107, ale my wybrali\u015bmy Powerball ze wzgl\u0119du na wysok\u0105 pul\u0119 nagr\u00f3d. Powerball to ameryka\u0144ska loteria, kt\u00f3ra cieszy si\u0119 popularno\u015bci\u0105 w\u015br\u00f3d fan\u00f3w loterii, poniewa\u017c, powiedzmy sobie &hellip; Read more \"Dom\"","og_url":"https:\/\/lottoloseonline.de\/pl\/","twitter_card":"summary_large_image","twitter_misc":{"Szacowany czas czytania":"1 minuta"},"schema":{"@context":"https:\/\/schema.org","@graph":[{"@type":"WebPage","@id":"https:\/\/lottoloseonline.de\/pl\/","url":"https:\/\/lottoloseonline.de\/pl\/","name":"Zabawny spos\u00f3b na gr\u0119 w loteri\u0119 Powerball","isPartOf":{"@id":"https:\/\/lottoloseonline.de\/pl\/#website"},"datePublished":"2025-08-02T10:17:35+00:00","breadcrumb":{"@id":"https:\/\/lottoloseonline.de\/pl\/#breadcrumb"},"inLanguage":"pl-PL","potentialAction":[{"@type":"ReadAction","target":["https:\/\/lottoloseonline.de\/pl\/"]}]},{"@type":"BreadcrumbList","@id":"https:\/\/lottoloseonline.de\/pl\/#breadcrumb","itemListElement":[{"@type":"ListItem","position":1,"name":"Home","item":"https:\/\/lottoloseonline.de\/pl\/"},{"@type":"ListItem","position":2,"name":"Dom"}]},{"@type":"WebSite","@id":"https:\/\/lottoloseonline.de\/pl\/#website","url":"https:\/\/lottoloseonline.de\/pl\/","name":"","description":"","potentialAction":[{"@type":"SearchAction","target":{"@type":"EntryPoint","urlTemplate":"https:\/\/lottoloseonline.de\/pl\/?s={search_term_string}"},"query-input":{"@type":"PropertyValueSpecification","valueRequired":true,"valueName":"search_term_string"}}],"inLanguage":"pl-PL"}]}},"_links":{"self":[{"href":"https:\/\/lottoloseonline.de\/pl\/wp-json\/wp\/v2\/pages\/292","targetHints":{"allow":["GET"]}}],"collection":[{"href":"https:\/\/lottoloseonline.de\/pl\/wp-json\/wp\/v2\/pages"}],"about":[{"href":"https:\/\/lottoloseonline.de\/pl\/wp-json\/wp\/v2\/types\/page"}],"author":[{"embeddable":true,"href":"https:\/\/lottoloseonline.de\/pl\/wp-json\/wp\/v2\/users\/1"}],"replies":[{"embeddable":true,"href":"https:\/\/lottoloseonline.de\/pl\/wp-json\/wp\/v2\/comments?post=292"}],"version-history":[{"count":0,"href":"https:\/\/lottoloseonline.de\/pl\/wp-json\/wp\/v2\/pages\/292\/revisions"}],"wp:attachment":[{"href":"https:\/\/lottoloseonline.de\/pl\/wp-json\/wp\/v2\/media?parent=292"}],"curies":[{"name":"wp","href":"https:\/\/api.w.org\/{rel}","templated":true}]}}