{"id":287,"date":"2025-08-02T10:17:35","date_gmt":"2025-08-02T10:17:35","guid":{"rendered":"https:\/\/lottoloseonline.de\/casa\/"},"modified":"2025-08-02T10:17:35","modified_gmt":"2025-08-02T10:17:35","slug":"casa","status":"publish","type":"page","link":"https:\/\/lottoloseonline.de\/pt-pt\/","title":{"rendered":"Casa"},"content":{"rendered":"<p dir=\"ltr\" style=\"line-height: 1.38; margin-top: 0pt; margin-bottom: 0pt;\">Assim, jogar na lotaria n\u00e3o tem de estar associado a seriedade e ansiedade; pode realmente divertir-se enquanto aposta. Existem v\u00e1rias lotarias internacionais que pode jogar e desfrutar, mas n\u00f3s escolhemos a Powerball por causa do seu pr\u00e9mio m\u00e1ximo. <a href=\"https:\/\/simbalotto.com\/world-draw-results\/powerball\/\">A Powerball \u00e9 uma lotaria americana<\/a> popular entre os f\u00e3s de lotaria porque, sejamos francos: os pr\u00e9mios podem mudar vidas. Se um jogador ganhar apenas uma fra\u00e7\u00e3o do pr\u00e9mio oferecido, isso poder\u00e1 mudar a sua vida para sempre.<\/p>\n<p><b id=\"docs-internal-guid-a13be314-7fff-43df-75bc-d05c760cb04b\" style=\"font-weight: normal;\">\u00a0<\/b>Aqui est\u00e3o algumas formas de se divertir a jogar Powerball. E se estiver fora dos EUA, pode fazer as suas apostas online em <a href=\"https:\/\/simbalotto.com\">simbalotto.com<\/a>.<\/p>\n<h2><b style=\"font-weight: normal;\">\u00a0<\/b><span style=\"font-size: 11pt; font-family: Arial; color: #000000; background-color: transparent; font-weight: 400; font-style: normal; font-variant: normal; text-decoration: none; vertical-align: baseline; white-space: pre-wrap;\">Forme um grupo de lotaria<\/span><\/h2>\n<p><b style=\"font-weight: normal;\">\u00a0<\/b><span style=\"font-size: 11pt; font-family: Arial; color: #000000; background-color: transparent; font-weight: 400; font-style: normal; font-variant: normal; text-decoration: none; vertical-align: baseline; white-space: pre-wrap;\">Uma boa maneira de aumentar as suas hip\u00f3teses de ganhar o pr\u00e9mio principal \u00e9 jogar com frequ\u00eancia. Isto pode significar comprar v\u00e1rios bilhetes para um sorteio e participar em v\u00e1rios sorteios. Embora isto aumente as suas hip\u00f3teses de ganhar, tamb\u00e9m pode esgotar os seus recursos e gerar preocupa\u00e7\u00e3o e ansiedade. Forme um sindicato de lotaria e desfrute do melhor dos dois mundos.<\/p>\n<p><b style=\"font-weight: normal;\">\u00a0<\/b>Pode convencer a sua fam\u00edlia ou amigos a jogar na lotaria consigo. Um grupo de v\u00f3s pode juntar dinheiro para comprar <a href=\"https:\/\/simbalotto.com\/world-draw-results\/\">bilhetes<\/a>. Se um bilhete ganhar, voc\u00eas dividem o pr\u00e9mio.<\/p>\n<p><b style=\"font-weight: normal;\">\u00a0<\/b><\/p>\n<p dir=\"ltr\" style=\"line-height: 1.38; margin-top: 0pt; margin-bottom: 0pt;\"><span style=\"font-size: 11pt; font-family: Arial; color: #000000; background-color: transparent; font-weight: 400; font-style: normal; font-variant: normal; text-decoration: none; vertical-align: baseline;\n&nbsp;\n<\/p>\n","protected":false},"excerpt":{"rendered":"<p>Assim, jogar na lotaria n\u00e3o tem de estar associado a seriedade e ansiedade; pode realmente divertir-se enquanto aposta. Existem v\u00e1rias lotarias internacionais que pode jogar e desfrutar, mas n\u00f3s escolhemos a Powerball por causa do seu pr\u00e9mio m\u00e1ximo. A Powerball \u00e9 uma lotaria americana popular entre os f\u00e3s de lotaria porque, sejamos francos: os pr\u00e9mios &hellip; <\/p>\n<p class=\"link-more\"><a href=\"https:\/\/lottoloseonline.de\/pt-pt\/\" class=\"more-link\">Read more<span class=\"screen-reader-text\"> &#8220;Casa&#8221;<\/span><\/a><\/p>\n","protected":false},"author":1,"featured_media":0,"parent":0,"menu_order":0,"comment_status":"closed","ping_status":"closed","template":"","meta":{"footnotes":""},"class_list":["post-287","page","type-page","status-publish","hentry"],"yoast_head":"<!-- This site is optimized with the Yoast SEO plugin v25.7 - https:\/\/yoast.com\/wordpress\/plugins\/seo\/ -->\n<title>Uma forma divertida de jogar na lotaria Powerball<\/title>\n<meta name=\"robots\" content=\"index, follow, max-snippet:-1, max-image-preview:large, max-video-preview:-1\" \/>\n<link rel=\"canonical\" href=\"https:\/\/lottoloseonline.de\/pt-pt\/\" \/>\n<meta property=\"og:locale\" content=\"pt_PT\" \/>\n<meta property=\"og:type\" content=\"article\" \/>\n<meta property=\"og:title\" content=\"Uma forma divertida de jogar na lotaria Powerball\" \/>\n<meta property=\"og:description\" content=\"Assim, jogar na lotaria n\u00e3o tem de estar associado a seriedade e ansiedade; pode realmente divertir-se enquanto aposta. Existem v\u00e1rias lotarias internacionais que pode jogar e desfrutar, mas n\u00f3s escolhemos a Powerball por causa do seu pr\u00e9mio m\u00e1ximo. A Powerball \u00e9 uma lotaria americana popular entre os f\u00e3s de lotaria porque, sejamos francos: os pr\u00e9mios &hellip; Read more &quot;Casa&quot;\" \/>\n<meta property=\"og:url\" content=\"https:\/\/lottoloseonline.de\/pt-pt\/\" \/>\n<meta name=\"twitter:card\" content=\"summary_large_image\" \/>\n<meta name=\"twitter:label1\" content=\"Tempo estimado de leitura\" \/>\n\t<meta name=\"twitter:data1\" content=\"1 minuto\" \/>\n<script type=\"application\/ld+json\" class=\"yoast-schema-graph\">{\"@context\":\"https:\/\/schema.org\",\"@graph\":[{\"@type\":\"WebPage\",\"@id\":\"https:\/\/lottoloseonline.de\/pt-pt\/\",\"url\":\"https:\/\/lottoloseonline.de\/pt-pt\/\",\"name\":\"Uma forma divertida de jogar na lotaria Powerball\",\"isPartOf\":{\"@id\":\"https:\/\/lottoloseonline.de\/pt-pt\/#website\"},\"datePublished\":\"2025-08-02T10:17:35+00:00\",\"breadcrumb\":{\"@id\":\"https:\/\/lottoloseonline.de\/pt-pt\/#breadcrumb\"},\"inLanguage\":\"pt-PT\",\"potentialAction\":[{\"@type\":\"ReadAction\",\"target\":[\"https:\/\/lottoloseonline.de\/pt-pt\/\"]}]},{\"@type\":\"BreadcrumbList\",\"@id\":\"https:\/\/lottoloseonline.de\/pt-pt\/#breadcrumb\",\"itemListElement\":[{\"@type\":\"ListItem\",\"position\":1,\"name\":\"Home\",\"item\":\"https:\/\/lottoloseonline.de\/pt-pt\/\"},{\"@type\":\"ListItem\",\"position\":2,\"name\":\"Casa\"}]},{\"@type\":\"WebSite\",\"@id\":\"https:\/\/lottoloseonline.de\/pt-pt\/#website\",\"url\":\"https:\/\/lottoloseonline.de\/pt-pt\/\",\"name\":\"\",\"description\":\"\",\"potentialAction\":[{\"@type\":\"SearchAction\",\"target\":{\"@type\":\"EntryPoint\",\"urlTemplate\":\"https:\/\/lottoloseonline.de\/pt-pt\/?s={search_term_string}\"},\"query-input\":{\"@type\":\"PropertyValueSpecification\",\"valueRequired\":true,\"valueName\":\"search_term_string\"}}],\"inLanguage\":\"pt-PT\"}]}<\/script>\n<!-- \/ Yoast SEO plugin. -->","yoast_head_json":{"title":"Uma forma divertida de jogar na lotaria Powerball","robots":{"index":"index","follow":"follow","max-snippet":"max-snippet:-1","max-image-preview":"max-image-preview:large","max-video-preview":"max-video-preview:-1"},"canonical":"https:\/\/lottoloseonline.de\/pt-pt\/","og_locale":"pt_PT","og_type":"article","og_title":"Uma forma divertida de jogar na lotaria Powerball","og_description":"Assim, jogar na lotaria n\u00e3o tem de estar associado a seriedade e ansiedade; pode realmente divertir-se enquanto aposta. Existem v\u00e1rias lotarias internacionais que pode jogar e desfrutar, mas n\u00f3s escolhemos a Powerball por causa do seu pr\u00e9mio m\u00e1ximo. A Powerball \u00e9 uma lotaria americana popular entre os f\u00e3s de lotaria porque, sejamos francos: os pr\u00e9mios &hellip; Read more \"Casa\"","og_url":"https:\/\/lottoloseonline.de\/pt-pt\/","twitter_card":"summary_large_image","twitter_misc":{"Tempo estimado de leitura":"1 minuto"},"schema":{"@context":"https:\/\/schema.org","@graph":[{"@type":"WebPage","@id":"https:\/\/lottoloseonline.de\/pt-pt\/","url":"https:\/\/lottoloseonline.de\/pt-pt\/","name":"Uma forma divertida de jogar na lotaria Powerball","isPartOf":{"@id":"https:\/\/lottoloseonline.de\/pt-pt\/#website"},"datePublished":"2025-08-02T10:17:35+00:00","breadcrumb":{"@id":"https:\/\/lottoloseonline.de\/pt-pt\/#breadcrumb"},"inLanguage":"pt-PT","potentialAction":[{"@type":"ReadAction","target":["https:\/\/lottoloseonline.de\/pt-pt\/"]}]},{"@type":"BreadcrumbList","@id":"https:\/\/lottoloseonline.de\/pt-pt\/#breadcrumb","itemListElement":[{"@type":"ListItem","position":1,"name":"Home","item":"https:\/\/lottoloseonline.de\/pt-pt\/"},{"@type":"ListItem","position":2,"name":"Casa"}]},{"@type":"WebSite","@id":"https:\/\/lottoloseonline.de\/pt-pt\/#website","url":"https:\/\/lottoloseonline.de\/pt-pt\/","name":"","description":"","potentialAction":[{"@type":"SearchAction","target":{"@type":"EntryPoint","urlTemplate":"https:\/\/lottoloseonline.de\/pt-pt\/?s={search_term_string}"},"query-input":{"@type":"PropertyValueSpecification","valueRequired":true,"valueName":"search_term_string"}}],"inLanguage":"pt-PT"}]}},"_links":{"self":[{"href":"https:\/\/lottoloseonline.de\/pt-pt\/wp-json\/wp\/v2\/pages\/287","targetHints":{"allow":["GET"]}}],"collection":[{"href":"https:\/\/lottoloseonline.de\/pt-pt\/wp-json\/wp\/v2\/pages"}],"about":[{"href":"https:\/\/lottoloseonline.de\/pt-pt\/wp-json\/wp\/v2\/types\/page"}],"author":[{"embeddable":true,"href":"https:\/\/lottoloseonline.de\/pt-pt\/wp-json\/wp\/v2\/users\/1"}],"replies":[{"embeddable":true,"href":"https:\/\/lottoloseonline.de\/pt-pt\/wp-json\/wp\/v2\/comments?post=287"}],"version-history":[{"count":0,"href":"https:\/\/lottoloseonline.de\/pt-pt\/wp-json\/wp\/v2\/pages\/287\/revisions"}],"wp:attachment":[{"href":"https:\/\/lottoloseonline.de\/pt-pt\/wp-json\/wp\/v2\/media?parent=287"}],"curies":[{"name":"wp","href":"https:\/\/api.w.org\/{rel}","templated":true}]}}