{"id":289,"date":"2025-08-02T10:17:35","date_gmt":"2025-08-02T10:17:35","guid":{"rendered":"https:\/\/lottoloseonline.de\/acasa\/"},"modified":"2025-08-02T10:17:35","modified_gmt":"2025-08-02T10:17:35","slug":"acasa","status":"publish","type":"page","link":"https:\/\/lottoloseonline.de\/ro\/","title":{"rendered":"Acas\u0103"},"content":{"rendered":"<p dir=\"ltr\" style=\"line-height: 1.38; margin-top: 0pt; margin-bottom: 0pt;\">A\u0219adar, jocul la loterie nu trebuie s\u0103 fie asociat cu seriozitatea \u0219i anxietatea; te po\u021bi distra chiar \u0219i \u00een timp ce pariezi. Exist\u0103 mai multe loterii interna\u021bionale la care po\u021bi juca \u0219i de care te po\u021bi bucura, dar noi alegem Powerball datorit\u0103 jackpotului s\u0103u mare. <a href=\"https:\/\/simbalotto.com\/world-draw-results\/powerball\/\">Powerball este o loterie american\u0103<\/a> care este popular\u0103 printre fanii loteriei deoarece, s\u0103 recunoa\u0219tem: jackpoturile pot schimba via\u021ba. Dac\u0103 un juc\u0103tor c\u00e2\u0219tig\u0103 doar o frac\u021biune din premiul oferit, acest lucru i-ar putea schimba via\u021ba pentru totdeauna.<\/p>\n<p><b id=\"docs-internal-guid-a13be314-7fff-43df-75bc-d05c760cb04b\" style=\"font-weight: normal;\">\u00a0<\/b>Iat\u0103 c\u00e2teva modalit\u0103\u021bi de a te distra juc\u00e2nd Powerball. \u0218i dac\u0103 v\u0103 afla\u021bi \u00een afara Statelor Unite, pute\u021bi plasa pariurile online pe <a href=\"https:\/\/simbalotto.com\">simbalotto.com<\/a>. <\/p>\n<h2><b style=\"font-weight: normal;\">\u00a0<\/b><span style=\"font-size: 11pt; font-family: Arial; color: #000000; background-color: transparent; font-weight: 400; font-style: normal; font-variant: normal; text-decoration: none; vertical-align: baseline; white-space: pre-wrap;\">Forma\u021bi un sindicat de loterie<\/span><\/h2>\n<p><b style=\"font-weight: normal;\">\u00a0<\/b><span style=\"font-size: 11pt; font-family: Arial; color: #000000; background-color: transparent; font-weight: 400; font-style: normal; font-variant: normal; text-decoration: none; vertical-align: baseline; white-space: pre-wrap;\">O modalitate bun\u0103 de a v\u0103 cre\u0219te \u0219ansele de a c\u00e2\u0219tiga jackpotul este s\u0103 juca\u021bi frecvent. Aceasta ar putea \u00eensemna cump\u0103rarea mai multor bilete pentru o singur\u0103 extragere \u0219i participarea la mai multe extrageri. De\u0219i acest lucru v\u0103 cre\u0219te \u0219ansele de c\u00e2\u0219tig, v\u0103 poate epuiza resursele \u0219i poate duce la \u00eengrijorare \u0219i anxietate. Forma\u021bi un sindicat de loterie \u0219i ob\u021bine\u021bi ce e mai bun din ambele lumi.<\/span><\/p>\n<p><b style=\"font-weight: normal;\">\u00a0<\/b>V\u0103 pute\u021bi convinge familia sau prietenii s\u0103 joace la loterie cu dumneavoastr\u0103. Un grup dintre voi poate pune bani laolalt\u0103 pentru a cump\u0103ra <a href=\"https:\/\/simbalotto.com\/world-draw-results\/\">bilete<\/a>. Dac\u0103 un bilet c\u00e2\u0219tig\u0103, \u00eemp\u0103r\u021bi\u021bi c\u00e2\u0219tigurile.<\/p>\n<p><b style=\"font-weight: normal;\">\u00a0<\/b><\/p>\n<p dir=\"ltr\" style=\"line-height: 1.38; margin-top: 0pt; margin-bottom: 0pt;\"><span style=\"font-size: 11pt; font-family: Arial; color: #000000; background-color: transparent; font-weight: 400; font-style: normal; font-variant: normal; text-decoration: none; vertical-align: baseline; white-space: pre-wrap;\">Acest lucru spore\u0219te fiorul \u0219i entuziasmul jocului \u0219i este o modalitate excelent\u0103 de a \u00eemp\u0103rt\u0103\u0219i o experien\u021b\u0103 incredibil\u0103.<\/span><\/p>\n","protected":false},"excerpt":{"rendered":"<p>A\u0219adar, jocul la loterie nu trebuie s\u0103 fie asociat cu seriozitatea \u0219i anxietatea; te po\u021bi distra chiar \u0219i \u00een timp ce pariezi. Exist\u0103 mai multe loterii interna\u021bionale la care po\u021bi juca \u0219i de care te po\u021bi bucura, dar noi alegem Powerball datorit\u0103 jackpotului s\u0103u mare. Powerball este o loterie american\u0103 care este popular\u0103 printre fanii &hellip; <\/p>\n<p class=\"link-more\"><a href=\"https:\/\/lottoloseonline.de\/ro\/\" class=\"more-link\">Cite\u0219te mai multe<span class=\"screen-reader-text\">\u201eAcas\u0103\u201d<\/span><\/a><\/p>\n","protected":false},"author":1,"featured_media":0,"parent":0,"menu_order":0,"comment_status":"closed","ping_status":"closed","template":"","meta":{"footnotes":""},"class_list":["post-289","page","type-page","status-publish","hentry"],"yoast_head":"<!-- This site is optimized with the Yoast SEO plugin v25.7 - https:\/\/yoast.com\/wordpress\/plugins\/seo\/ -->\n<title>O modalitate distractiv\u0103 de a juca la loteria Powerball<\/title>\n<meta name=\"robots\" content=\"index, follow, max-snippet:-1, max-image-preview:large, max-video-preview:-1\" \/>\n<link rel=\"canonical\" href=\"https:\/\/lottoloseonline.de\/ro\/\" \/>\n<meta property=\"og:locale\" content=\"ro_RO\" \/>\n<meta property=\"og:type\" content=\"article\" \/>\n<meta property=\"og:title\" content=\"O modalitate distractiv\u0103 de a juca la loteria Powerball\" \/>\n<meta property=\"og:description\" content=\"A\u0219adar, jocul la loterie nu trebuie s\u0103 fie asociat cu seriozitatea \u0219i anxietatea; te po\u021bi distra chiar \u0219i \u00een timp ce pariezi. Exist\u0103 mai multe loterii interna\u021bionale la care po\u021bi juca \u0219i de care te po\u021bi bucura, dar noi alegem Powerball datorit\u0103 jackpotului s\u0103u mare. Powerball este o loterie american\u0103 care este popular\u0103 printre fanii &hellip; Cite\u0219te mai multe\u201eAcas\u0103\u201d\" \/>\n<meta property=\"og:url\" content=\"https:\/\/lottoloseonline.de\/ro\/\" \/>\n<meta name=\"twitter:card\" content=\"summary_large_image\" \/>\n<meta name=\"twitter:label1\" content=\"Timp estimat pentru citire\" \/>\n\t<meta name=\"twitter:data1\" content=\"1 minut\" \/>\n<script type=\"application\/ld+json\" class=\"yoast-schema-graph\">{\"@context\":\"https:\/\/schema.org\",\"@graph\":[{\"@type\":\"WebPage\",\"@id\":\"https:\/\/lottoloseonline.de\/ro\/\",\"url\":\"https:\/\/lottoloseonline.de\/ro\/\",\"name\":\"O modalitate distractiv\u0103 de a juca la loteria Powerball\",\"isPartOf\":{\"@id\":\"https:\/\/lottoloseonline.de\/ro\/#website\"},\"datePublished\":\"2025-08-02T10:17:35+00:00\",\"breadcrumb\":{\"@id\":\"https:\/\/lottoloseonline.de\/ro\/#breadcrumb\"},\"inLanguage\":\"ro-RO\",\"potentialAction\":[{\"@type\":\"ReadAction\",\"target\":[\"https:\/\/lottoloseonline.de\/ro\/\"]}]},{\"@type\":\"BreadcrumbList\",\"@id\":\"https:\/\/lottoloseonline.de\/ro\/#breadcrumb\",\"itemListElement\":[{\"@type\":\"ListItem\",\"position\":1,\"name\":\"Home\",\"item\":\"https:\/\/lottoloseonline.de\/ro\/\"},{\"@type\":\"ListItem\",\"position\":2,\"name\":\"Acas\u0103\"}]},{\"@type\":\"WebSite\",\"@id\":\"https:\/\/lottoloseonline.de\/ro\/#website\",\"url\":\"https:\/\/lottoloseonline.de\/ro\/\",\"name\":\"\",\"description\":\"\",\"potentialAction\":[{\"@type\":\"SearchAction\",\"target\":{\"@type\":\"EntryPoint\",\"urlTemplate\":\"https:\/\/lottoloseonline.de\/ro\/?s={search_term_string}\"},\"query-input\":{\"@type\":\"PropertyValueSpecification\",\"valueRequired\":true,\"valueName\":\"search_term_string\"}}],\"inLanguage\":\"ro-RO\"}]}<\/script>\n<!-- \/ Yoast SEO plugin. -->","yoast_head_json":{"title":"O modalitate distractiv\u0103 de a juca la loteria Powerball","robots":{"index":"index","follow":"follow","max-snippet":"max-snippet:-1","max-image-preview":"max-image-preview:large","max-video-preview":"max-video-preview:-1"},"canonical":"https:\/\/lottoloseonline.de\/ro\/","og_locale":"ro_RO","og_type":"article","og_title":"O modalitate distractiv\u0103 de a juca la loteria Powerball","og_description":"A\u0219adar, jocul la loterie nu trebuie s\u0103 fie asociat cu seriozitatea \u0219i anxietatea; te po\u021bi distra chiar \u0219i \u00een timp ce pariezi. Exist\u0103 mai multe loterii interna\u021bionale la care po\u021bi juca \u0219i de care te po\u021bi bucura, dar noi alegem Powerball datorit\u0103 jackpotului s\u0103u mare. Powerball este o loterie american\u0103 care este popular\u0103 printre fanii &hellip; Cite\u0219te mai multe\u201eAcas\u0103\u201d","og_url":"https:\/\/lottoloseonline.de\/ro\/","twitter_card":"summary_large_image","twitter_misc":{"Timp estimat pentru citire":"1 minut"},"schema":{"@context":"https:\/\/schema.org","@graph":[{"@type":"WebPage","@id":"https:\/\/lottoloseonline.de\/ro\/","url":"https:\/\/lottoloseonline.de\/ro\/","name":"O modalitate distractiv\u0103 de a juca la loteria Powerball","isPartOf":{"@id":"https:\/\/lottoloseonline.de\/ro\/#website"},"datePublished":"2025-08-02T10:17:35+00:00","breadcrumb":{"@id":"https:\/\/lottoloseonline.de\/ro\/#breadcrumb"},"inLanguage":"ro-RO","potentialAction":[{"@type":"ReadAction","target":["https:\/\/lottoloseonline.de\/ro\/"]}]},{"@type":"BreadcrumbList","@id":"https:\/\/lottoloseonline.de\/ro\/#breadcrumb","itemListElement":[{"@type":"ListItem","position":1,"name":"Home","item":"https:\/\/lottoloseonline.de\/ro\/"},{"@type":"ListItem","position":2,"name":"Acas\u0103"}]},{"@type":"WebSite","@id":"https:\/\/lottoloseonline.de\/ro\/#website","url":"https:\/\/lottoloseonline.de\/ro\/","name":"","description":"","potentialAction":[{"@type":"SearchAction","target":{"@type":"EntryPoint","urlTemplate":"https:\/\/lottoloseonline.de\/ro\/?s={search_term_string}"},"query-input":{"@type":"PropertyValueSpecification","valueRequired":true,"valueName":"search_term_string"}}],"inLanguage":"ro-RO"}]}},"_links":{"self":[{"href":"https:\/\/lottoloseonline.de\/ro\/wp-json\/wp\/v2\/pages\/289","targetHints":{"allow":["GET"]}}],"collection":[{"href":"https:\/\/lottoloseonline.de\/ro\/wp-json\/wp\/v2\/pages"}],"about":[{"href":"https:\/\/lottoloseonline.de\/ro\/wp-json\/wp\/v2\/types\/page"}],"author":[{"embeddable":true,"href":"https:\/\/lottoloseonline.de\/ro\/wp-json\/wp\/v2\/users\/1"}],"replies":[{"embeddable":true,"href":"https:\/\/lottoloseonline.de\/ro\/wp-json\/wp\/v2\/comments?post=289"}],"version-history":[{"count":0,"href":"https:\/\/lottoloseonline.de\/ro\/wp-json\/wp\/v2\/pages\/289\/revisions"}],"wp:attachment":[{"href":"https:\/\/lottoloseonline.de\/ro\/wp-json\/wp\/v2\/media?parent=289"}],"curies":[{"name":"wp","href":"https:\/\/api.w.org\/{rel}","templated":true}]}}