{"id":288,"date":"2025-08-02T10:17:35","date_gmt":"2025-08-02T10:17:35","guid":{"rendered":"https:\/\/lottoloseonline.de\/domov\/"},"modified":"2025-08-02T10:17:35","modified_gmt":"2025-08-02T10:17:35","slug":"domov","status":"publish","type":"page","link":"https:\/\/lottoloseonline.de\/sk\/","title":{"rendered":"Domov"},"content":{"rendered":"<p dir=\"ltr\" style=\"line-height: 1.38; margin-top: 0pt; margin-bottom: 0pt;\">Hranie v lot\u00e9rii teda nemus\u00ed by\u0165 spojen\u00e9 s v\u00e1\u017enos\u0165ou a \u00fazkos\u0165ou; pri st\u00e1vkovan\u00ed sa m\u00f4\u017eete skuto\u010dne zabavi\u0165. Existuje nieko\u013eko medzin\u00e1rodn\u00fdch lot\u00e9ri\u00ed, ktor\u00e9 si m\u00f4\u017eete zahra\u0165 a u\u017ei\u0165 si ich, ale my sme si vybrali Powerball kv\u00f4li jeho vysok\u00e9mu jackpotu. <a href=\"https:\/\/simbalotto.com\/world-draw-results\/powerball\/\">Powerball je americk\u00e1 lot\u00e9ria<\/a>, ktor\u00e1 je ob\u013e\u00faben\u00e1 medzi fan\u00fa\u0161ikmi lot\u00e9ri\u00ed, preto\u017ee, povedzme si \u00faprimne: Jackpoty m\u00f4\u017eu zmeni\u0165 \u017eivot. Ak hr\u00e1\u010d vyhr\u00e1 len zlomok pon\u00fakanej v\u00fdhry, m\u00f4\u017ee mu to nav\u017edy zmeni\u0165 \u017eivot.<\/p>\n<p><b id=\"docs-internal-guid-a13be314-7fff-43df-75bc-d05c760cb04b\" style=\"font-weight: normal;\"><\/b>Tu je nieko\u013eko sp\u00f4sobov, ako sa zabavi\u0165 pri hran\u00ed Powerballu. A ak ste mimo USA, m\u00f4\u017eete stavi\u0165 online na <a href=\"https:\/\/simbalotto.com\">simbalotto.com<\/a>. <\/p>\n<h2><b style=\"font-weight: normal;\">\u00a0<\/b><span style=\"font-size: 11pt; font-family: Arial; color: #000000; background-color: transparent; font-weight: 400; font-style: normal; font-variant: normal; text-decoration: none; vertical-align: baseline; white-space: pre-wrap;\">Vytvorte lot\u00e9riov\u00fd syndik\u00e1t<\/span><\/h2>\n<p><b style=\"font-weight: normal;\">\u00a0<\/b><span style=\"font-size: 11pt; font-family: Arial; color: #000000; background-color: transparent; font-weight: 400; font-style: normal; font-variant: normal; text-decoration: none; vertical-align: baseline; white-space: pre-wrap;\">Dobr\u00fdm sp\u00f4sobom, ako zv\u00fd\u0161i\u0165 svoje \u0161ance na v\u00fdhru jackpotu, je hra\u0165 \u010dasto. To m\u00f4\u017ee znamena\u0165 k\u00fapu viacer\u00fdch tiketov na jedno \u017erebovanie a \u00fa\u010das\u0165 vo viacer\u00fdch \u017erebovaniach. Aj ke\u010f to zvy\u0161uje va\u0161e \u0161ance na v\u00fdhru, m\u00f4\u017ee to tie\u017e vy\u010derpa\u0165 va\u0161e zdroje a vies\u0165 k obav\u00e1m a \u00fazkosti. Vytvorte si lot\u00e9riov\u00fd syndik\u00e1t a z\u00edskajte to najlep\u0161ie z oboch svetov.<\/span><\/p>\n<p><b style=\"font-weight: normal;\"><\/b>M\u00f4\u017eete presved\u010di\u0165 svoju rodinu alebo priate\u013eov, aby s vami hrali lot\u00e9riu. Skupina z v\u00e1s m\u00f4\u017ee spoji\u0165 peniaze na k\u00fapu <a href=\"https:\/\/simbalotto.com\/world-draw-results\/\">losov<\/a>. Ak jeden l\u00edstok vyhr\u00e1, v\u00fdhru si rozdel\u00edte.<\/p>\n<p><b style=\"font-weight: normal;\">\u00a0<\/b><\/p>\n<p dir=\"ltr\" style=\"line-height: 1.38; margin-top: 0pt; margin-bottom: 0pt;\"><span style=\"font-size: 11pt; font-family: Arial; color: #000000; background-color: transparent; font-weight: 400; font-style: normal; font-variant: normal; text-decoration: none; vertical-align: baseline; white-space: pre-wrap;\">Toto zvy\u0161uje vzru\u0161enie a vzru\u0161enie z hry a je to skvel\u00fd sp\u00f4sob, ako zdie\u013ea\u0165 neuverite\u013en\u00fd z\u00e1\u017eitok.<\/span><\/p>\n<p>&nbsp;<\/p>\n","protected":false},"excerpt":{"rendered":"<p>Hranie v lot\u00e9rii teda nemus\u00ed by\u0165 spojen\u00e9 s v\u00e1\u017enos\u0165ou a \u00fazkos\u0165ou; pri st\u00e1vkovan\u00ed sa m\u00f4\u017eete skuto\u010dne zabavi\u0165. Existuje nieko\u013eko medzin\u00e1rodn\u00fdch lot\u00e9ri\u00ed, ktor\u00e9 si m\u00f4\u017eete zahra\u0165 a u\u017ei\u0165 si ich, ale my sme si vybrali Powerball kv\u00f4li jeho vysok\u00e9mu jackpotu. Powerball je americk\u00e1 lot\u00e9ria, ktor\u00e1 je ob\u013e\u00faben\u00e1 medzi fan\u00fa\u0161ikmi lot\u00e9ri\u00ed, preto\u017ee, povedzme si \u00faprimne: Jackpoty m\u00f4\u017eu &hellip; <\/p>\n<p class=\"link-more\"><a href=\"https:\/\/lottoloseonline.de\/sk\/\" class=\"more-link\">Read more<span class=\"screen-reader-text\"> &#8222;Domov&#8220;<\/span><\/a><\/p>\n","protected":false},"author":1,"featured_media":0,"parent":0,"menu_order":0,"comment_status":"closed","ping_status":"closed","template":"","meta":{"footnotes":""},"class_list":["post-288","page","type-page","status-publish","hentry"],"yoast_head":"<!-- This site is optimized with the Yoast SEO plugin v25.7 - https:\/\/yoast.com\/wordpress\/plugins\/seo\/ -->\n<title>Z\u00e1bavn\u00fd sp\u00f4sob hrania lot\u00e9rie Powerball<\/title>\n<meta name=\"robots\" content=\"index, follow, max-snippet:-1, max-image-preview:large, max-video-preview:-1\" \/>\n<link rel=\"canonical\" href=\"https:\/\/lottoloseonline.de\/sk\/\" \/>\n<meta property=\"og:locale\" content=\"sk_SK\" \/>\n<meta property=\"og:type\" content=\"article\" \/>\n<meta property=\"og:title\" content=\"Z\u00e1bavn\u00fd sp\u00f4sob hrania lot\u00e9rie Powerball\" \/>\n<meta property=\"og:description\" content=\"Hranie v lot\u00e9rii teda nemus\u00ed by\u0165 spojen\u00e9 s v\u00e1\u017enos\u0165ou a \u00fazkos\u0165ou; pri st\u00e1vkovan\u00ed sa m\u00f4\u017eete skuto\u010dne zabavi\u0165. Existuje nieko\u013eko medzin\u00e1rodn\u00fdch lot\u00e9ri\u00ed, ktor\u00e9 si m\u00f4\u017eete zahra\u0165 a u\u017ei\u0165 si ich, ale my sme si vybrali Powerball kv\u00f4li jeho vysok\u00e9mu jackpotu. Powerball je americk\u00e1 lot\u00e9ria, ktor\u00e1 je ob\u013e\u00faben\u00e1 medzi fan\u00fa\u0161ikmi lot\u00e9ri\u00ed, preto\u017ee, povedzme si \u00faprimne: Jackpoty m\u00f4\u017eu &hellip; Read more &quot;Domov&quot;\" \/>\n<meta property=\"og:url\" content=\"https:\/\/lottoloseonline.de\/sk\/\" \/>\n<meta name=\"twitter:card\" content=\"summary_large_image\" \/>\n<meta name=\"twitter:label1\" content=\"Predpokladan\u00fd \u010das \u010d\u00edtania\" \/>\n\t<meta name=\"twitter:data1\" content=\"1 min\u00fata\" \/>\n<script type=\"application\/ld+json\" class=\"yoast-schema-graph\">{\"@context\":\"https:\/\/schema.org\",\"@graph\":[{\"@type\":\"WebPage\",\"@id\":\"https:\/\/lottoloseonline.de\/sk\/\",\"url\":\"https:\/\/lottoloseonline.de\/sk\/\",\"name\":\"Z\u00e1bavn\u00fd sp\u00f4sob hrania lot\u00e9rie Powerball\",\"isPartOf\":{\"@id\":\"https:\/\/lottoloseonline.de\/sk\/#website\"},\"datePublished\":\"2025-08-02T10:17:35+00:00\",\"breadcrumb\":{\"@id\":\"https:\/\/lottoloseonline.de\/sk\/#breadcrumb\"},\"inLanguage\":\"sk-SK\",\"potentialAction\":[{\"@type\":\"ReadAction\",\"target\":[\"https:\/\/lottoloseonline.de\/sk\/\"]}]},{\"@type\":\"BreadcrumbList\",\"@id\":\"https:\/\/lottoloseonline.de\/sk\/#breadcrumb\",\"itemListElement\":[{\"@type\":\"ListItem\",\"position\":1,\"name\":\"Home\",\"item\":\"https:\/\/lottoloseonline.de\/sk\/\"},{\"@type\":\"ListItem\",\"position\":2,\"name\":\"Domov\"}]},{\"@type\":\"WebSite\",\"@id\":\"https:\/\/lottoloseonline.de\/sk\/#website\",\"url\":\"https:\/\/lottoloseonline.de\/sk\/\",\"name\":\"\",\"description\":\"\",\"potentialAction\":[{\"@type\":\"SearchAction\",\"target\":{\"@type\":\"EntryPoint\",\"urlTemplate\":\"https:\/\/lottoloseonline.de\/sk\/?s={search_term_string}\"},\"query-input\":{\"@type\":\"PropertyValueSpecification\",\"valueRequired\":true,\"valueName\":\"search_term_string\"}}],\"inLanguage\":\"sk-SK\"}]}<\/script>\n<!-- \/ Yoast SEO plugin. -->","yoast_head_json":{"title":"Z\u00e1bavn\u00fd sp\u00f4sob hrania lot\u00e9rie Powerball","robots":{"index":"index","follow":"follow","max-snippet":"max-snippet:-1","max-image-preview":"max-image-preview:large","max-video-preview":"max-video-preview:-1"},"canonical":"https:\/\/lottoloseonline.de\/sk\/","og_locale":"sk_SK","og_type":"article","og_title":"Z\u00e1bavn\u00fd sp\u00f4sob hrania lot\u00e9rie Powerball","og_description":"Hranie v lot\u00e9rii teda nemus\u00ed by\u0165 spojen\u00e9 s v\u00e1\u017enos\u0165ou a \u00fazkos\u0165ou; pri st\u00e1vkovan\u00ed sa m\u00f4\u017eete skuto\u010dne zabavi\u0165. Existuje nieko\u013eko medzin\u00e1rodn\u00fdch lot\u00e9ri\u00ed, ktor\u00e9 si m\u00f4\u017eete zahra\u0165 a u\u017ei\u0165 si ich, ale my sme si vybrali Powerball kv\u00f4li jeho vysok\u00e9mu jackpotu. Powerball je americk\u00e1 lot\u00e9ria, ktor\u00e1 je ob\u013e\u00faben\u00e1 medzi fan\u00fa\u0161ikmi lot\u00e9ri\u00ed, preto\u017ee, povedzme si \u00faprimne: Jackpoty m\u00f4\u017eu &hellip; Read more \"Domov\"","og_url":"https:\/\/lottoloseonline.de\/sk\/","twitter_card":"summary_large_image","twitter_misc":{"Predpokladan\u00fd \u010das \u010d\u00edtania":"1 min\u00fata"},"schema":{"@context":"https:\/\/schema.org","@graph":[{"@type":"WebPage","@id":"https:\/\/lottoloseonline.de\/sk\/","url":"https:\/\/lottoloseonline.de\/sk\/","name":"Z\u00e1bavn\u00fd sp\u00f4sob hrania lot\u00e9rie Powerball","isPartOf":{"@id":"https:\/\/lottoloseonline.de\/sk\/#website"},"datePublished":"2025-08-02T10:17:35+00:00","breadcrumb":{"@id":"https:\/\/lottoloseonline.de\/sk\/#breadcrumb"},"inLanguage":"sk-SK","potentialAction":[{"@type":"ReadAction","target":["https:\/\/lottoloseonline.de\/sk\/"]}]},{"@type":"BreadcrumbList","@id":"https:\/\/lottoloseonline.de\/sk\/#breadcrumb","itemListElement":[{"@type":"ListItem","position":1,"name":"Home","item":"https:\/\/lottoloseonline.de\/sk\/"},{"@type":"ListItem","position":2,"name":"Domov"}]},{"@type":"WebSite","@id":"https:\/\/lottoloseonline.de\/sk\/#website","url":"https:\/\/lottoloseonline.de\/sk\/","name":"","description":"","potentialAction":[{"@type":"SearchAction","target":{"@type":"EntryPoint","urlTemplate":"https:\/\/lottoloseonline.de\/sk\/?s={search_term_string}"},"query-input":{"@type":"PropertyValueSpecification","valueRequired":true,"valueName":"search_term_string"}}],"inLanguage":"sk-SK"}]}},"_links":{"self":[{"href":"https:\/\/lottoloseonline.de\/sk\/wp-json\/wp\/v2\/pages\/288","targetHints":{"allow":["GET"]}}],"collection":[{"href":"https:\/\/lottoloseonline.de\/sk\/wp-json\/wp\/v2\/pages"}],"about":[{"href":"https:\/\/lottoloseonline.de\/sk\/wp-json\/wp\/v2\/types\/page"}],"author":[{"embeddable":true,"href":"https:\/\/lottoloseonline.de\/sk\/wp-json\/wp\/v2\/users\/1"}],"replies":[{"embeddable":true,"href":"https:\/\/lottoloseonline.de\/sk\/wp-json\/wp\/v2\/comments?post=288"}],"version-history":[{"count":0,"href":"https:\/\/lottoloseonline.de\/sk\/wp-json\/wp\/v2\/pages\/288\/revisions"}],"wp:attachment":[{"href":"https:\/\/lottoloseonline.de\/sk\/wp-json\/wp\/v2\/media?parent=288"}],"curies":[{"name":"wp","href":"https:\/\/api.w.org\/{rel}","templated":true}]}}