{"id":290,"date":"2025-08-02T10:17:35","date_gmt":"2025-08-02T10:17:35","guid":{"rendered":"https:\/\/lottoloseonline.de\/domov\/"},"modified":"2025-08-02T10:17:35","modified_gmt":"2025-08-02T10:17:35","slug":"domov","status":"publish","type":"page","link":"https:\/\/lottoloseonline.de\/sl\/","title":{"rendered":"Domov"},"content":{"rendered":"<p dir=\"ltr\" style=\"line-height: 1.38; margin-top: 0pt; margin-bottom: 0pt;\">Torej igranje loterije ni nujno povezano z resnostjo in tesnobo; med stavami se lahko dejansko zabavate. Obstaja ve\u010d mednarodnih loterij, ki jih lahko igrate in u\u017eivate v njih, vendar smo izbrali Powerball zaradi njegovega visokega jackpota. <a href=\"https:\/\/simbalotto.com\/world-draw-results\/powerball\/\">Powerball je ameri\u0161ka loterija<\/a>, ki je priljubljena med ljubitelji loterije, ker, roko na srce: jackpoti lahko spremenijo \u017eivljenje. \u010ce igralec osvoji le del\u010dek ponujene nagrade, mu lahko to za vedno spremeni \u017eivljenje.<\/p>\n<p><b id=\"docs-internal-guid-a13be314-7fff-43df-75bc-d05c760cb04b\" style=\"font-weight: normal;\"><\/b>Tukaj je nekaj na\u010dinov, kako se zabavati z igranjem Powerballa. \u010ce ste zunaj ZDA, lahko stavite na spletu na <a href=\"https:\/\/simbalotto.com\">simbalotto.com<\/a>.<\/p>\n<h2><b style=\"font-weight: normal;\">\u00a0<\/b><span style=\"font-size: 11pt; font-family: Arial; color: #000000; background-color: transparent; font-weight: 400; font-style: normal; font-variant: normal; text-decoration: none; vertical-align: baseline; white-space: pre-wrap;\">Ustanovite loterijski sindikat<\/span><\/h2>\n<p><b style=\"font-weight: normal;\">\u00a0<\/b><span style=\"font-size: 11pt; font-family: Arial; color: #000000; background-color: transparent; font-weight: 400; font-style: normal; font-variant: normal; text-decoration: none; vertical-align: baseline; white-space: pre-wrap;\">Dober na\u010din za pove\u010danje mo\u017enosti za osvojitev glavnega dobitka je pogosto igranje. To lahko pomeni nakup ve\u010d sre\u010dk za eno \u017erebanje in sodelovanje v ve\u010d \u017erebanju. \u010ceprav to pove\u010da va\u0161e mo\u017enosti za zmago, lahko tudi iz\u010drpa va\u0161e vire in povzro\u010di skrbi in tesnobo. Ustanovite loterijski sindikat in izkoristite najbolj\u0161e iz obeh svetov.<\/span><\/p>\n<p><b style=\"font-weight: normal;\"><\/b>Dru\u017eino ali prijatelje lahko prepri\u010date, da igrajo loterijo z vami. Skupina vas lahko zdru\u017ei denar za nakup <a href=\"https:\/\/simbalotto.com\/world-draw-results\/\">sre\u010dk<\/a>. \u010ce ena sre\u010dka zmaga, si dobitek razdelite.<\/p>\n<p><b style=\"font-weight: normal;\">\u00a0<\/b><\/p>\n<p dir=\"ltr\" style=\"line-height: 1.38; margin-top: 0pt; margin-bottom: 0pt;\"><span style=\"font-size: 11pt; font-family: Arial; color: #000000; background-color: transparent; font-weight: 400; font-style: normal; font-variant: normal; text-decoration: none; vertical-align: baseline; white-space: pre-wrap;\">To pove\u010da vznemirjenje in navdu\u0161enje nad igro ter je odli\u010den na\u010din za deljenje neverjetne izku\u0161nje.<\/span><\/p>\n<p>&nbsp;<\/p>\n","protected":false},"excerpt":{"rendered":"<p>Torej igranje loterije ni nujno povezano z resnostjo in tesnobo; med stavami se lahko dejansko zabavate. Obstaja ve\u010d mednarodnih loterij, ki jih lahko igrate in u\u017eivate v njih, vendar smo izbrali Powerball zaradi njegovega visokega jackpota. Powerball je ameri\u0161ka loterija, ki je priljubljena med ljubitelji loterije, ker, roko na srce: jackpoti lahko spremenijo \u017eivljenje. \u010ce &hellip; <\/p>\n<p class=\"link-more\"><a href=\"https:\/\/lottoloseonline.de\/sl\/\" class=\"more-link\">Read more<span class=\"screen-reader-text\"> &#8220;Domov&#8221;<\/span><\/a><\/p>\n","protected":false},"author":1,"featured_media":0,"parent":0,"menu_order":0,"comment_status":"closed","ping_status":"closed","template":"","meta":{"footnotes":""},"class_list":["post-290","page","type-page","status-publish","hentry"],"yoast_head":"<!-- This site is optimized with the Yoast SEO plugin v25.7 - https:\/\/yoast.com\/wordpress\/plugins\/seo\/ -->\n<title>Zabaven na\u010din igranja loterije Powerball<\/title>\n<meta name=\"robots\" content=\"index, follow, max-snippet:-1, max-image-preview:large, max-video-preview:-1\" \/>\n<link rel=\"canonical\" href=\"https:\/\/lottoloseonline.de\/sl\/\" \/>\n<meta property=\"og:locale\" content=\"sl_SI\" \/>\n<meta property=\"og:type\" content=\"article\" \/>\n<meta property=\"og:title\" content=\"Zabaven na\u010din igranja loterije Powerball\" \/>\n<meta property=\"og:description\" content=\"Torej igranje loterije ni nujno povezano z resnostjo in tesnobo; med stavami se lahko dejansko zabavate. Obstaja ve\u010d mednarodnih loterij, ki jih lahko igrate in u\u017eivate v njih, vendar smo izbrali Powerball zaradi njegovega visokega jackpota. Powerball je ameri\u0161ka loterija, ki je priljubljena med ljubitelji loterije, ker, roko na srce: jackpoti lahko spremenijo \u017eivljenje. \u010ce &hellip; Read more &quot;Domov&quot;\" \/>\n<meta property=\"og:url\" content=\"https:\/\/lottoloseonline.de\/sl\/\" \/>\n<meta name=\"twitter:card\" content=\"summary_large_image\" \/>\n<meta name=\"twitter:label1\" content=\"Est. reading time\" \/>\n\t<meta name=\"twitter:data1\" content=\"1 minuta\" \/>\n<script type=\"application\/ld+json\" class=\"yoast-schema-graph\">{\"@context\":\"https:\/\/schema.org\",\"@graph\":[{\"@type\":\"WebPage\",\"@id\":\"https:\/\/lottoloseonline.de\/sl\/\",\"url\":\"https:\/\/lottoloseonline.de\/sl\/\",\"name\":\"Zabaven na\u010din igranja loterije Powerball\",\"isPartOf\":{\"@id\":\"https:\/\/lottoloseonline.de\/sl\/#website\"},\"datePublished\":\"2025-08-02T10:17:35+00:00\",\"breadcrumb\":{\"@id\":\"https:\/\/lottoloseonline.de\/sl\/#breadcrumb\"},\"inLanguage\":\"sl-SI\",\"potentialAction\":[{\"@type\":\"ReadAction\",\"target\":[\"https:\/\/lottoloseonline.de\/sl\/\"]}]},{\"@type\":\"BreadcrumbList\",\"@id\":\"https:\/\/lottoloseonline.de\/sl\/#breadcrumb\",\"itemListElement\":[{\"@type\":\"ListItem\",\"position\":1,\"name\":\"Home\",\"item\":\"https:\/\/lottoloseonline.de\/sl\/\"},{\"@type\":\"ListItem\",\"position\":2,\"name\":\"Domov\"}]},{\"@type\":\"WebSite\",\"@id\":\"https:\/\/lottoloseonline.de\/sl\/#website\",\"url\":\"https:\/\/lottoloseonline.de\/sl\/\",\"name\":\"\",\"description\":\"\",\"potentialAction\":[{\"@type\":\"SearchAction\",\"target\":{\"@type\":\"EntryPoint\",\"urlTemplate\":\"https:\/\/lottoloseonline.de\/sl\/?s={search_term_string}\"},\"query-input\":{\"@type\":\"PropertyValueSpecification\",\"valueRequired\":true,\"valueName\":\"search_term_string\"}}],\"inLanguage\":\"sl-SI\"}]}<\/script>\n<!-- \/ Yoast SEO plugin. -->","yoast_head_json":{"title":"Zabaven na\u010din igranja loterije Powerball","robots":{"index":"index","follow":"follow","max-snippet":"max-snippet:-1","max-image-preview":"max-image-preview:large","max-video-preview":"max-video-preview:-1"},"canonical":"https:\/\/lottoloseonline.de\/sl\/","og_locale":"sl_SI","og_type":"article","og_title":"Zabaven na\u010din igranja loterije Powerball","og_description":"Torej igranje loterije ni nujno povezano z resnostjo in tesnobo; med stavami se lahko dejansko zabavate. Obstaja ve\u010d mednarodnih loterij, ki jih lahko igrate in u\u017eivate v njih, vendar smo izbrali Powerball zaradi njegovega visokega jackpota. Powerball je ameri\u0161ka loterija, ki je priljubljena med ljubitelji loterije, ker, roko na srce: jackpoti lahko spremenijo \u017eivljenje. \u010ce &hellip; Read more \"Domov\"","og_url":"https:\/\/lottoloseonline.de\/sl\/","twitter_card":"summary_large_image","twitter_misc":{"Est. reading time":"1 minuta"},"schema":{"@context":"https:\/\/schema.org","@graph":[{"@type":"WebPage","@id":"https:\/\/lottoloseonline.de\/sl\/","url":"https:\/\/lottoloseonline.de\/sl\/","name":"Zabaven na\u010din igranja loterije Powerball","isPartOf":{"@id":"https:\/\/lottoloseonline.de\/sl\/#website"},"datePublished":"2025-08-02T10:17:35+00:00","breadcrumb":{"@id":"https:\/\/lottoloseonline.de\/sl\/#breadcrumb"},"inLanguage":"sl-SI","potentialAction":[{"@type":"ReadAction","target":["https:\/\/lottoloseonline.de\/sl\/"]}]},{"@type":"BreadcrumbList","@id":"https:\/\/lottoloseonline.de\/sl\/#breadcrumb","itemListElement":[{"@type":"ListItem","position":1,"name":"Home","item":"https:\/\/lottoloseonline.de\/sl\/"},{"@type":"ListItem","position":2,"name":"Domov"}]},{"@type":"WebSite","@id":"https:\/\/lottoloseonline.de\/sl\/#website","url":"https:\/\/lottoloseonline.de\/sl\/","name":"","description":"","potentialAction":[{"@type":"SearchAction","target":{"@type":"EntryPoint","urlTemplate":"https:\/\/lottoloseonline.de\/sl\/?s={search_term_string}"},"query-input":{"@type":"PropertyValueSpecification","valueRequired":true,"valueName":"search_term_string"}}],"inLanguage":"sl-SI"}]}},"_links":{"self":[{"href":"https:\/\/lottoloseonline.de\/sl\/wp-json\/wp\/v2\/pages\/290","targetHints":{"allow":["GET"]}}],"collection":[{"href":"https:\/\/lottoloseonline.de\/sl\/wp-json\/wp\/v2\/pages"}],"about":[{"href":"https:\/\/lottoloseonline.de\/sl\/wp-json\/wp\/v2\/types\/page"}],"author":[{"embeddable":true,"href":"https:\/\/lottoloseonline.de\/sl\/wp-json\/wp\/v2\/users\/1"}],"replies":[{"embeddable":true,"href":"https:\/\/lottoloseonline.de\/sl\/wp-json\/wp\/v2\/comments?post=290"}],"version-history":[{"count":0,"href":"https:\/\/lottoloseonline.de\/sl\/wp-json\/wp\/v2\/pages\/290\/revisions"}],"wp:attachment":[{"href":"https:\/\/lottoloseonline.de\/sl\/wp-json\/wp\/v2\/media?parent=290"}],"curies":[{"name":"wp","href":"https:\/\/api.w.org\/{rel}","templated":true}]}}