{"id":279,"date":"2025-08-02T10:17:35","date_gmt":"2025-08-02T10:17:35","guid":{"rendered":"https:\/\/lottoloseonline.de\/hem\/"},"modified":"2025-08-02T10:17:35","modified_gmt":"2025-08-02T10:17:35","slug":"hem","status":"publish","type":"page","link":"https:\/\/lottoloseonline.de\/sv\/","title":{"rendered":"Hem"},"content":{"rendered":"<p dir=\"ltr\" style=\"line-height: 1.38; margin-top: 0pt; margin-bottom: 0pt;\">S\u00e5 att spela lotto beh\u00f6ver inte vara f\u00f6rknippat med allvar och \u00e5ngest; du kan faktiskt ha kul medan du spelar. Det finns flera internationella lotterier du kan spela och njuta av, men vi v\u00e4ljer Powerball p\u00e5 grund av dess h\u00f6ga jackpott. <a href=\"https:\/\/simbalotto.com\/world-draw-results\/powerball\/\">Powerball \u00e4r ett amerikanskt lotteri<\/a> som \u00e4r popul\u00e4rt bland lotterifans eftersom, l\u00e5t oss inse det: Jackpottarna kan vara livsf\u00f6r\u00e4ndrande. Om en spelare vinner bara en br\u00e5kdel av det erbjudna priset kan det f\u00f6r\u00e4ndra deras liv f\u00f6r alltid.<\/p>\n<p><b id=\"docs-internal-guid-a13be314-7fff-43df-75bc-d05c760cb04b\" style=\"font-weight: normal;\">\u00a0<\/b>H\u00e4r \u00e4r n\u00e5gra s\u00e4tt att ha kul n\u00e4r du spelar Powerball. Och om du befinner dig utanf\u00f6r USA kan du l\u00e4gga dina spel online p\u00e5 <a href=\"https:\/\/simbalotto.com\">simbalotto.com<\/a>. <\/p>\n<h2><b style=\"font-weight: normal;\">\u00a0<\/b><span style=\"font-size: 11pt; font-family: Arial; color: #000000; background-color: transparent; font-weight: 400; font-style: normal; font-variant: normal; text-decoration: none; vertical-align: baseline; white-space: pre-wrap;\">Bilda ett lotterisyndikat<\/span><\/h2>\n<p><b style=\"font-weight: normal;\">\u00a0<\/b><span style=\"font-size: 11pt; font-family: Arial; color: #000000; background-color: transparent; font-weight: 400; font-style: normal; font-variant: normal; text-decoration: none; vertical-align: baseline; white-space: pre-wrap;\">Ett bra s\u00e4tt att \u00f6ka dina chanser att vinna jackpotten \u00e4r att spela ofta. Det kan inneb\u00e4ra att k\u00f6pa flera lotter till en dragning och delta i flera dragningar. \u00c4ven om detta \u00f6kar dina chanser att vinna, kan det ocks\u00e5 t\u00f6mma dina resurser och leda till oro och \u00e5ngest. Bilda ett lotterisyndikat och f\u00e5 det b\u00e4sta av tv\u00e5 v\u00e4rldar.<\/span><\/p>\n<p><b style=\"font-weight: normal;\"><\/b>Du kan \u00f6vertala din familj eller dina v\u00e4nner att spela p\u00e5 lotto med dig. En grupp av er kan sl\u00e5 ihop pengar f\u00f6r att k\u00f6pa <a href=\"https:\/\/simbalotto.com\/world-draw-results\/\">biljetter<\/a>. Om en biljett vinner delar ni vinsten.<\/p>\n<p><b style=\"font-weight: normal;\">\u00a0<\/b><\/p>\n<p dir=\"ltr\" style=\"line-height: 1.38; margin-top: 0pt; margin-bottom: 0pt;\"><span style=\"font-size: 11pt; font-family: Arial; color: #000000; background-color: transparent; font-weight: 400; font-style: normal; font-variant: normal; text-decoration: none; vertical-align: baseline; white-space: pre-wrap;\">Detta \u00f6kar sp\u00e4nningen i spelet och \u00e4r ett utm\u00e4rkt s\u00e4tt att dela en otrolig upplevelse.<\/span><\/p>\n","protected":false},"excerpt":{"rendered":"<p>S\u00e5 att spela lotto beh\u00f6ver inte vara f\u00f6rknippat med allvar och \u00e5ngest; du kan faktiskt ha kul medan du spelar. Det finns flera internationella lotterier du kan spela och njuta av, men vi v\u00e4ljer Powerball p\u00e5 grund av dess h\u00f6ga jackpott. Powerball \u00e4r ett amerikanskt lotteri som \u00e4r popul\u00e4rt bland lotterifans eftersom, l\u00e5t oss inse &hellip; <\/p>\n<p class=\"link-more\"><a href=\"https:\/\/lottoloseonline.de\/sv\/\" class=\"more-link\">L\u00e4s mer<span class=\"screen-reader-text\"> \u201dHem\u201d<\/span><\/a><\/p>\n","protected":false},"author":1,"featured_media":0,"parent":0,"menu_order":0,"comment_status":"closed","ping_status":"closed","template":"","meta":{"footnotes":""},"class_list":["post-279","page","type-page","status-publish","hentry"],"yoast_head":"<!-- This site is optimized with the Yoast SEO plugin v25.7 - https:\/\/yoast.com\/wordpress\/plugins\/seo\/ -->\n<title>Ett roligt s\u00e4tt att spela Powerball-lotteriet<\/title>\n<meta name=\"robots\" content=\"index, follow, max-snippet:-1, max-image-preview:large, max-video-preview:-1\" \/>\n<link rel=\"canonical\" href=\"https:\/\/lottoloseonline.de\/sv\/\" \/>\n<meta property=\"og:locale\" content=\"sv_SE\" \/>\n<meta property=\"og:type\" content=\"article\" \/>\n<meta property=\"og:title\" content=\"Ett roligt s\u00e4tt att spela Powerball-lotteriet\" \/>\n<meta property=\"og:description\" content=\"S\u00e5 att spela lotto beh\u00f6ver inte vara f\u00f6rknippat med allvar och \u00e5ngest; du kan faktiskt ha kul medan du spelar. Det finns flera internationella lotterier du kan spela och njuta av, men vi v\u00e4ljer Powerball p\u00e5 grund av dess h\u00f6ga jackpott. Powerball \u00e4r ett amerikanskt lotteri som \u00e4r popul\u00e4rt bland lotterifans eftersom, l\u00e5t oss inse &hellip; L\u00e4s mer \u201dHem\u201d\" \/>\n<meta property=\"og:url\" content=\"https:\/\/lottoloseonline.de\/sv\/\" \/>\n<meta name=\"twitter:card\" content=\"summary_large_image\" \/>\n<meta name=\"twitter:label1\" content=\"Ber\u00e4knad l\u00e4stid\" \/>\n\t<meta name=\"twitter:data1\" content=\"1 minut\" \/>\n<script type=\"application\/ld+json\" class=\"yoast-schema-graph\">{\"@context\":\"https:\/\/schema.org\",\"@graph\":[{\"@type\":\"WebPage\",\"@id\":\"https:\/\/lottoloseonline.de\/sv\/\",\"url\":\"https:\/\/lottoloseonline.de\/sv\/\",\"name\":\"Ett roligt s\u00e4tt att spela Powerball-lotteriet\",\"isPartOf\":{\"@id\":\"https:\/\/lottoloseonline.de\/sv\/#website\"},\"datePublished\":\"2025-08-02T10:17:35+00:00\",\"breadcrumb\":{\"@id\":\"https:\/\/lottoloseonline.de\/sv\/#breadcrumb\"},\"inLanguage\":\"sv-SE\",\"potentialAction\":[{\"@type\":\"ReadAction\",\"target\":[\"https:\/\/lottoloseonline.de\/sv\/\"]}]},{\"@type\":\"BreadcrumbList\",\"@id\":\"https:\/\/lottoloseonline.de\/sv\/#breadcrumb\",\"itemListElement\":[{\"@type\":\"ListItem\",\"position\":1,\"name\":\"Home\",\"item\":\"https:\/\/lottoloseonline.de\/sv\/\"},{\"@type\":\"ListItem\",\"position\":2,\"name\":\"Hem\"}]},{\"@type\":\"WebSite\",\"@id\":\"https:\/\/lottoloseonline.de\/sv\/#website\",\"url\":\"https:\/\/lottoloseonline.de\/sv\/\",\"name\":\"\",\"description\":\"\",\"potentialAction\":[{\"@type\":\"SearchAction\",\"target\":{\"@type\":\"EntryPoint\",\"urlTemplate\":\"https:\/\/lottoloseonline.de\/sv\/?s={search_term_string}\"},\"query-input\":{\"@type\":\"PropertyValueSpecification\",\"valueRequired\":true,\"valueName\":\"search_term_string\"}}],\"inLanguage\":\"sv-SE\"}]}<\/script>\n<!-- \/ Yoast SEO plugin. -->","yoast_head_json":{"title":"Ett roligt s\u00e4tt att spela Powerball-lotteriet","robots":{"index":"index","follow":"follow","max-snippet":"max-snippet:-1","max-image-preview":"max-image-preview:large","max-video-preview":"max-video-preview:-1"},"canonical":"https:\/\/lottoloseonline.de\/sv\/","og_locale":"sv_SE","og_type":"article","og_title":"Ett roligt s\u00e4tt att spela Powerball-lotteriet","og_description":"S\u00e5 att spela lotto beh\u00f6ver inte vara f\u00f6rknippat med allvar och \u00e5ngest; du kan faktiskt ha kul medan du spelar. Det finns flera internationella lotterier du kan spela och njuta av, men vi v\u00e4ljer Powerball p\u00e5 grund av dess h\u00f6ga jackpott. Powerball \u00e4r ett amerikanskt lotteri som \u00e4r popul\u00e4rt bland lotterifans eftersom, l\u00e5t oss inse &hellip; L\u00e4s mer \u201dHem\u201d","og_url":"https:\/\/lottoloseonline.de\/sv\/","twitter_card":"summary_large_image","twitter_misc":{"Ber\u00e4knad l\u00e4stid":"1 minut"},"schema":{"@context":"https:\/\/schema.org","@graph":[{"@type":"WebPage","@id":"https:\/\/lottoloseonline.de\/sv\/","url":"https:\/\/lottoloseonline.de\/sv\/","name":"Ett roligt s\u00e4tt att spela Powerball-lotteriet","isPartOf":{"@id":"https:\/\/lottoloseonline.de\/sv\/#website"},"datePublished":"2025-08-02T10:17:35+00:00","breadcrumb":{"@id":"https:\/\/lottoloseonline.de\/sv\/#breadcrumb"},"inLanguage":"sv-SE","potentialAction":[{"@type":"ReadAction","target":["https:\/\/lottoloseonline.de\/sv\/"]}]},{"@type":"BreadcrumbList","@id":"https:\/\/lottoloseonline.de\/sv\/#breadcrumb","itemListElement":[{"@type":"ListItem","position":1,"name":"Home","item":"https:\/\/lottoloseonline.de\/sv\/"},{"@type":"ListItem","position":2,"name":"Hem"}]},{"@type":"WebSite","@id":"https:\/\/lottoloseonline.de\/sv\/#website","url":"https:\/\/lottoloseonline.de\/sv\/","name":"","description":"","potentialAction":[{"@type":"SearchAction","target":{"@type":"EntryPoint","urlTemplate":"https:\/\/lottoloseonline.de\/sv\/?s={search_term_string}"},"query-input":{"@type":"PropertyValueSpecification","valueRequired":true,"valueName":"search_term_string"}}],"inLanguage":"sv-SE"}]}},"_links":{"self":[{"href":"https:\/\/lottoloseonline.de\/sv\/wp-json\/wp\/v2\/pages\/279","targetHints":{"allow":["GET"]}}],"collection":[{"href":"https:\/\/lottoloseonline.de\/sv\/wp-json\/wp\/v2\/pages"}],"about":[{"href":"https:\/\/lottoloseonline.de\/sv\/wp-json\/wp\/v2\/types\/page"}],"author":[{"embeddable":true,"href":"https:\/\/lottoloseonline.de\/sv\/wp-json\/wp\/v2\/users\/1"}],"replies":[{"embeddable":true,"href":"https:\/\/lottoloseonline.de\/sv\/wp-json\/wp\/v2\/comments?post=279"}],"version-history":[{"count":0,"href":"https:\/\/lottoloseonline.de\/sv\/wp-json\/wp\/v2\/pages\/279\/revisions"}],"wp:attachment":[{"href":"https:\/\/lottoloseonline.de\/sv\/wp-json\/wp\/v2\/media?parent=279"}],"curies":[{"name":"wp","href":"https:\/\/api.w.org\/{rel}","templated":true}]}}