{"id":278,"date":"2025-08-02T10:17:35","date_gmt":"2025-08-02T10:17:35","guid":{"rendered":"https:\/\/lottoloseonline.de\/ev\/"},"modified":"2025-08-02T10:17:35","modified_gmt":"2025-08-02T10:17:35","slug":"ev","status":"publish","type":"page","link":"https:\/\/lottoloseonline.de\/tr\/","title":{"rendered":"Ev"},"content":{"rendered":"<p dir=\"ltr\" style=\"line-height: 1.38; margin-top: 0pt; margin-bottom: 0pt;\">Yani piyango oynamak ciddiyet ve kayg\u0131yla ili\u015fkilendirilmek zorunda de\u011fil; bahis oynarken ger\u00e7ekten e\u011flenebilirsiniz. Oynay\u0131p keyif alabilece\u011finiz bir\u00e7ok uluslararas\u0131 piyango var, ancak biz y\u00fcksek ikramiyesi nedeniyle Powerball&#8217;u se\u00e7tik. <a href=\"https:\/\/simbalotto.com\/world-draw-results\/powerball\/\">Powerball, piyango hayranlar\u0131 aras\u0131nda pop\u00fcler olan bir ABD piyangosudur<\/a> \u00e7\u00fcnk\u00fc kabul edelim: \u0130kramiyeler hayat\u0131n\u0131z\u0131 de\u011fi\u015ftirebilir. Bir oyuncu teklif edilen \u00f6d\u00fcl\u00fcn sadece k\u00fc\u00e7\u00fck bir k\u0131sm\u0131n\u0131 kazansa bile, bu onun hayat\u0131n\u0131 sonsuza dek de\u011fi\u015ftirebilir.<\/p>\n<p><b id=\"docs-internal-guid-a13be314-7fff-43df-75bc-d05c760cb04b\" style=\"font-weight: normal;\">\u00a0<\/b>\u0130\u015fte Powerball oynayarak e\u011flenmenin baz\u0131 yollar\u0131. ABD d\u0131\u015f\u0131ndaysan\u0131z, bahislerinizi <a href=\"https:\/\/simbalotto.com\">simbalotto.com<\/a> adresinden \u00e7evrimi\u00e7i olarak yapabilirsiniz.<\/p>\n<h2><b style=\"font-weight: normal;\">\u00a0<\/b><span style=\"font-size: 11pt; font-family: Arial; color: #000000; background-color: transparent; font-weight: 400; font-style: normal; font-variant: normal; text-decoration: none; vertical-align: baseline; white-space: pre-wrap;\">Bir piyango sendikas\u0131 olu\u015fturun<\/span><\/h2>\n<p><b style=\"font-weight: normal;\">\u00a0<\/b><span style=\"font-size: 11pt; font-family: Arial; color: #000000; background-color: transparent; font-weight: 400; font-style: normal; font-variant: normal; text-decoration: none; vertical-align: baseline; white-space: pre-wrap;\">B\u00fcy\u00fck ikramiyeyi kazanma \u015fans\u0131n\u0131z\u0131 art\u0131rman\u0131n iyi bir yolu s\u0131k s\u0131k oynamakt\u0131r. Bu, tek bir \u00e7ekili\u015f i\u00e7in birden fazla bilet sat\u0131n almak ve birden fazla \u00e7ekili\u015fe kat\u0131lmak anlam\u0131na gelebilir. Bu, kazanma \u015fans\u0131n\u0131z\u0131 art\u0131r\u0131rken ayn\u0131 zamanda kaynaklar\u0131n\u0131z\u0131 t\u00fcketebilir ve endi\u015fe ve kayg\u0131ya yol a\u00e7abilir. Bir piyango sendikas\u0131 kurun ve her iki d\u00fcnyan\u0131n da en iyisini elde edin.<\/span><\/p>\n<p><b style=\"font-weight: normal;\">\u00a0<\/b>Ailenizi veya arkada\u015flar\u0131n\u0131z\u0131 sizinle piyango oynamaya ikna edebilirsiniz. Bir grup olarak <a href=\"https:\/\/simbalotto.com\/world-draw-results\/\">bilet<\/a> sat\u0131n almak i\u00e7in para toplayabilirsiniz. Bir bilet kazan\u0131rsa, kazanc\u0131 payla\u015f\u0131rs\u0131n\u0131z.<\/p>\n<p><b style=\"font-weight: normal;\">\u00a0<\/b><\/p>\n<p dir=\"ltr\" style=\"line-height: 1.38; margin-top: 0pt; margin-bottom: 0pt;\"><span style=\"font-size: 11pt; font-family: Arial; color: #000000; background-color: transparent; font-weight: 400; font-style: normal; font-variant: normal; text-decoration: none; vertical-align: baseline; white-space: pre-wrap;\">Bu, oyunun heyecan\u0131n\u0131 ve co\u015fkusunu art\u0131r\u0131r ve inan\u0131lmaz bir deneyimi payla\u015fman\u0131n harika bir yoludur.<\/span><\/p>\n<p>&nbsp;<\/p>\n","protected":false},"excerpt":{"rendered":"<p>Yani piyango oynamak ciddiyet ve kayg\u0131yla ili\u015fkilendirilmek zorunda de\u011fil; bahis oynarken ger\u00e7ekten e\u011flenebilirsiniz. Oynay\u0131p keyif alabilece\u011finiz bir\u00e7ok uluslararas\u0131 piyango var, ancak biz y\u00fcksek ikramiyesi nedeniyle Powerball&#8217;u se\u00e7tik. Powerball, piyango hayranlar\u0131 aras\u0131nda pop\u00fcler olan bir ABD piyangosudur \u00e7\u00fcnk\u00fc kabul edelim: \u0130kramiyeler hayat\u0131n\u0131z\u0131 de\u011fi\u015ftirebilir. Bir oyuncu teklif edilen \u00f6d\u00fcl\u00fcn sadece k\u00fc\u00e7\u00fck bir k\u0131sm\u0131n\u0131 kazansa bile, bu onun &hellip; <\/p>\n<p class=\"link-more\"><a href=\"https:\/\/lottoloseonline.de\/tr\/\" class=\"more-link\"><span class=\"screen-reader-text\"> &#8220;Ev&#8221;<\/span>devam\u0131n\u0131 oku<\/a><\/p>\n","protected":false},"author":1,"featured_media":0,"parent":0,"menu_order":0,"comment_status":"closed","ping_status":"closed","template":"","meta":{"footnotes":""},"class_list":["post-278","page","type-page","status-publish","hentry"],"yoast_head":"<!-- This site is optimized with the Yoast SEO plugin v25.7 - https:\/\/yoast.com\/wordpress\/plugins\/seo\/ -->\n<title>Powerball piyangosu oynaman\u0131n e\u011flenceli bir yolu<\/title>\n<meta name=\"robots\" content=\"index, follow, max-snippet:-1, max-image-preview:large, max-video-preview:-1\" \/>\n<link rel=\"canonical\" href=\"https:\/\/lottoloseonline.de\/tr\/\" \/>\n<meta property=\"og:locale\" content=\"tr_TR\" \/>\n<meta property=\"og:type\" content=\"article\" \/>\n<meta property=\"og:title\" content=\"Powerball piyangosu oynaman\u0131n e\u011flenceli bir yolu\" \/>\n<meta property=\"og:description\" content=\"Yani piyango oynamak ciddiyet ve kayg\u0131yla ili\u015fkilendirilmek zorunda de\u011fil; bahis oynarken ger\u00e7ekten e\u011flenebilirsiniz. Oynay\u0131p keyif alabilece\u011finiz bir\u00e7ok uluslararas\u0131 piyango var, ancak biz y\u00fcksek ikramiyesi nedeniyle Powerball&#8217;u se\u00e7tik. Powerball, piyango hayranlar\u0131 aras\u0131nda pop\u00fcler olan bir ABD piyangosudur \u00e7\u00fcnk\u00fc kabul edelim: \u0130kramiyeler hayat\u0131n\u0131z\u0131 de\u011fi\u015ftirebilir. Bir oyuncu teklif edilen \u00f6d\u00fcl\u00fcn sadece k\u00fc\u00e7\u00fck bir k\u0131sm\u0131n\u0131 kazansa bile, bu onun &hellip; &quot;Ev&quot;devam\u0131n\u0131 oku\" \/>\n<meta property=\"og:url\" content=\"https:\/\/lottoloseonline.de\/tr\/\" \/>\n<meta name=\"twitter:card\" content=\"summary_large_image\" \/>\n<meta name=\"twitter:label1\" content=\"Tahmini okuma s\u00fcresi\" \/>\n\t<meta name=\"twitter:data1\" content=\"1 dakika\" \/>\n<script type=\"application\/ld+json\" class=\"yoast-schema-graph\">{\"@context\":\"https:\/\/schema.org\",\"@graph\":[{\"@type\":\"WebPage\",\"@id\":\"https:\/\/lottoloseonline.de\/tr\/\",\"url\":\"https:\/\/lottoloseonline.de\/tr\/\",\"name\":\"Powerball piyangosu oynaman\u0131n e\u011flenceli bir yolu\",\"isPartOf\":{\"@id\":\"https:\/\/lottoloseonline.de\/tr\/#website\"},\"datePublished\":\"2025-08-02T10:17:35+00:00\",\"breadcrumb\":{\"@id\":\"https:\/\/lottoloseonline.de\/tr\/#breadcrumb\"},\"inLanguage\":\"tr\",\"potentialAction\":[{\"@type\":\"ReadAction\",\"target\":[\"https:\/\/lottoloseonline.de\/tr\/\"]}]},{\"@type\":\"BreadcrumbList\",\"@id\":\"https:\/\/lottoloseonline.de\/tr\/#breadcrumb\",\"itemListElement\":[{\"@type\":\"ListItem\",\"position\":1,\"name\":\"Home\",\"item\":\"https:\/\/lottoloseonline.de\/tr\/\"},{\"@type\":\"ListItem\",\"position\":2,\"name\":\"Ev\"}]},{\"@type\":\"WebSite\",\"@id\":\"https:\/\/lottoloseonline.de\/tr\/#website\",\"url\":\"https:\/\/lottoloseonline.de\/tr\/\",\"name\":\"\",\"description\":\"\",\"potentialAction\":[{\"@type\":\"SearchAction\",\"target\":{\"@type\":\"EntryPoint\",\"urlTemplate\":\"https:\/\/lottoloseonline.de\/tr\/?s={search_term_string}\"},\"query-input\":{\"@type\":\"PropertyValueSpecification\",\"valueRequired\":true,\"valueName\":\"search_term_string\"}}],\"inLanguage\":\"tr\"}]}<\/script>\n<!-- \/ Yoast SEO plugin. -->","yoast_head_json":{"title":"Powerball piyangosu oynaman\u0131n e\u011flenceli bir yolu","robots":{"index":"index","follow":"follow","max-snippet":"max-snippet:-1","max-image-preview":"max-image-preview:large","max-video-preview":"max-video-preview:-1"},"canonical":"https:\/\/lottoloseonline.de\/tr\/","og_locale":"tr_TR","og_type":"article","og_title":"Powerball piyangosu oynaman\u0131n e\u011flenceli bir yolu","og_description":"Yani piyango oynamak ciddiyet ve kayg\u0131yla ili\u015fkilendirilmek zorunda de\u011fil; bahis oynarken ger\u00e7ekten e\u011flenebilirsiniz. Oynay\u0131p keyif alabilece\u011finiz bir\u00e7ok uluslararas\u0131 piyango var, ancak biz y\u00fcksek ikramiyesi nedeniyle Powerball&#8217;u se\u00e7tik. Powerball, piyango hayranlar\u0131 aras\u0131nda pop\u00fcler olan bir ABD piyangosudur \u00e7\u00fcnk\u00fc kabul edelim: \u0130kramiyeler hayat\u0131n\u0131z\u0131 de\u011fi\u015ftirebilir. Bir oyuncu teklif edilen \u00f6d\u00fcl\u00fcn sadece k\u00fc\u00e7\u00fck bir k\u0131sm\u0131n\u0131 kazansa bile, bu onun &hellip; \"Ev\"devam\u0131n\u0131 oku","og_url":"https:\/\/lottoloseonline.de\/tr\/","twitter_card":"summary_large_image","twitter_misc":{"Tahmini okuma s\u00fcresi":"1 dakika"},"schema":{"@context":"https:\/\/schema.org","@graph":[{"@type":"WebPage","@id":"https:\/\/lottoloseonline.de\/tr\/","url":"https:\/\/lottoloseonline.de\/tr\/","name":"Powerball piyangosu oynaman\u0131n e\u011flenceli bir yolu","isPartOf":{"@id":"https:\/\/lottoloseonline.de\/tr\/#website"},"datePublished":"2025-08-02T10:17:35+00:00","breadcrumb":{"@id":"https:\/\/lottoloseonline.de\/tr\/#breadcrumb"},"inLanguage":"tr","potentialAction":[{"@type":"ReadAction","target":["https:\/\/lottoloseonline.de\/tr\/"]}]},{"@type":"BreadcrumbList","@id":"https:\/\/lottoloseonline.de\/tr\/#breadcrumb","itemListElement":[{"@type":"ListItem","position":1,"name":"Home","item":"https:\/\/lottoloseonline.de\/tr\/"},{"@type":"ListItem","position":2,"name":"Ev"}]},{"@type":"WebSite","@id":"https:\/\/lottoloseonline.de\/tr\/#website","url":"https:\/\/lottoloseonline.de\/tr\/","name":"","description":"","potentialAction":[{"@type":"SearchAction","target":{"@type":"EntryPoint","urlTemplate":"https:\/\/lottoloseonline.de\/tr\/?s={search_term_string}"},"query-input":{"@type":"PropertyValueSpecification","valueRequired":true,"valueName":"search_term_string"}}],"inLanguage":"tr"}]}},"_links":{"self":[{"href":"https:\/\/lottoloseonline.de\/tr\/wp-json\/wp\/v2\/pages\/278","targetHints":{"allow":["GET"]}}],"collection":[{"href":"https:\/\/lottoloseonline.de\/tr\/wp-json\/wp\/v2\/pages"}],"about":[{"href":"https:\/\/lottoloseonline.de\/tr\/wp-json\/wp\/v2\/types\/page"}],"author":[{"embeddable":true,"href":"https:\/\/lottoloseonline.de\/tr\/wp-json\/wp\/v2\/users\/1"}],"replies":[{"embeddable":true,"href":"https:\/\/lottoloseonline.de\/tr\/wp-json\/wp\/v2\/comments?post=278"}],"version-history":[{"count":0,"href":"https:\/\/lottoloseonline.de\/tr\/wp-json\/wp\/v2\/pages\/278\/revisions"}],"wp:attachment":[{"href":"https:\/\/lottoloseonline.de\/tr\/wp-json\/wp\/v2\/media?parent=278"}],"curies":[{"name":"wp","href":"https:\/\/api.w.org\/{rel}","templated":true}]}}